{"id":2280,"date":"2024-05-10T15:23:45","date_gmt":"2024-05-10T15:23:45","guid":{"rendered":"https:\/\/musicaliborgna.com\/?post_type=product&#038;p=2280"},"modified":"2024-05-10T15:23:46","modified_gmt":"2024-05-10T15:23:46","slug":"korg-sv2-73s","status":"publish","type":"product","link":"https:\/\/musicaliborgna.com\/?product=korg-sv2-73s","title":{"rendered":"KORG &#8211; SV2-73S"},"content":{"rendered":"<h1><strong>KORG SV2-73S Piano Stage Vintage<\/strong>,\u00a0<strong>3 sezioni<\/strong>\u00a0Layer\/Split con\u00a0<strong>128 Voci\u00a0<\/strong>di polifonia e\u00a0<strong>64\u00a0<\/strong>locazioni\u00a0<strong>FAVORITES\u00a0<\/strong>per Set personali,\u00a0<strong>72 suoni<\/strong>\u00a0con: piani acustici, elettrici, digitali, Clavinet, organi Tone Wheel ecc. Articolata sezione\u00a0<strong>effetti a modellazione fisica<\/strong>\u00a0ad accesso diretto con: EQ-3 Bande, PRE FX, AMP MODELLING, MODULATION FX, REVERB\/DELAY, LIMITER; e una vera valvola sullo stadio finale. Timbri, effetti e funzioni principali sono accessibili da pannello, mentre un\u00a0<strong>Editor<\/strong>\u00a0gratuito per computer (PC\/Mac) permette la sua configurazione dettagliata.\u00a0<strong>KORG SV2-73S\u00a0<\/strong>\u00e8 dotato di amplificazione interna 15W x 2 e connettivit\u00e0 estesa con: uscite audio<strong>\u00a0bilanciate XLR<\/strong>, sbilanciate TS, ingresso Line per sorgenti esterne, porte MIDI IN\/OUT e USB\/MIDI 2.0, 3 pedali.<\/h1>\n<p><img decoding=\"async\" title=\"KORG SV2-73S offre l'accesso diretto ai suoni e alle funzioni principali in pieno stile Vintage\" src=\"https:\/\/www.algameko.com\/images\/uploads\/KORG-SV2-88S_1200x630_01.jpg\" alt=\"KORG SV2-73S offre l'accesso diretto ai suoni e alle funzioni principali in pieno stile Vintage\" \/><\/p>\n<p><strong>KORG SV2-73S Stage Vintage Piano<\/strong>\u00a0uno strumento\u00a0unico dallo spiccato carattere timbrico e un Design\u00a0inconfondibile.\u00a0Dieci anni fa, KORG lanciava con successo la linea di pianoforti digitali Stage Vintage SV, caratterizzata da soluzioni sempre amate dai musicisti come il pannello comandi esteso, un database sonoro di grande pregio con molti suoni Vintage, unito a un\u2019articolata sezione effetti e un ottimo Keybed.\u00a0Questo Piano digitale Stage \u00e8 ora disponibile in\u00a04 modelli dalle stesse specifiche tecniche e operative: SV2-88 e SV2-73 con Keybed RH3 dall\u2019estensione di 88 e 73 tasti, e due ulteriori modelli SV2-88S\u00a0e\u00a0SV2-73S dotati di un utile ed efficiente sistema di amplificazione interna realizzato dalla nota azienda Italiana K-ARRAY.\u00a0<strong>SV2-73S\u00a0<\/strong>impiega le risorse tecnologiche\u00a0<strong>KORG\u00a0<\/strong>pi\u00f9 avanzate come memoria estesa, ampia articolazione polifonica, molti Preset, possibilit\u00e0 di controllo, e prestazioni avanzate. in definitiva tutto ci\u00f2 che si pu\u00f2 desiderare in un pianoforte digitale Stage professionale.<\/p>\n<p><strong>SV2-73S\u00a0<\/strong>utilizza campionamenti molto accurati e dettagliati grazie ad un&#8217;ampia memoria di sistema dedicata, questi sono organizzati in\u00a0<strong>72 Program<\/strong>, su 3 sezioni, gestibili in\u00a0<strong>Split\u00a0<\/strong>e\u00a0<strong>Layer\u00a0<\/strong>con polifonia (max.) 128 voci. Ogni Program pu\u00f2 utilizzare fino da 3 suoni, come ad esempio: uno Split con Piano e Basso, pi\u00f9 un Layer con degli Strings, il punto di Split pu\u00f2 essere impostato direttamente dal pannello principale, mentre\u00a0<strong>64 locazioni FAVORITE<\/strong>\u00a0consentono di memorizzare e richiamare le proprie impostazioni personali.<\/p>\n<h2><strong>I nuovi suoni di\u00a0SV2-73S<\/strong><\/h2>\n<p>Per i suoni di\u00a0<strong>SV2-73S<\/strong>\u00a0sono stati usati solo strumenti originali in perfette condizioni di funzionamento, campionati con tecniche multi-microfoniche per catturare il maggior numero di sfumature possibili. Sono stati campionati sempre vari livelli dinamici per riprodurre con precisione le variazioni dinamico-timbriche: dal pianissimo (<em>ppp<\/em>) pi\u00f9 delicato, al fortissimo (<em>fff<\/em>) pi\u00f9 incisivo. L\u2019impiego della tecnologia\u00a0<strong>RX\u00a0<\/strong>di KORG ha permesso l\u2019uso anche elementi peculiari di ogni suono come: lo \u201c<em>Slap<\/em>\u201d delle lamelle dei piani elettrici, il rumore del rilascio del tasto nei piani acustici o dei Clavinet, oppure il\u00a0<em>Click\u00a0<\/em>dei contatti dell\u2019organo. L\u2019impiego di questi elementi presenti degli strumenti originali consente di raggiungere risultati ancora pi\u00f9 elevati in termini di realismo, ottenendo suono sempre molto presente e con una collocazione ben precisa in ogni Mix.<\/p>\n<h2><strong>I Pianoforti Acustici\u00a0SV2-73S<\/strong><\/h2>\n<p>Con\u00a0<strong>SV2-73S\u00a0<\/strong>\u00e8 possibile richiamare i suoni di piano a coda dei costruttori pi\u00f9 famosi e rinomati in tutto il mondo: tedeschi, italiani, austriaci e giapponesi. Quando il repertorio musicale lo richiede \u00e8 possibile utilizzare anche i suoni di pianoforti verticali (giapponesi o tedeschi), oppure un vero piano Honky-Tonk o un autentico Tack Piano; completano la serie dei timbri classici di tastiera due splendidi clavicembali, uno francese e uno italiano. La variet\u00e0 e la qualit\u00e0 di questi suoni\u00a0permettono una grande versatilit\u00e0 d&#8217;impiego.<\/p>\n<h2><strong>Gli Altri Timbri di\u00a0SV2-73S<\/strong><\/h2>\n<p><strong>SV2-73S\u00a0<\/strong>possiede molti strumenti classici a tastiera di grande pregio: elettromeccanici, a transistor, a nastro, analogici e digitali; suoni che hanno caratterizzato decenni di musica pop e Rock ancora molto richiesti ed utilizzati. Ci sono praticamente tutti i piani elettrici americani pi\u00f9 rinomati: a lamelle e ad ance, il pi\u00f9 noto ed apprezzato\u00a0<strong>CP Grand<\/strong>\u00a0giapponese, un raro piano elettrico tedesco, il timbro caratteristico del\u00a0<strong>Clavinet\u00a0<\/strong>con tutte le sue impostazioni pi\u00f9 tipiche, e i piani elettronici disponibili nelle pi\u00f9 svariate versioni: analogiche, digitali, VPM, FM e campionate, tra cui l\u2019inconfondibile e popolare piano di<strong>\u00a0KORG M1<\/strong>. Abbiamo poi gli organi, con un\u2019ampia selezione dai\u00a0<strong>Tone Wheel<\/strong>\u00a0pi\u00f9 tipici, al\u00a0<strong>Combo VOX<\/strong>, al tipico organo a transistor italiano anni \u201860, ai valvolari americani, e le sonorit\u00e0 peculiari dell\u2019organo a canne. Non possono mancare in un database cos\u00ec accuratamente strutturato dei suoni d&#8217;Archi: dalla classica\u00a0<strong>Strings Machine<\/strong>\u00a0Vintage analogica degli anni \u201970, alle sonorit\u00e0 pi\u00f9 tipiche della nota tastiera a nastri magnetici, ad una realistica sezione orchestrale;\u00a0<strong>SV2\u00a0<\/strong>dispone inoltre anche di Mallet, Brass, cori, chitarre, bassi, perfino suoni di Lead Synt per assolo o Pads, ideali per essere combinati in Layer o Split.<\/p>\n<p><img decoding=\"async\" title=\"KORG SV-73S offre un'accurata selezione di suoni di tastiere classiche, Vintage e Moderne\" src=\"https:\/\/www.algameko.com\/images\/uploads\/KORG-SV2-88S_1200x630_05.jpg\" alt=\"KORG SV-73S offre un'accurata selezione di suoni di tastiere classiche, Vintage e Moderne\" \/><\/p>\n<h2><strong>Il Controllo del suono su SV-73S<\/strong><\/h2>\n<p>L\u2019interfaccia utente di\u00a0<strong>SV-73S\u00a0<\/strong>\u00e8 semplice e intuitiva allo stesso tempo, nessun display LCD e menu complicati. Il pannello comandi consente di intervenire direttamente tutte le volte che occorre, ruotando semplicemente le manopole o premendo gli interruttori che visualizzano l\u2019attivazione degli effetti o altri parametri. I suoni sono selezionati tramite 2 encoder uno per le famiglie e l\u2019altro per le variazioni, 8 tasti FAVORITE retroilluminati richiamano fino a 64 Preset personalizzati. Il piano\u00a0possiede inoltre una pratica funzione di blocco, che impedisce l\u2019attivazione accidentale di suoni o effetti, possibile magari\u00a0toccando inavvertitamente il pannello durante un\u2019esecuzione; oppure impedire la modifica delle impostazioni a qualcuno non autorizzato.<\/p>\n<h2><strong>Gli Effetti di\u00a0SV-73S<\/strong><\/h2>\n<p>L\u2019articolata sezione effetti aumenta l\u2019efficacia nella simulazione degli strumenti originali.\u00a0<strong>SV-73S\u00a0<\/strong>possiede 6 diversi Step di elaborazione DSP (Digital Signal Processing) del segnale, dove tutti gli effetti sono realizzati con la sofisticata tecnologia KORG a\u00a0<strong>modellazione fisica<\/strong>, in grado di riprodurre accuratamente il carattere timbrico, il comportamento e perfino i difetti dell\u2019effetto originale:<\/p>\n<ul>\n<li><strong>EQUALIZZATORE A 3 BANDE<\/strong>\u00a0(Bassi, Medi e Acuti)<\/li>\n<li><strong>PRE FX<\/strong>\u00a0(Red Compressor, Treble Boost, U-Vibe, Vibrato, Tremolo, VOX Wah)<\/li>\n<li><strong>AMP MODELLING<\/strong>\u00a0(Clean, Twin, Tweed, AC30, Boutique, Organ, oltre a diversi tipi di simulatori di Cabinet e riduttori del rumore)<\/li>\n<li><strong>MODULATION FX<\/strong>\u00a0(Chorus Classico, Black Chorus, Orange Phaser, Small Phaser, Flanger MX, Rotary)<\/li>\n<li><strong>REVERB\/DELAY<\/strong>\u00a0(Room, Plate, Hall, Spring, Tape Echo e Stereo Delay)<\/li>\n<\/ul>\n<p>Tutti gli effetti sono immediati da attivare e da regolare, e agevolano la ricerca di nuove sonorit\u00e0 sia Vintage che moderne. La catena di elaborazione viene infine completata dall\u2019esclusivo circuito valvolare\u00a0<strong>KORG Valve Reactor<\/strong>, che impiega una vera valvola\u00a0<strong>12AX7A,<\/strong>\u00a0in grado di fornire tutto il calore e la timbrica distintiva di questa tecnologia.<\/p>\n<p><img decoding=\"async\" title=\"KORG SV-73S Riproduce fedelmente a modellazione fisica gli effetti pi\u00f9 usati sulle tastiere Vintage\" src=\"https:\/\/www.algameko.com\/images\/uploads\/KORG-SV2-88S_1200x630_02.jpg\" alt=\"KORG SV-73S Riproduce fedelmente a modellazione fisica gli effetti pi\u00f9 usati sulle tastiere Vintage\" \/><\/p>\n<h2><strong>Il Keybed di KORG SV2-73S<\/strong><\/h2>\n<p>Su tutti i modelli della linea\u00a0<strong>SV2 Stage Vintage<\/strong>\u00a0viene utilizzata la rinomata tastiera pesata\u00a0<strong>KORG RH3 Graded-Hammer Action<\/strong>, che riproduce con precisione la meccanica di un piano a coda, compresa la pesatura dei tasti graduata: i martelli sono pi\u00f9 grandi e pesanti nel registro grave e via via pi\u00f9 leggeri spostandosi verso quello acuto. Estremamente sensibile, \u00e8 in grado di restituire fedelmente ogni sfumatura espressiva dell\u2019esecuzione, con\u00a0 8 diverse curve dinamiche che l&#8217;adattano\u00a0alla tecnica\u00a0personale. Sono inoltre presenti 8 diverse curve di accordatura: Grand Piano Stretch, Electric Piano Stretch, Electric Grand, Upright Stretch, Detuned e 2 Curve User, che riproducono le leggere differenze d&#8217;intonazione introdotte dai pi\u00f9 rinomati tecnici accordatori di pianoforti da concerto. L\u2019accordatura generale e la trasposizione di\u00a0<strong>SV2-73S\u00a0<\/strong>possono essere impostate a piacere a seconda delle esigenze, per accompagnare strumenti o cantanti.<\/p>\n<h2><strong>Il Computer\u00a0Editor di\u00a0SV2-73S<\/strong><\/h2>\n<p><strong><img decoding=\"async\" title=\"L'editor su computer di SV-2 73S permette di accedere a tutti i parametri di controllo del piano \" src=\"https:\/\/www.algameko.com\/images\/uploads\/Editor-Screen.png\" alt=\"L'editor su computer di SV-2 73S permette di accedere a tutti i parametri di controllo del piano \" \/><\/strong><\/p>\n<p><strong>SV2-73S<\/strong>\u00a0viene fornito con un computer editor gratuito (disponibile per PC\/Mac) che permette l&#8217;accesso a funzioni non disponibili direttamente sullo strumento, consentendo di intervenire in modo pi\u00f9 dettagliato e agevole sull\u2019editing dei suoni, organizzandoli, catalogandoli, ed archiviandoli in modo personale, permettendo inoltre l\u2019accesso a moltissimi altri timbri non disponibili direttamente sul pannello principale. Questo applicativo infine, semplifica e velocizza le impostazioni dei\u00a0<strong>FAVORITE<\/strong>\u00a0in Split\/Layer ed il loro salvataggio in memoria, consente di caricare librerie sonore aggiuntive rilasciate da KORG, e agevola lo scambio di suoni personali tra vari utenti SV2.<\/p>\n<h2><strong>L&#8217;amplificazione interna di\u00a0SV2-73S<\/strong><\/h2>\n<p><strong>SV2-73S\u00a0<\/strong>possiede\u00a0un sistema d\u2019amplificazione interno che permette di utilizzare e apprezzare lo strumento realmente ovunque. Lo staff KORG ha lavorato a stretto contatto con\u00a0<strong>K- ARRAY<\/strong>\u00a0una delle aziende italiane pi\u00f9 note e rinomate nella produzione di avanzati PA System professionali, per realizzare il sistema di altoparlanti integrato su\u00a0<strong>SV2-73S<\/strong>. Con i suoi\u00a0<strong>15 Watt x 2<\/strong>\u00a0di potenza, 2 altoparlanti da 2.5\u2019\u2019 e un radiatore passivo da 3\u2019\u2019, consente di usare il piano in modo autonomo e in ogni condizione: dal Backstage alla sala prove, dal teatro, alla sala da concerto, oppure in casa.\u00a0<strong>SV2-73S\u00a0<\/strong>possiede una esclusiva colorazione in avorio, con eleganti e caratteristiche griglie per l\u2019amplificazione con finitura in tessuto.<\/p>\n<p><img decoding=\"async\" title=\"Una panoramica di SV2-73S con il dettaglio delle griglie per l'amplificazione interna Stereo da 15Watt\" src=\"https:\/\/www.algameko.com\/images\/uploads\/SV2-73S.png\" alt=\"Una panoramica di SV2-73S con il dettaglio delle griglie per l'amplificazione interna Stereo da 15Watt\" \/><\/p>\n<h2><strong>Le connessioni di SV2-73S<\/strong><\/h2>\n<p><strong>SV2-73S<\/strong>\u00a0\u00e8 dotato di una serie completa di connessioni: audio, dati e controlli in grado di soddisfare\u00a0le esigenze dei musicisti moderni. Le uscite Audio principali\u00a0<strong>Left\/Right<\/strong>\u00a0sono\u00a0<strong>bilanciate<\/strong>\u00a0con connettori\u00a0<strong>XLR<\/strong>, per collegarsi direttamente ad una consolle da studio o da palco senza la necessit\u00e0 di D.I. Box aggiuntive; \u00e8 anche presente una ulteriore coppia di uscite L\/R sbilanciate, con connettori Jack 1\/4&#8221;. Sono inoltre disponibili 2 utilissimi ingressi (Input) con connettori Jack 1\/4&#8221;\u2019, per connettere in modo diretto al piano una sorgente sonora esterna come un computer o un Synth. \u00c8 naturalmente presente una presa per cuffia, utile per il monitoraggio personale sul palco, per lo studio, e l\u2019esercizio. Le prese Standard MIDI IN\/OUT consentono la connessione con altri strumenti MIDI; mentre la porta USB garantisce lo scambio dati tra SV2 e il computer. \u00c8 possibile utilizzare fino a 3 diversi pedali: Damper, Pedal 1 e Pedal 2. Il pedale Damper DS-2H \u00e8 fornito in dotazione e supporta la funzione \u201cHalf- Pedaling\u201d (mezzo pedale). Pedal 1 supporta un pedale di tipo Switch (interruttore), che pu\u00f2 funzionare come pedale \u201cSostenuto\u201d o come commutatore Fast\/Slow quando \u00e8 attivo l\u2019effetto Rotary. Pedal 2 agisce come pedale a controllo continuo, utile quindi per regolare parametri come Volume\/Expression, Wah, o anche come pedale \u201cUna Corda\u201d, particolarmente utile ai puristi del suono di pianoforte.<\/p>\n<p><img decoding=\"async\" src=\"https:\/\/www.algameko.com\/images\/uploads\/Foto-Sito-Web-05.png\" alt=\"\" \/><\/p>\n<hr \/>\n<h2><u><strong>Specifiche tecniche KORG SV2-73S<\/strong><\/u><\/h2>\n<p><strong>Tastiera<\/strong><\/p>\n<ul>\n<li><strong>SV-2 73<\/strong>: 73 Tasti (da E a E), sensibili alla Velocity\u00a0<strong>KORG RH3<\/strong>\u00a0(Real Weighted Hammer Action 3)<\/li>\n<\/ul>\n<p><strong>Controllo dinamica (Touch)<\/strong>: 8 Curve<\/p>\n<p><strong>Accordatura<\/strong>: Master Transpose, Master Tune, curve di accordatura (Tuning)<\/p>\n<p><strong>Suoni:\u00a0<\/strong>Generazione sonora: EDS-X (Enhanced Definition Synthesis &#8211; eXpanded)<\/p>\n<p><strong>Polifonia Max<\/strong>: 128 note<\/p>\n<p><strong>Multi Sound<\/strong>: Layer, Split<\/p>\n<p><strong>Suoni Factory: 72 (6 Suoni Basic x 2 sets, 6 variazioni)<\/strong><\/p>\n<ul>\n<li>EP1 (Vintage): MK I Suitcase, MK I Stage, MK II Suitcase, MK II Stage, MK V Stage, MK V Bright, Dyno EP, Dyno EP Bright, Wurly, Wurly Classic, Wurly Dark, Wurly Bright<\/li>\n<li>EP2 (Various): FM Piano 1, FM Piano 2, FM Piano 3, FM Piano &amp; Pad, Pianet T, Pianet N, Hybrid Piano, Hybrid Tine, Wurly &amp; Strings, FM &amp; Strings, MK II &amp; Pad, FM &amp; Pad<\/li>\n<li>Piano 1 (Acoustic): German Grand, German Classic, Italian Grand, Italian Bright, Japanese Grand, Japanese Bright, Austrian Grand, Austrian Classic, Japanese Upright, Upright Bright, German Upright, Rock Piano<\/li>\n<li>Piano 2 (Various): Electric Grand, German Mono, KORG M1 Piano, KORG SG-1D, Digital Piano, Electra Piano, Tack Piano, Honky-Tonk, Piano &amp; Strings, Piano &amp; Pad, Piano &amp; Synth, Piano &amp; Brass<\/li>\n<li>Clavier: Clav AC, Clav AD, Clav BC, Clav BD, Harpsichord, Harpsichord Oct, Perc. Organ, Rock Organ, Jazz Organ, VOX Organ, Church Organ, Pipe Organ<\/li>\n<li>Other: Full Strings, Classic Strings, Tape Strings, Strings &amp; Voices, Warm Pad, Bright Pad, Orchestra, Pizzicato &amp; Glock, Brass, Synth Brass, Pad\/Mini Lead, Pad\/SynthLead<\/li>\n<\/ul>\n<p><strong>Favorite<\/strong>: 64 (8 banchi x 8 variazioni) per il salvataggio delle impostazioni personali.<\/p>\n<p><strong>Effetti:\u00a06<\/strong>\u00a0<strong>Effetti\u00a0<\/strong>(5 FX + 1 Total FX)<\/p>\n<p><strong>Equalizzatore<\/strong>: Bass, Mid, Treble<\/p>\n<ul>\n<li>Pre FX: Red comp, Treble boost, U-Vibe, Vibrato, Tremolo, VOX Wah (Auto o controllo a Pedale)<\/li>\n<li>Modelli di Amplificatori: Clean, Twin, Tweed, AC30, Boutique, Organ Amp + Cabinet Models, Valve Reactor Technology \u2013 12AX7 (ECC83) valve<\/li>\n<li>Modulazioni: Classic Chorus, Black Chorus, Orange Phaser, Small Phaser, MX Flanger, Rotary (controllo Slow\/Fast)<\/li>\n<li>Ambienti: Room, Plate, Hall, Spring, Tape Echo, Stereo Delay (Tap tempo)<\/li>\n<li>Total FX (editabili solo con l\u2019editor per SV-2): Stereo Mastering Limiter, Stereo Limiter<\/li>\n<\/ul>\n<p><strong>Panello di controllo<\/strong><\/p>\n<ul>\n<li>Master Volume, Transpose, Local Off, Touch, Function<\/li>\n<li>Sound Select: manopola TYPE, manopola VARIATION, Tasti FAVORITES 1\u20138<\/li>\n<li>Selezione Favorite Sound: 1\u20138 Tasti, manopola SOUND TYPE<\/li>\n<li>Controllo Effetti:<\/li>\n<li>Equalizer: Tasto On\/Off, manopola BASS, manopola MID, manopola TREBLE<\/li>\n<li>Pre FX: Tasto On\/Off, manopola TYPE manopola, manopola SPEED, manopola INTENSITY, selettore: AUTO\/PEDAL (disponibile quando TYPE = Vox Wah)<\/li>\n<li>Amplifier: Tasto On\/Off, manopola TYPE, manopola DRIVE<\/li>\n<li>Modulation: Tasto On\/Off, manopola TYPE, manopola SPEED, manopola INTENSITY, selettore: Slow\/Fast (disponibile quando TYPE = Rotary.)<\/li>\n<li>Ambient: Tasto On\/Off, manopola TYPE, manopola DEPTH, Tap (disponibile quando TYPE = Stereo Delay)<\/li>\n<\/ul>\n<p><strong>Amplificazione SV2-73S<\/strong><\/p>\n<ul>\n<li>Altoparlanti: 2 x 2.5&#8243; con radiatore passivo da 2 x 3&#8243;<\/li>\n<li>Potenza dell\u2019amplificatore: 2 x 15 W<\/li>\n<\/ul>\n<p><strong>Connessioni Input\/Output<\/strong><\/p>\n<ul>\n<li>Audio Output: L\/R connettori XLR bilanciati, L\/MONO jack, R MONO jack (6.3 mm [1\/4&#8243;] sbilanciati), CUFFIA: jack stereo da 6.3 mm [1\/4&#8243;], sul pannello frontale.<\/li>\n<li>Audio Input: L\/MONO jack, R\/MONO jack (6.3 mm [1\/4&#8243;] sbilanciati)<\/li>\n<li>MIDI: IN jack, OUT jack<\/li>\n<li>USB: 2.0 connettore Tipo B (trasmissione dati MIDI)<\/li>\n<li>Pedale Damper: KORG DS-2H (in dotazione), DS-1H (venduto separatamente)<\/li>\n<li>Pedal 1: PS-1 Foot Switch, PS-3 Foot Switch, interruttori a pedale (venduti separatamente)<\/li>\n<li>Pedal 2: Volume\/Expression, XVP-20, EXP-2, PS-1 Foot Switch, o PS-3 Foot Switch (venduti separatamente)<\/li>\n<\/ul>\n<p><u><strong>Specifiche Principali<\/strong><\/u><\/p>\n<ul>\n<li>Alimentazione: Adattatore Switching interno, AC 100~240 V, 50\/60 Hz<\/li>\n<li>Consumo: SV2-73S: 25 W<\/li>\n<li>Dimensioni (W x D x H, Leggio escluso):\u00a0<strong>SV-2 73S<\/strong>\u00a0:\u00a0<strong>1,143 mm x 347 mm x 157 mm \/ 45.0&#8243; x 13.66&#8243; x 6.1&#8243;<\/strong><iframe loading=\"lazy\" title=\"KORG SV2-73 - L&#039;emozione della diretta!!\" width=\"1220\" height=\"686\" src=\"https:\/\/www.youtube.com\/embed\/kFeYP2BUAzc?list=PLmwacsrItvLPtRgwD55cx00-0Og9byPUl\" frameborder=\"0\" allow=\"accelerometer; autoplay; clipboard-write; encrypted-media; gyroscope; picture-in-picture; web-share\" referrerpolicy=\"strict-origin-when-cross-origin\" allowfullscreen><\/iframe><\/li>\n<\/ul>\n","protected":false},"excerpt":{"rendered":"<p>Stage Vintage Piano: tastiera pesata RH3 73 Tasti, colore BIANCO,<\/p>\n<p>Amplificazione integrata 15Wx2, 3 Sezioni Layer\/Split, polifonia 128 note, 72 Suoni,<\/p>\n<p>64 Favorite, 6 Effetti accesso diretto, finale valvolare, uscite: Out: L\/R-XLR\/Jack,<\/p>\n<p>Cuffia, Audio IN, MIDI-IN\/OUT-USB, Damper-Pedal1\/2<\/p>\n","protected":false},"featured_media":2281,"template":"","meta":[],"product_brand":[],"product_cat":[136],"product_tag":[],"class_list":{"0":"post-2280","1":"product","2":"type-product","3":"status-publish","4":"has-post-thumbnail","6":"product_cat-pianoforti","8":"first","9":"instock","10":"shipping-taxable","11":"product-type-simple"},"_links":{"self":[{"href":"https:\/\/musicaliborgna.com\/index.php?rest_route=\/wp\/v2\/product\/2280","targetHints":{"allow":["GET"]}}],"collection":[{"href":"https:\/\/musicaliborgna.com\/index.php?rest_route=\/wp\/v2\/product"}],"about":[{"href":"https:\/\/musicaliborgna.com\/index.php?rest_route=\/wp\/v2\/types\/product"}],"wp:featuredmedia":[{"embeddable":true,"href":"https:\/\/musicaliborgna.com\/index.php?rest_route=\/wp\/v2\/media\/2281"}],"wp:attachment":[{"href":"https:\/\/musicaliborgna.com\/index.php?rest_route=%2Fwp%2Fv2%2Fmedia&parent=2280"}],"wp:term":[{"taxonomy":"product_brand","embeddable":true,"href":"https:\/\/musicaliborgna.com\/index.php?rest_route=%2Fwp%2Fv2%2Fproduct_brand&post=2280"},{"taxonomy":"product_cat","embeddable":true,"href":"https:\/\/musicaliborgna.com\/index.php?rest_route=%2Fwp%2Fv2%2Fproduct_cat&post=2280"},{"taxonomy":"product_tag","embeddable":true,"href":"https:\/\/musicaliborgna.com\/index.php?rest_route=%2Fwp%2Fv2%2Fproduct_tag&post=2280"}],"curies":[{"name":"wp","href":"https:\/\/api.w.org\/{rel}","templated":true}]}}