{"id":2313,"date":"2024-05-10T16:48:43","date_gmt":"2024-05-10T16:48:43","guid":{"rendered":"https:\/\/musicaliborgna.com\/?post_type=product&#038;p=2313"},"modified":"2024-05-10T16:48:43","modified_gmt":"2024-05-10T16:48:43","slug":"yamaha-silent-piano","status":"publish","type":"product","link":"https:\/\/musicaliborgna.com\/?product=yamaha-silent-piano","title":{"rendered":"YAMAHA SILENT Piano\u2122"},"content":{"rendered":"<div id=\"d1567417\" class=\"gc h3-image-bottom\">\n<div class=\"container-fluid\">\n<div class=\"media-box media-image bottom\"><img loading=\"lazy\" decoding=\"async\" class=\"img-responsive images\" src=\"https:\/\/it.yamaha.com\/it\/files\/si_WHATISTHESILENTPIANO_ee5fae5d3ebdc700003299f0572863de.jpg?impolicy=resize&amp;imwid=1200&amp;imhei=676\" alt=\"Feature Image\" width=\"1200\" height=\"676\" \/><\/div>\n<\/div>\n<\/div>\n<div id=\"d1567427\" class=\"gc h3-image-bottom cont-btn btn01\">\n<div class=\"container-fluid\">\n<p class=\"description\">Si tratta di uno straordinario pianoforte acustico che pu\u00f2 essere suonato in modalit\u00e0 silenziosa e che consente di regolare il volume, mantenendo il suono ricco e complesso proprio di uno strumento acustico. Passando alla modalit\u00e0 Quiet, i martelli si fermano appena prima di colpire le corde, mentre i movimenti dei tasti vengono letti da sensori ottici. Questi attivano il generatore di toni interno che riproduce in cuffia un suono di pianoforte campionato digitalmente. Il risultato \u00e8 un suono di pianoforte acustico eccezionalmente naturale, che potete godervi in qualsiasi momento, senza preoccuparvi di disturbare chi \u00e8 intorno a voi.<\/p>\n<p>I pianoforti SILENT sono autentici pianoforti acustici dotati dell&#8217;avanzata tecnologia di silenziamento Yamaha. Quando il pianoforte viene suonato in modalit\u00e0 SILENT, i martelletti sono fermati poco prima di colpire le corde, in modo che acusticamente non venga percepito alcun suono. I sensori installati sotto i tasti rilevano il modo in cui il pianista li sta premendo e trasmettono questi dati al generatore di suoni digitale, che fornisce suoni campionati che possono essere ascoltati attraverso delle cuffie. Il SILENT Piano\u2122 consente ai musicisti di suonare un vero pianoforte acustico in situazioni normali, oppure di indossare le cuffie e suonare in modalit\u00e0 SILENT quando ce n&#8217;\u00e8 la necessit\u00e0, rendendo ogni momento un momento perfetto per sedersi al pianoforte.<\/p>\n<p>I pianoforti Silent\u2122 sono dotati della modalit\u00e0 SILENT che consente di ascoltare il suono realistico del pianoforte in qualsiasi momento del giorno e della notte, attraverso l&#8217;utilizzo delle cuffie. Con il Silent\u2122 siamo liberi di suonare senza interagire con l&#8217;ambiente e le persone che ci circondano.<\/p>\n<p>Il SILENT Piano\u2122 \u00e8 un autentico strumento acustico. Per pi\u00f9 di un secolo, Yamaha ha realizzato pianoforti affidabili e dal suono ricco, in grado di ispisrare i musicisti nel coltivare ed esprimere se stessi, rispecchiando i loro pensieri e sentimenti.<\/p>\n<p class=\"description\">[Funzione di registrazione integrata per il controllo subito dopo la riproduzione]<\/p>\n<p class=\"description\">Dotato di una funzione di registrazione integrata per la registrazione con il semplice tocco di un pulsante.<\/p>\n<p class=\"description\">[Registrazione su unit\u00e0 flash USB nei dati per la riproduzione su computer]<\/p>\n<p class=\"description\">Una funzione per la registrazione su un&#8217;unit\u00e0 flash USB. Questa funzione crea file audio che possono essere salvati o riprodotti su computer o masterizzati su CD. Le registrazioni vengono salvate in formato WAV.<\/p>\n<\/div>\n<\/div>\n","protected":false},"excerpt":{"rendered":"<header>\n<h3 class=\"heading\">PRESTAZIONI DA VERO PIANOFORTE, IN ARMONIA CON LA VITA MODERNA<\/h3>\n<\/header>\n<div class=\"descriptions\">\n<p>Un pianoforte che si adatta al vostro stile di vita e che si evolve con voi man mano che progredite.<\/p>\n<p>Mantenendo l&#8217;essenza del pianoforte acustico, con funzioni di muting recentemente migliorate e un suono meravigliosamente ricco.<\/p>\n<p>Con un SILENT Piano\u2122, potete suonare quando volete.<\/p>\n<\/div>\n","protected":false},"featured_media":2314,"template":"","meta":[],"product_brand":[],"product_cat":[136],"product_tag":[],"class_list":{"0":"post-2313","1":"product","2":"type-product","3":"status-publish","4":"has-post-thumbnail","6":"product_cat-pianoforti","8":"first","9":"instock","10":"shipping-taxable","11":"product-type-simple"},"_links":{"self":[{"href":"https:\/\/musicaliborgna.com\/index.php?rest_route=\/wp\/v2\/product\/2313","targetHints":{"allow":["GET"]}}],"collection":[{"href":"https:\/\/musicaliborgna.com\/index.php?rest_route=\/wp\/v2\/product"}],"about":[{"href":"https:\/\/musicaliborgna.com\/index.php?rest_route=\/wp\/v2\/types\/product"}],"wp:featuredmedia":[{"embeddable":true,"href":"https:\/\/musicaliborgna.com\/index.php?rest_route=\/wp\/v2\/media\/2314"}],"wp:attachment":[{"href":"https:\/\/musicaliborgna.com\/index.php?rest_route=%2Fwp%2Fv2%2Fmedia&parent=2313"}],"wp:term":[{"taxonomy":"product_brand","embeddable":true,"href":"https:\/\/musicaliborgna.com\/index.php?rest_route=%2Fwp%2Fv2%2Fproduct_brand&post=2313"},{"taxonomy":"product_cat","embeddable":true,"href":"https:\/\/musicaliborgna.com\/index.php?rest_route=%2Fwp%2Fv2%2Fproduct_cat&post=2313"},{"taxonomy":"product_tag","embeddable":true,"href":"https:\/\/musicaliborgna.com\/index.php?rest_route=%2Fwp%2Fv2%2Fproduct_tag&post=2313"}],"curies":[{"name":"wp","href":"https:\/\/api.w.org\/{rel}","templated":true}]}}