{"id":2320,"date":"2024-05-10T17:03:12","date_gmt":"2024-05-10T17:03:12","guid":{"rendered":"https:\/\/musicaliborgna.com\/?post_type=product&#038;p=2320"},"modified":"2024-05-10T17:03:12","modified_gmt":"2024-05-10T17:03:12","slug":"casio-privia-px-s7000hm","status":"publish","type":"product","link":"https:\/\/musicaliborgna.com\/?product=casio-privia-px-s7000hm","title":{"rendered":"CASIO Privia PX-S7000HM"},"content":{"rendered":"<ul>\n<li>Design completamente integrato con linee semplici e pulite, con dettagli apprezzabili ad ogni angolazione.<\/li>\n<li>Disponibile in tre varianti colore: harmonious mustard, bianco e nero. Progettato per adattarsi perfettamente a qualsiasi stile di arredamento.<\/li>\n<li>La nuova tecnologia Spatial Sound System utilizza quattro altoparlanti full-range ad azionamento individuale, alloggiati in una struttura rigida realizzata in un materiale composito in legno\/resina.<\/li>\n<li>La funzione Piano Position ottimizza l&#8217;acustica a seconda della posizione del pianoforte digitale (Standard, Parete, Centro, Tavolo).<\/li>\n<li>I timbri del pianoforte a coda acustico incredibilmente autentici sono riprodotti dall&#8217;esclusiva sorgente sonora Morphing AiR multidimensionale di CASIO.<\/li>\n<li>Include un gruppo di timbri di pianoforti acustici ed elettrici, definiti &#8220;Special Piano&#8221;, ispirati a particolari canzoni di successo.<\/li>\n<li>La tastiera con Smart Hybrid Hammer Action combina un avanzato meccanismo di tastiera a martelletto con la tecnologia di controllo digitale, per una riproduzione altamente espressiva.<\/li>\n<li>I pedali di alta qualit\u00e0 danno la sensazione di un pianoforte a coda acustico.<\/li>\n<li>Il jack MIC IN standard del telefono (telefono TS) con manopola VOLUME MIC, dedicato per collegare un microfono, pu\u00f2 essere utilizzato con vari effetti voce.<\/li>\n<li>Collega l&#8217;adattatore MIDI e audio wireless(WU-BT10) in dotazione e ascolta la musica dal tuo smartphone o tablet tramite il sistema di altoparlanti del PX-S7000.<\/li>\n<li>Il display con illuminazione LED sul pannello anteriore si integra perfettamente con lo stile di riproduzione musicale.<\/li>\n<li>App CASIO MUSIC SPACE per smartphone e tablet, per rendere l&#8217;apprendimento e la riproduzione della musica ancora pi\u00f9 divertente.<\/li>\n<li>\n<div class=\"container cmp-container--insets-1 margin-bottom-2 aem-GridColumn--default--none aem-GridColumn aem-GridColumn--default--12 aem-GridColumn--offset--default--0\">\n<div class=\"switch-container   \">\n<div id=\"container-ca7c31bc41\" class=\"cmp-container\">\n<div class=\"aem-Grid aem-Grid--12 aem-Grid--default--12 aem-Grid--phone--12 \">\n<div class=\"text aem-GridColumn--default--none aem-GridColumn--phone--none aem-GridColumn--phone--12 aem-GridColumn aem-GridColumn--default--12 aem-GridColumn--offset--phone--0 aem-GridColumn--offset--default--0\">\n<div id=\"text-042d1e072a\" class=\"cmp-text\">\n<ul>\n<li>Linee pulite e design minimal, dai dettagli curati, che riprendono l&#8217;estetica tradizionale e la qualit\u00e0 di un pianoforte acustico, integrando stand e pedali al piano in stile moderno.<\/li>\n<li>Disponibile in tre varianti colore: harmonious mustard, bianco e nero. Progettato per adattarsi perfettamente a qualsiasi stile di arredamento.<br \/>\n* La variante HM ha la lucentezza di un pianoforte di alta qualit\u00e0.<\/li>\n<li>Lo stand \u00e8 rifinito con un pattern che ricorda il legno, con linee che si abbinano al pianoforte stesso.<\/li>\n<li>Colore del tessuto della rete dell&#8217;altoparlante che corrisponde al colore della struttura.<\/li>\n<li>Leggio trasparente in acrilico incluso.<\/li>\n<li>La pedaliera e la struttura metallica si abbinano al colore del pianoforte, cos\u00ec come la cover inclusa.<\/li>\n<li>Pannello frontale piatto con rotella touch a LED, pulsanti a sfioro e display LCD retroilluminato.<\/li>\n<li>Forma salvaspazio con spessore fronte-retro di soli 242 mm<\/li>\n<li>\n<div class=\"container cmp-container--insets-1 margin-bottom-2 aem-GridColumn--default--none aem-GridColumn aem-GridColumn--default--12 aem-GridColumn--offset--default--0\">\n<div class=\"switch-container   \">\n<div id=\"container-56d5f618d1\" class=\"cmp-container\">\n<div class=\"aem-Grid aem-Grid--12 aem-Grid--default--12 aem-Grid--phone--12 \">\n<div class=\"text aem-GridColumn aem-GridColumn--default--12\">\n<div id=\"text-84e7439008\" class=\"cmp-text\">\n<h2><b>Sorgente sonora<\/b><\/h2>\n<\/div>\n<\/div>\n<div class=\"text aem-GridColumn--default--none aem-GridColumn--phone--none aem-GridColumn--phone--12 aem-GridColumn aem-GridColumn--default--12 aem-GridColumn--offset--phone--0 aem-GridColumn--offset--default--0\">\n<div id=\"text-405dd87775\" class=\"cmp-text\">\n<ul>\n<li>La sorgente sonora Morphing AiR multidimensionale produce un&#8217;ampia gamma di timbri eccezionalmente dettagliati, includendo il pianoforte a coda che riproduce le ricche risonanze dello strumento acustico.<\/li>\n<li>I suoni armonici generati dalle corde del pianoforte per ciascuno degli 88 tasti e le risultanti complesse risonanze della struttura, vengono riprodotti fedelmente per creare un timbro del pianoforte ricco e vivace.<\/li>\n<li>Il timbro del pianoforte cambia leggermente nel tempo e a ogni sfumatura di stile del pianista, dal tocco pi\u00f9 delicato al pi\u00f9 potente e animato.<\/li>\n<li>Risonanza a corde aperte e risonanza aliquot (corde aggiuntive nelle ottave superiori che non vengono colpite dal martelletto, ma vibrano per simpatia assicurando sonorit\u00e0 pi\u00f9 ricche).<\/li>\n<\/ul>\n<\/div>\n<\/div>\n<\/div>\n<\/div>\n<\/div>\n<\/div>\n<div class=\"container cmp-container--insets-1 margin-bottom-2 aem-GridColumn--default--none aem-GridColumn aem-GridColumn--default--12 aem-GridColumn--offset--default--0\">\n<div class=\"switch-container   \">\n<div id=\"container-09c2e86dd7\" class=\"cmp-container\">\n<div class=\"aem-Grid aem-Grid--12 aem-Grid--default--12 aem-Grid--phone--12 \">\n<div class=\"text aem-GridColumn aem-GridColumn--default--12\">\n<div id=\"text-740012c45e\" class=\"cmp-text\">\n<h2><b>Sistema audio<\/b><\/h2>\n<\/div>\n<\/div>\n<div class=\"text aem-GridColumn--default--none aem-GridColumn--phone--none aem-GridColumn--phone--12 aem-GridColumn aem-GridColumn--default--12 aem-GridColumn--offset--phone--0 aem-GridColumn--offset--default--0\">\n<div id=\"text-1a6023b936\" class=\"cmp-text\">\n<ul>\n<li>La nuova tecnologia Spatial Sound System di CASIO utilizza quattro altoparlanti full-range ad azionamento indipendente per produrre un suono in grado di riempire lo spazio delle tue prestazioni. La struttura di supporto dell&#8217;altoparlante \u00e8 realizzata in un materiale composito rigido in legno\/resina.<\/li>\n<li>Gli altoparlanti esterni sono dotati di diffusori laterali che aiutano a produrre un suono pi\u00f9 ampio nonostante le dimensioni compatte del pianoforte.<\/li>\n<li>La funzione Surround crea un&#8217;esperienza audio naturale ed estesa regolando l&#8217;uscita individuale dei quattro altoparlanti, ciascuno sintonizzato per un particolare elemento audio nello spazio (a scelta fra tre tipi).<\/li>\n<li>La funzione Hall Simulator\/Reverb ricrea le propriet\u00e0 acustiche delle sale da concerto e di altri spazi per gli spettacoli, dando una sensazione realistica di presenza.<\/li>\n<li>La funzione Piano position regola gli elementi sonori di ogni altoparlante in base alla posizione del pianoforte digitale (montato sul supporto, vicino a una parete, al centro della stanza, su un tavolo).<\/li>\n<\/ul>\n<\/div>\n<\/div>\n<\/div>\n<\/div>\n<\/div>\n<\/div>\n<div class=\"container cmp-container--insets-1 margin-bottom-2 aem-GridColumn--default--none aem-GridColumn aem-GridColumn--default--12 aem-GridColumn--offset--default--0\">\n<div class=\"switch-container   \">\n<div id=\"container-ddcc5f1067\" class=\"cmp-container\">\n<div class=\"aem-Grid aem-Grid--12 aem-Grid--default--12 aem-Grid--phone--12 \">\n<div class=\"text aem-GridColumn aem-GridColumn--default--12\">\n<div id=\"text-d51799db8a\" class=\"cmp-text\">\n<h2><b>Timbri<\/b><\/h2>\n<\/div>\n<\/div>\n<div class=\"text aem-GridColumn--default--none aem-GridColumn--phone--none aem-GridColumn--phone--12 aem-GridColumn aem-GridColumn--default--12 aem-GridColumn--offset--phone--0 aem-GridColumn--offset--default--0\">\n<div id=\"text-b40a96d57d\" class=\"cmp-text\">\n<ul>\n<li>400 timbri incorporati, tra cui pianoforti acustici, pianoforti elettrici, organi, strumenti a corda e altri.<\/li>\n<li>Include un gruppo di timbri di pianoforti acustici ed elettrici, definiti &#8220;Special Piano&#8221;, ispirati a particolari canzoni di successo.<\/li>\n<\/ul>\n<\/div>\n<\/div>\n<\/div>\n<\/div>\n<\/div>\n<\/div>\n<div class=\"container cmp-container--insets-1 margin-bottom-2 aem-GridColumn--default--none aem-GridColumn aem-GridColumn--default--12 aem-GridColumn--offset--default--0\">\n<div class=\"switch-container   \">\n<div id=\"container-c997234992\" class=\"cmp-container\">\n<div class=\"aem-Grid aem-Grid--12 aem-Grid--default--12 aem-Grid--phone--12 \">\n<div class=\"text aem-GridColumn aem-GridColumn--default--12\">\n<div id=\"text-7b7a0003fa\" class=\"cmp-text\">\n<h2><b>Tastiera<\/b><\/h2>\n<\/div>\n<\/div>\n<div class=\"text aem-GridColumn--default--none aem-GridColumn--phone--none aem-GridColumn--phone--12 aem-GridColumn aem-GridColumn--default--12 aem-GridColumn--offset--phone--0 aem-GridColumn--offset--default--0\">\n<div id=\"text-442b7fcc4b\" class=\"cmp-text\">\n<ul>\n<li>La tastiera con Smart Hybrid Hammer Action consente di suonare in modo estremamente espressivo, dal tocco morbido a quello forte, grazie alla combinazione di un avanzato meccanismo di tastiera a martelletto e di una tecnologia di controllo digitale.<\/li>\n<li>Come un pianoforte a coda acustico, il meccanismo dei tasti utilizza il peso dei martelletti in modo che i tasti siano leggeri quando vengono suonati delicatamente e reattivi quando vengono suonati con forza.<\/li>\n<li>I tasti bianchi sono realizzati in un materiale ibrido, in legno di abete rosso\/resina di alta qualit\u00e0 per una sensazione naturale e una finitura di qualit\u00e0 superiore.<\/li>\n<li>I tasti bianchi sono rifiniti per ricreare la grana naturale dell&#8217;avorio, mentre i tasti neri sono caratterizzati da una nuova finitura opaca che assomiglia molto al legno di ebano sia per aspetto che per la sensazione.<\/li>\n<li>La tecnologia Digital Scaling a 88 tasti consente di controllare il volume di ciascun tasto individualmente in funzione della dinamica, con il peso del tocco che varia lungo la tastiera, come per un pianoforte a coda.<\/li>\n<li>L&#8217;impostazione della Hammer response in dieci fasi consente di regolare il timing del suono in relazione al modo in cui viene colpito il tasto e al registro che viene riprodotto, come un pianoforte acustico.<\/li>\n<li>Tre livelli di risposta rilascio del tasto consentono di controllare la velocit\u00e0 di decadimento del suono quando si rilascia un tasto. Si possono selezionare un legato o uno staccato pi\u00f9 marcati per adattarsi al meglio al brano da eseguire.<\/li>\n<li>Il simulatore rilascio del tasto controlla la rapidit\u00e0 con cui il suono si attenua dopo il rilascio di un tasto, a seconda della velocit\u00e0 con cui questo viene rilasciato. Il PX-S7000 si distingue per la massima attenzione alle sfumature di esecuzione pi\u00f9 sottili, tipiche di un pianoforte a coda.<\/li>\n<\/ul>\n<\/div>\n<\/div>\n<\/div>\n<\/div>\n<\/div>\n<\/div>\n<div class=\"container cmp-container--insets-1 margin-bottom-2 aem-GridColumn--default--none aem-GridColumn aem-GridColumn--default--12 aem-GridColumn--offset--default--0\">\n<div class=\"switch-container   \">\n<div id=\"container-8fe36f67ff\" class=\"cmp-container\">\n<div class=\"aem-Grid aem-Grid--12 aem-Grid--default--12 aem-Grid--phone--12 \">\n<div class=\"text aem-GridColumn aem-GridColumn--default--12\">\n<div id=\"text-ebd9c7f744\" class=\"cmp-text\">\n<h2><b>Pedali<\/b><\/h2>\n<\/div>\n<\/div>\n<div class=\"text aem-GridColumn--default--none aem-GridColumn--phone--none aem-GridColumn--phone--12 aem-GridColumn aem-GridColumn--default--12 aem-GridColumn--offset--phone--0 aem-GridColumn--offset--default--0\">\n<div id=\"text-73439fc57a\" class=\"cmp-text\">\n<ul>\n<li>Pedali di alta qualit\u00e0 che danno la sensazione di un pianoforte a coda acustico.<\/li>\n<li>Pedale di risonanza a variazione continua e pedale un corda con regolazione a due livelli.<\/li>\n<\/ul>\n<\/div>\n<\/div>\n<\/div>\n<\/div>\n<\/div>\n<\/div>\n<div class=\"container cmp-container--insets-1 margin-bottom-2 aem-GridColumn--default--none aem-GridColumn aem-GridColumn--default--12 aem-GridColumn--offset--default--0\">\n<div class=\"switch-container   \">\n<div id=\"container-628244250f\" class=\"cmp-container\">\n<div class=\"aem-Grid aem-Grid--12 aem-Grid--default--12 aem-Grid--phone--12 \">\n<div class=\"text aem-GridColumn aem-GridColumn--default--12\">\n<div id=\"text-f8a23e093f\" class=\"cmp-text\">\n<h2><b>Controllo in tempo reale<\/b><\/h2>\n<\/div>\n<\/div>\n<div class=\"text aem-GridColumn--default--none aem-GridColumn--phone--none aem-GridColumn--phone--12 aem-GridColumn aem-GridColumn--default--12 aem-GridColumn--offset--phone--0 aem-GridColumn--offset--default--0\">\n<div id=\"text-51f16a9e9b\" class=\"cmp-text\">\n<ul>\n<li>Due pulsanti EX assegnabili consentono di cambiare le impostazioni in tempo reale o di richiamare le funzioni dell&#8217;app CASIO\u00a0MUSIC\u00a0SPACE durante la riproduzione.<\/li>\n<li>Pulsante di CONTROL assegnabile per la variazione del timbro in tempo reale durante la riproduzione.<\/li>\n<li>Pitch bend per alzare o abbassare gradualmente il pitch delle note suonate al momento.<\/li>\n<li>Per un controllo in tempo reale \u00e8 possibile collegare e assegnare parametri a un pedale di espressione disponibile in commercio.<\/li>\n<\/ul>\n<\/div>\n<\/div>\n<\/div>\n<\/div>\n<\/div>\n<\/div>\n<\/li>\n<\/ul>\n<\/div>\n<\/div>\n<\/div>\n<\/div>\n<\/div>\n<\/div>\n<div class=\"container cmp-container--insets-1 margin-bottom-2 aem-GridColumn--default--none aem-GridColumn--phone--none aem-GridColumn--phone--12 aem-GridColumn aem-GridColumn--default--12 aem-GridColumn--offset--phone--0 aem-GridColumn--offset--default--0\">\n<div class=\"switch-container   \">\n<div id=\"container-88e4d628b7\" class=\"cmp-container\">\n<div class=\"aem-Grid aem-Grid--12 aem-Grid--default--12 aem-Grid--phone--12 \">\n<div class=\"container cmp-container--insets-1 aem-GridColumn--default--none aem-GridColumn--phone--none aem-GridColumn--phone--12 aem-GridColumn aem-GridColumn--default--6 aem-GridColumn--offset--phone--0 aem-GridColumn--offset--default--0\">\n<div class=\"switch-container   \">\n<div id=\"container-e7adf4ad97\" class=\"cmp-container\">\n<div class=\"aem-Grid aem-Grid--6 aem-Grid--default--6 aem-Grid--phone--12 \">\n<div class=\"image aem-GridColumn--default--none aem-GridColumn--phone--none aem-GridColumn--phone--12 aem-GridColumn aem-GridColumn--default--6 aem-GridColumn--offset--phone--0 aem-GridColumn--offset--default--0\">\n<div id=\"image-278fd6c631\" class=\"cmp-image\" data-cmp-lazy=\"\" data-cmp-lazythreshold=\"0\" data-cmp-src=\"\/content\/experience-fragments\/casio\/it\/product-info\/electronic-musical-instruments1\/Product\/p\/px\/pxs\/px_s7000\/px-s7000\/master\/_jcr_content\/root\/responsivegrid\/container_copy_copy_\/container_copy_copy__1600627367\/container\/image_copy_copy.casiocoreimg.100{.width}.jpeg\/1662070758326\/px-s7000-img05.jpeg\" data-asset=\"\/content\/dam\/casio\/it\/global\/emi\/privia\/px-s7000\/px-s7000-img05.jpg\" data-title=\"The New Apex of Design and Sound\"><picture><source srcset=\"\/content\/experience-fragments\/casio\/it\/product-info\/electronic-musical-instruments1\/Product\/p\/px\/pxs\/px_s7000\/px-s7000\/master\/_jcr_content\/root\/responsivegrid\/container_copy_copy_\/container_copy_copy__1600627367\/container\/image_copy_copy.casiocoreimg.jpeg\/1662070758326\/px-s7000-img05.jpeg\" media=\"(min-width: 768px)\" \/><\/picture><\/div>\n<div data-cmp-lazy=\"\" data-cmp-lazythreshold=\"0\" data-cmp-src=\"\/content\/experience-fragments\/casio\/it\/product-info\/electronic-musical-instruments1\/Product\/p\/px\/pxs\/px_s7000\/px-s7000\/master\/_jcr_content\/root\/responsivegrid\/container_copy_copy_\/container_copy_copy__1600627367\/container\/image_copy_copy.casiocoreimg.100{.width}.jpeg\/1662070758326\/px-s7000-img05.jpeg\" data-asset=\"\/content\/dam\/casio\/it\/global\/emi\/privia\/px-s7000\/px-s7000-img05.jpg\" data-title=\"The New Apex of Design and Sound\"><\/div>\n<\/div>\n<\/div>\n<\/div>\n<\/div>\n<\/div>\n<\/div>\n<\/div>\n<\/div>\n<\/div>\n<\/li>\n<\/ul>\n","protected":false},"excerpt":{"rendered":"<p><span class=\"cmp-text--size-40\">Eccellenza del suono e del design<\/span><\/p>\n<p><span class=\"cmp-text--size-20\">Il PX-S7000 \u00e8 una vera e propria opera d&#8217;artigianato che ridefinisce lo standard dei pianoforti digitali.<\/span><\/p>\n<p><span class=\"cmp-text--size-20\"> Questo modello combina l&#8217;estetica tradizionale di un pianoforte,<\/span><\/p>\n<p><span class=\"cmp-text--size-20\"> con i pedali e lo stand integrati, con le innovative tecnologie audio di Casio e il tocco autentico di un pianoforte a coda. <\/span><\/p>\n<p><span class=\"cmp-text--size-20\">Prova la qualit\u00e0 e la bellezza del PX-S7000 e come si armonizza perfettamente alla tua vita.<\/span><\/p>\n","protected":false},"featured_media":2321,"template":"","meta":[],"product_brand":[],"product_cat":[136],"product_tag":[],"class_list":{"0":"post-2320","1":"product","2":"type-product","3":"status-publish","4":"has-post-thumbnail","6":"product_cat-pianoforti","8":"first","9":"instock","10":"shipping-taxable","11":"product-type-simple"},"_links":{"self":[{"href":"https:\/\/musicaliborgna.com\/index.php?rest_route=\/wp\/v2\/product\/2320","targetHints":{"allow":["GET"]}}],"collection":[{"href":"https:\/\/musicaliborgna.com\/index.php?rest_route=\/wp\/v2\/product"}],"about":[{"href":"https:\/\/musicaliborgna.com\/index.php?rest_route=\/wp\/v2\/types\/product"}],"wp:featuredmedia":[{"embeddable":true,"href":"https:\/\/musicaliborgna.com\/index.php?rest_route=\/wp\/v2\/media\/2321"}],"wp:attachment":[{"href":"https:\/\/musicaliborgna.com\/index.php?rest_route=%2Fwp%2Fv2%2Fmedia&parent=2320"}],"wp:term":[{"taxonomy":"product_brand","embeddable":true,"href":"https:\/\/musicaliborgna.com\/index.php?rest_route=%2Fwp%2Fv2%2Fproduct_brand&post=2320"},{"taxonomy":"product_cat","embeddable":true,"href":"https:\/\/musicaliborgna.com\/index.php?rest_route=%2Fwp%2Fv2%2Fproduct_cat&post=2320"},{"taxonomy":"product_tag","embeddable":true,"href":"https:\/\/musicaliborgna.com\/index.php?rest_route=%2Fwp%2Fv2%2Fproduct_tag&post=2320"}],"curies":[{"name":"wp","href":"https:\/\/api.w.org\/{rel}","templated":true}]}}