{"id":2334,"date":"2024-05-14T06:27:54","date_gmt":"2024-05-14T06:27:54","guid":{"rendered":"https:\/\/musicaliborgna.com\/?post_type=product&#038;p=2334"},"modified":"2024-05-14T06:27:54","modified_gmt":"2024-05-14T06:27:54","slug":"korg-d1-bk","status":"publish","type":"product","link":"https:\/\/musicaliborgna.com\/?product=korg-d1-bk","title":{"rendered":"KORG &#8211; D1 &#8211; BK"},"content":{"rendered":"<h1><strong>KORG-D1-BK<\/strong>\u00a0&#8211; Piano digitale compatto e portatile; utilizza il rinomato keybed\u00a0<strong>RH3 88 tasti<\/strong>\u00a0Hammer Action a pesatura graduale,\u00a0<strong>5 curve<\/strong>\u00a0di controllo dinamico, generazione sonora\u00a0<strong>Stereo PCM<\/strong>\u00a0con\u00a0<strong>120 voci<\/strong>\u00a0di polifonia, Piano con risonanza delle corde\u00a0<strong>Damper Resonance<\/strong>\u00a0e Key Off,\u00a0<strong>30 suoni\u00a0<\/strong>in totale d&#8217;alta qualit\u00e0,\u00a0<strong>Layer\u00a0<\/strong>fra 2 timbri, metronomo, effetti di Brilliance,\u00a0<strong>Reverb<\/strong>, e\u00a0<strong>Chorus<\/strong>, Uscite Audio Line: L\/R, MIDI In\/Out (DIN), Pedale Damper e Leggio in dotazione.<\/h1>\n<h2><strong>Caratteristiche principali di\u00a0KORG D1-BK<\/strong><\/h2>\n<ul>\n<li>Tastiera pesata RH3 di altissima qualit\u00e0 Made in Japan<\/li>\n<li>Cabinet compatto di grande trasportabilit\u00e0<\/li>\n<li>30 suoni di elevata qualit\u00e0<\/li>\n<li>Tecnologia all\u2019avanguardia in grado di riprodurre fedelmente le risonanze del piano a coda<\/li>\n<li>Tutte le principali funzioni ausiliarie di uno strumento dal profilo professionale<\/li>\n<li>Connessioni MIDI In\/Out e Jack Standard LINE OUT<\/li>\n<li>Leggio e pedale dedicati in dotazione\n<ul>\n<li>Metronomo attivabile e disattivabile dal pannello.<\/li>\n<li>Modo Layer che sovrappone due suoni fra loro premendo semplicemente i pulsanti relativi sul pannello. Questo permette ad esempio di ottenere combinazioni come piano e strings, piano elettrico e organo ecc.<\/li>\n<li>Funzione Touch Control che richiama 5 diverse impostazioni della risposta dinamica dello strumento: light, standard, heavy, stable, fixed, consentendo quindi di adattarlo alla tecnica esecutiva personale.<\/li>\n<li>3 effetti di alta qualit\u00e0: Brilliance, Reverb, e Chorus, la loro resa ottimale \u00e8 calibrata accuratamente per ciascun Preset interno, in questo modo il pianista pu\u00f2 concentrarsi \u00a0esclusivamente sull\u2019esecuzione musicale senza doversi preoccupare della resa timbrica.<\/li>\n<\/ul>\n<\/li>\n<\/ul>\n<p><strong>KORG-D1-BK\u00a0<\/strong>Un piano digitale compatto ideale per l\u2019esercizio quotidiano e le esibizioni live che riproduce la sensazione di suonare un vero piano a coda.\u00a0<strong>D1-BK<\/strong>\u00a0\u00e8 uno strumento fondamentale per tutti quei musicisti orientati non solo alla musica classica, ma anche al Jazz, al Rock, al Funk, che hanno l\u2019esigenza di esercitarsi giornalmente e di spostarsi con il loro piano in modo agevole per le prove e i concerti.\u00a0<strong>D1-BK<\/strong>\u00a0\u00e8 stato inoltre attentamente progettato e calibrato per restituire lo stesso feeling di un autentico piano da concerto, in grado di adattarsi allo stile esecutivo di pianisti e tastieristi a tutti i livelli.\u00a0<strong>D1-BK<\/strong>\u00a0possiede un design avanzato, compatto, sottile, molto pratico da trasportare, in grado di riprodurre nello stesso tempo la stessa sensazione esecutiva di un autentico piano a coda. La tastiera pesata di alta qualit\u00e0 sviluppata da KORG e i\u00a0<strong>30 suoni interni<\/strong>\u00a0selezionati accuratamente, fanno di questo strumento il partner ideale per lo studio giornaliero, o i concerti sul palco.\u00a0La somma di questi elementi produce come risultato uno strumento di altissimo livello.<\/p>\n<h2><strong>Keybed RH3 Made in Japan<\/strong><\/h2>\n<p><strong>KORG-D1-BK<\/strong>\u00a0utilizza la rinomata tastiera\u00a0<strong>Real Weighted Hammer Action 3 (RH3)<\/strong>, che riproduce accuratamente lo stesso tocco di un piano acustico, grazie anche alla pesatura differenziata e graduale dei martelletti nella zona grave ed acuta della tastiera. Una tastiera dalla risposta solida e piacevole in grado di adattarsi a qualsiasi genere musicale.<\/p>\n<h2><strong>Cabinet compatto facile da trasportare<\/strong><\/h2>\n<p>Il telaio di nuova concezione possiede una struttura con una profondit\u00e0 di circa 26 cm* (10.24&#8243;), la minima possibile senza compromettere l\u2019operativit\u00e0 dello strumento. Pur dotato di tastiera pesata, D1-BK \u00e8 estremamente facile da trasportare, grazie anche alla custodia morbida dedicata SC-D1-BK (accessorio opzionale venduto separatamente). Per la sua installazione a casa o sul palco pu\u00f2 essere invece utilizzato l\u2019elegante supporto ST-SV1 (accessorio opzionale venduto separatamente).\u00a0<em>*: senza leggio<\/em><\/p>\n<p><img decoding=\"async\" title=\"KORG D1-BK elegante e distintivo in questa foto con lo stand opzionale ST-SV1\" src=\"https:\/\/www.algameko.com\/img\/media\/images\/html\/Compact%20body_8417.jpg\" alt=\"KORG D1-BK elegante e distintivo in questa foto con lo stand opzionale ST-SV1\" \/><\/p>\n<h2><strong>I suoni di\u00a0KORG D1-BK<\/strong><\/h2>\n<p><strong>KORG D1-BK<\/strong>\u00a0possiede 30 suoni estremamente espressivi e dinamici, non solo\u00a0con timbri di pianoforte acustico, ma anche di piano elettrico, organo, Clavinet, Vibes, Strings, ecc. Un&#8217;ampia tavolozza molto utile sul palco, che rende lo strumento molto versatile, ed in grado di soddisfare un\u2019ampia variet\u00e0 di generi e stili musicali.<\/p>\n<h2><strong>Il Piano acustico<\/strong><\/h2>\n<p>Per ottenere l&#8217;impressione esecutiva pi\u00f9 vicina possibile a quella di un autentico piano acustico, ogni Multi Sample usato in questo strumento \u00e8 articolato su 4 livelli, selezionabili con la dinamica di tastiera. Dal pianissimo pi\u00f9 delicato, al fortissimo pi\u00f9 dinamico, lo strumento \u00e8 sempre in grado di reagire adeguatamente al tocco del pianista, riproducendo fedelmente ogni sfumatura.<\/p>\n<p><img decoding=\"async\" title=\"Il pannello comandi di D1-BK semplice da utilizzare e razionale nella disposizione, i tasti retroilluminati sono visibili anche in condizioni di luce critiche\" src=\"https:\/\/www.algameko.com\/images\/uploads\/\/KORG_D1_BK_1200x630_01.jpg\" alt=\"Il pannello comandi di D1-BK semplice da utilizzare e razionale nella disposizione, i tasti retroilluminati sono visibili anche in condizioni di luce critiche\" \/><\/p>\n<h2><strong>Le risonanze tipiche del piano a coda<\/strong><\/h2>\n<p>Per ottenere un livello maggiore di realismo,\u00a0<strong>D1-BK\u00a0<\/strong>oltre a riprodurre fedelmente il suono del piano a coda ne simula accuratamente\u00a0anche le risonanze tipiche.<\/p>\n<ul>\n<li>\n<h3><strong>Damper Resonance<\/strong><\/h3>\n<\/li>\n<\/ul>\n<p>Sui suoni: Concert, Grand e Jazz Piano \u00e8 implementata la &#8220;<em>Damper Resonance<\/em>&#8220;, che riproduce la risonanza\u00a0<em>simpatetica\u00a0<\/em>delle corde, che si genera premendo il pedale Damper di un pianoforte acustico.<\/p>\n<ul>\n<li>\n<h3><strong>Riproduzione del Key-Off<\/strong><\/h3>\n<\/li>\n<\/ul>\n<p>Su\u00a0<strong>D1-BK<\/strong>\u00a0viene simulato accuratamente anche il suono caratteristico generato dallo strumento acustico quando lo smorzatore torna sulle corde dopo il rilascio del tasto.\u00a0Grazie a questa caratteristiche la tecnica esecutiva personale pu\u00f2 influenzare come sullo strumento reale la risonanza delle corde, rispondendo allo staccato o al legato sempre in modo naturale, aumentando in questo modo il realismo e l\u2019espressivit\u00e0 dell\u2019esecuzione stessa.<\/p>\n<h2><strong>I Pianoforti elettrici<\/strong><\/h2>\n<p>I suoni di piano elettrico oltre a riprodurre le variazioni dinamico timbriche della tastiera, possiedono anche il \u201cKey Off Noise\u201d, cio\u00e8 il tipico rumore tipico prodotto da questi strumenti al rilascio del tasto. Sono disponibili 6 diversi tipi di piano elettrico, le timbriche pi\u00f9 usate e popolari della musica pop anni \u201860 e \u201970, cos\u00ec come quelle pi\u00f9 apprezzate nel Soul.<\/p>\n<h2><strong>I suoni d\u2019organo<\/strong><\/h2>\n<p>Sono a disposizione 6 versatili timbri d\u2019organo, che spaziano dalle sonorit\u00e0 caratteristiche del Rock o del Jazz, fino alla solennit\u00e0 dell\u2019organo a canne.<\/p>\n<h3><strong>Le funzioni ausiliarie di\u00a0KORG D1-BK<\/strong><\/h3>\n<h3><img decoding=\"async\" title=\"Le possibilit\u00e0 di connessione di D1-WH le uscite audio linea con Jack standard, le porte MIDI (DIN) In\/Out e l'ingresso per il Damper\" src=\"https:\/\/www.algameko.com\/img\/media\/images\/html\/connection_52e4.jpg\" alt=\"Le possibilit\u00e0 di connessione di D1-WH le uscite audio linea con Jack standard, le porte MIDI (DIN) In\/Out e l'ingresso per il Damper\" \/><\/h3>\n<ul>\n<li>\n<h3><strong>LINE OUT\u00a0 con Jack Standard e connettori MIDI IN\/OUT<\/strong><\/h3>\n<\/li>\n<\/ul>\n<p>D1-BK possiede le connessioni audio standard richieste su ogni palco: LINE OUT Jack per collegarsi direttamente ad un mixer o a un registratore.\u00a0Sono anche presenti inoltre le porte MIDI: IN\/OUT, che permettono ad esempio di controllare un generatore sonoro esterno tramite il piano, oppure di collegarsi a un Computer.<\/p>\n<ul>\n<li>\n<h3><strong>Leggio e pedale in dotazione<\/strong><\/h3>\n<\/li>\n<\/ul>\n<p>Con questo strumento sono forniti in dotazione: un leggio semplice da installare ed indispensabile per esibirsi sul palco, ed un pedale Damper di dimensioni contenute, semplice da trasportare.<\/p>\n<p><img decoding=\"async\" title=\"KORG D1-BK \u00e8 fornito in dotazione di pedale Damper e Leggio, per iniziare subito a suonare\" src=\"https:\/\/www.algameko.com\/img\/media\/images\/html\/pedal_5d40.jpg\" alt=\"KORG D1-BK \u00e8 fornito in dotazione di pedale Damper e Leggio, per iniziare subito a suonare\" \/><\/p>\n<p>La serie\u00a0<strong>CONCERT<\/strong>\u00a0di\u00a0<strong>KORG\u00a0<\/strong>\u00e8 una linea di pianoforti progettati per riprodurre accuratamente l\u2019esperienza d\u2019esecuzione o d\u2019ascolto di un autentico piano acustico in una sala da concerto. Questa viene simulata sotto tutti gli aspetti: dal suono, alla sensazione tattile e musicale. Questo concetto permette di ottenere sempre il massimo della soddisfazione per l\u2019utente in tutte le situazioni musicali, dallo studio giornaliero alle esibizioni sul palco.<\/p>\n<h2><strong>KORG D1-BK SPECIFICHE TECNICHE<\/strong><\/h2>\n<ul>\n<li><strong>Tastiera &#8211;\u00a0<\/strong>88 tasti (A0\u2013C8), RH3 (Real Weighted Hammer Action 3)<\/li>\n<li><strong>Touch control &#8211;\u00a0<\/strong>5 Tipi<\/li>\n<li><strong>Pitch &#8211;\u00a0<\/strong>Transpose, Fine tuning<\/li>\n<li><strong>Temperamenti &#8211;\u00a0<\/strong>9 Tipi<\/li>\n<li><strong>Generazione Sonora &#8211;\u00a0<\/strong>Stereo PCM<\/li>\n<li><strong>Polifonia Max. &#8211;\u00a0<\/strong>120 Note (max.)<\/li>\n<li><strong>Suoni &#8211;\u00a0<\/strong>30 (10 x 3 Banchi)<\/li>\n<li><strong>Effetti &#8211;\u00a0<\/strong>Brilliance, Reverb e Chorus (3 livelli ognuno)<\/li>\n<li><strong>Demo Songs &#8211;\u00a0<\/strong>30 (Sound Demo song x 10, Piano Demo Song x 20)<\/li>\n<li><strong>Metronomo &#8211;\u00a0<\/strong>Tempo, Time signature, Accent, Sound e controllo di Volume<\/li>\n<li><strong>Pedals &#8211;\u00a0<\/strong>Damper (Half-Pedaling supportato)<\/li>\n<li><strong>Connessioni &#8211;\u00a0<\/strong>LINE OUT (L\/MONON, R), MIDI (IN, OUT), Cuffia, DAMPER<\/li>\n<li><strong>Controlli &#8211;\u00a0<\/strong>Power, Volume, PIANO SONG, TRANSPOSE, FUNCTION, TOUCH, BRILLIANCE, REVERB, CHORUS, BANK, Sound x 10, +, -, Metronome.<\/li>\n<li><strong>Alimentazione &#8211;\u00a0<\/strong>DC 9 V, Adattatore AC (in dotazione)<\/li>\n<li><strong>Consumo &#8211;\u00a0<\/strong>1.5 W<\/li>\n<li><strong>Finiture disponibili<\/strong>: Nero &#8211; BK;\u00a0<a href=\"https:\/\/www.algameko.com\/it\/pianoforti-digitali-stage\/korg\/d1wh\">Bianco &#8211; WH<\/a><\/li>\n<li><strong>Dimensioni (W x D x H) &#8211;\u00a0<\/strong>1327 x 263 x 128 mm \/ 52.24&#8243; x 10.35&#8243; x 5.04&#8243; (senza supporto) &#8211; 1327 x 375 x 328 mm \/ 52.24&#8243; x 14.76&#8243; x12.91&#8243; (con supporto)<\/li>\n<li><strong>Peso &#8211;\u00a0<\/strong>16 kg \/ 35.27 lbs. (con supporto)<\/li>\n<li><strong>Accessori in dotazione &#8211;\u00a0<\/strong>Adattatore AC, leggio, pedale Damper<\/li>\n<li><strong>Accessori opzionali &#8211;\u00a0<a href=\"https:\/\/www.ekomusicgroup.com\/it\/tastiere-pianoforti\/korg\/ds1h\" target=\"_blank\" rel=\"noopener\">DS-1H<\/a><\/strong>\u00a0Pedale con \u201cHalf Damper\u201d,\u00a0<strong><a href=\"https:\/\/www.ekomusicgroup.com\/it\/tastiere-pianoforti\/korg\/sv1-stand-black\" target=\"_blank\" rel=\"noopener\">ST-SV1<\/a><\/strong>\u00a0Keyboard Stand,\u00a0<strong><a href=\"https:\/\/www.ekomusicgroup.com\/it\/borse-custodie-trasporto\/korg\/sequenz-scd1\" target=\"_blank\" rel=\"noopener\">SC-D1-BK<\/a><\/strong>\u00a0Soft Case<iframe loading=\"lazy\" title=\"KORG D1 WH Sound Show\" width=\"1220\" height=\"686\" src=\"https:\/\/www.youtube.com\/embed\/_4IKJuxmh6c?list=PLmwacsrItvLOGeXnN6JvFFZ6hsDU8Bl9z\" frameborder=\"0\" allow=\"accelerometer; autoplay; clipboard-write; encrypted-media; gyroscope; picture-in-picture; web-share\" referrerpolicy=\"strict-origin-when-cross-origin\" allowfullscreen><\/iframe><\/li>\n<\/ul>\n","protected":false},"excerpt":{"rendered":"<p>Piano Stage colore nero, cabinet compatto e leggero; tastiera 88 tasti a pesatura graduale RH3,<\/p>\n<p>30 suoni PCM Stereo con risonanze e rilasci, 120 Note polif., modo Layer, 5 curve dinamiche, metronomo,<\/p>\n<p>FX: Brilliance, Reverb, e Chorus, connessioni MIDI In\/Out, LINE OUT. Leggio e pedale in dotazione.<\/p>\n","protected":false},"featured_media":2335,"template":"","meta":[],"product_brand":[],"product_cat":[136],"product_tag":[],"class_list":{"0":"post-2334","1":"product","2":"type-product","3":"status-publish","4":"has-post-thumbnail","6":"product_cat-pianoforti","8":"first","9":"instock","10":"shipping-taxable","11":"product-type-simple"},"_links":{"self":[{"href":"https:\/\/musicaliborgna.com\/index.php?rest_route=\/wp\/v2\/product\/2334","targetHints":{"allow":["GET"]}}],"collection":[{"href":"https:\/\/musicaliborgna.com\/index.php?rest_route=\/wp\/v2\/product"}],"about":[{"href":"https:\/\/musicaliborgna.com\/index.php?rest_route=\/wp\/v2\/types\/product"}],"wp:featuredmedia":[{"embeddable":true,"href":"https:\/\/musicaliborgna.com\/index.php?rest_route=\/wp\/v2\/media\/2335"}],"wp:attachment":[{"href":"https:\/\/musicaliborgna.com\/index.php?rest_route=%2Fwp%2Fv2%2Fmedia&parent=2334"}],"wp:term":[{"taxonomy":"product_brand","embeddable":true,"href":"https:\/\/musicaliborgna.com\/index.php?rest_route=%2Fwp%2Fv2%2Fproduct_brand&post=2334"},{"taxonomy":"product_cat","embeddable":true,"href":"https:\/\/musicaliborgna.com\/index.php?rest_route=%2Fwp%2Fv2%2Fproduct_cat&post=2334"},{"taxonomy":"product_tag","embeddable":true,"href":"https:\/\/musicaliborgna.com\/index.php?rest_route=%2Fwp%2Fv2%2Fproduct_tag&post=2334"}],"curies":[{"name":"wp","href":"https:\/\/api.w.org\/{rel}","templated":true}]}}