{"id":2347,"date":"2024-05-14T06:39:39","date_gmt":"2024-05-14T06:39:39","guid":{"rendered":"https:\/\/musicaliborgna.com\/?post_type=product&#038;p=2347"},"modified":"2024-05-14T06:39:39","modified_gmt":"2024-05-14T06:39:39","slug":"korg-b2-wh","status":"publish","type":"product","link":"https:\/\/musicaliborgna.com\/?product=korg-b2-wh","title":{"rendered":"KORG &#8211; B2-WH"},"content":{"rendered":"<h1><strong>KORG B2-WH<\/strong>\u00a0pianoforte digitale portatile, tastiera pesata\u00a0<strong>88 tasti\u00a0<\/strong>con\u00a0<strong>3 curve<\/strong>\u00a0dinamiche, generazione sonora Stereo PCM\u00a0<strong>polifonia 120<\/strong>\u00a0Voci,\u00a0<strong>12 suoni,\u00a0<\/strong>effetti di\u00a0<strong>Riverbero\u00a0<\/strong>e\u00a0<strong>Chorus<\/strong>,\u00a0<strong>metronomo<\/strong>, amplificazione\u00a0<strong>15W x 2<\/strong>.\u00a0E&#8217; possibile collegare una cuffia o degli speaker esterni per mezzo dell&#8217;apposita uscita, mentre la\u00a0<strong>porta USB MIDI &amp; Audio<\/strong>\u00a0permette di\u00a0registrare, tramite App dedicate su: smartphone, tablet, computer, o usare il piano come MIDI Controller in ambienti DAW. Pedale damper, leggio, e libreria di software musicale sono in dotazione.<\/h1>\n<h2><strong>KORG B2-WH DIGITAL PIANO &#8211; SERIE CONCERT<\/strong><\/h2>\n<p>E&#8217; un piano digitale particolarmente adatto per studenti ed appassionati, risultato dell&#8217;esperienza KORG nel settore professionale. Appartiene a una nuova generazione di pianoforti digitali\u00a0<strong>KORG<\/strong>\u00a0basati sull&#8217;efficacia timbrica e sulla facilit\u00e0 d&#8217;uso. Perfetto come strumento per chi inizia lo studio della musica, \u00e8 stato progettato e realizzato con l\u2019intento di riprodurre integralmente l\u2019esperienza sonora ed esecutiva di un vero pianoforte acustico.\u00a0<strong>KORG B2-BK<\/strong>\u00a0possiede un database timbrico composto da una selezione dei pianoforti a coda pi\u00f9 apprezzati a livello internazionale, a cui si aggiunge l&#8217;operativit\u00e0 e la connettivit\u00e0 conforme agli standard pi\u00f9 moderni ed avanzati.<\/p>\n<h2><strong>KORG B2-WH Caratteristiche principali<\/strong><\/h2>\n<ul>\n<li>Nuovo sistema di generazione sonora con\u00a0<strong>12 timbri<\/strong>\u00a0accuratamente selezionati.<\/li>\n<li>Tastiera che riproduce fedelmente il tocco di un vero pianoforte acustico.<\/li>\n<li>Connettivit\u00e0 conforme agli standard pi\u00f9 moderni<\/li>\n<li>Software in Bundle per la didattica e lo sviluppo della creativit\u00e0 musicale.<\/li>\n<li>Stessa semplicit\u00e0 d\u2019uso di un pianoforte reale.<\/li>\n<li>Leggio per spartiti e dispositivi mobili.<\/li>\n<li>Versatilit\u00e0 d&#8217;uso e collocazione.<\/li>\n<\/ul>\n<p><img decoding=\"async\" title=\"B2 possiede un Keybed Natural Weighted Hammer Action (NH), che riproduce la sensazione tattile di un vero piano a coda, con dettagli come la differenza di peso dei martelli.\" src=\"https:\/\/www.algameko.com\/images\/uploads\/\/KORG_B2_WH_LS_1200x630_10Bis.jpg\" alt=\"B2 possiede un Keybed Natural Weighted Hammer Action (NH), che riproduce la sensazione tattile di un vero piano a coda, con dettagli come la differenza di peso dei martelli.\" \/><\/p>\n<h2><strong>La generazione sonora di\u00a0B2-WH<\/strong><\/h2>\n<p><strong>B2-WH\u00a0<\/strong>possiede\u00a0<strong>12 Timbri<\/strong>\u00a0in totale:\u00a0<em><strong>German Concert Piano, Classic Piano, Italian Concert Piano, Jazz Piano, Ballad Piano, Stage E.Piano, 60&#8217;s E.Piano, Dig.E.Piano, Harpsichord, Pipe Organ, Electric Organ, Strings.<\/strong>\u00a0<\/em>Ovviamente i\u00a0<strong>5 pianoforti a coda da concerto<\/strong>\u00a0rappresentano il suo nucleo centrale con il loro carattere chiaro e definito, a questi si aggiungono gli altri suoni ausiliari come i piani elettrici, gli organi, il clavicembalo e gli archi anche questi realizzati con grande cura nei dettagli e dalla spiccata identit\u00e0. Questi suoni soddisfano pienamente le esigenze musicali per lo studio del piano a tutti i livelli.<\/p>\n<ul>\n<li><strong>German piano &#8211;\u00a0<\/strong>Rinomato pianoforte tedesco di fama mondiale,\u00a0il preferito da moltissimi pianisti per\u00a0dinamica e\u00a0potenza espressiva. Possiede un&#8217;ampio spettro sonoro e una timbrica\u00a0riconoscibile. Con questo\u00a0<em>Sample\u00a0<\/em>accuratamente campionato sono stati realizzati:\u00a0<strong>German Concert Piano<\/strong>\u00a0e\u00a0<strong>Classic Piano\u00a0<\/strong>pi\u00f9 delicato.<\/li>\n<li><strong>Italian piano<\/strong>\u00a0&#8211;\u00a0Strumento realizzato interamente in Italia, brillante ed espressivo, dal suono ricco di armonici e Sustain, ha acquisito rapidamente rinomanza presso i pi\u00f9 grandi esecutori in tutto il mondo. Con questo\u00a0<em>Sample\u00a0<\/em>accuratamente campionato sono stati realizzati:\u00a0<strong>Italian concert piano<\/strong>,\u00a0<strong>Jazz piano<\/strong>\u00a0dal carattere brillante e\u00a0<strong>Ballad piano<\/strong>\u00a0dalle raffinate sfumature.<\/li>\n<li><strong>Electric piano &#8211;\u00a0<\/strong>Suono tipico di piano elettrico\u00a0<strong>Tine<\/strong>\u00a0realizzato con grande cura dei dettagli come la riproduzione delle variazioni\u00a0dinamico timbriche dello strumento originale e perfino il rumore del rilascio dei tasti.<\/li>\n<li><strong>Organ &#8211;\u00a0<\/strong>Con\u00a0le timbriche pi\u00f9 appropriate per il Rock e il Jazz, cos\u00ec come il timbro evocativo di un reale Organo a canne.\u00a0Tutti i timbri sono processati in un effetto di\u00a0<strong>Riverbero\u00a0<\/strong>che aggiunge ambiente e spazialit\u00e0 al suono, e un\u00a0<strong>Chorus\u00a0<\/strong>con la caratteristica profonda modulazione.<\/li>\n<\/ul>\n<h2>\n<strong>La tastiera di\u00a0B2-WH<\/strong><\/h2>\n<p>Su\u00a0<strong>KORG B2-WH<\/strong>\u00a0viene impiegato un\u00a0<em>Keybed<\/em>:\u00a0<strong>Natural Weighted Hammer Action (NH)<\/strong>, che riproduce con precisione la sensazione tattile del tocco e della meccanica di un vero piano a coda, con dettagli significativi come la differenza di peso dei martelli tra il registro grave e quello acuto.\u00a0\u00c8 possibile controllare inoltre la risposta dinamica della tastiera:\u00a0<strong>Touch, su 3 gradi di sensibilit\u00e0: Light, Normal, Heavy<\/strong>, selezionabili in base alla tecnica o alle preferenze individuali, adattando cos\u00ec lo strumento al proprio stile esecutivo.<\/p>\n<h2><strong>Il metronomo di\u00a0B2-WH<\/strong><\/h2>\n<p><strong>B2SP-WH\u00a0<\/strong>Possiede un preciso\u00a0<strong>metronomo digitale<\/strong>\u00a0interno attivabile o disattivabile con un tasto, con controllo della velocit\u00e0 del\u00a0<strong>Tempo<\/strong>, regolazione della metrica musicale e volume una guida insostituibile per studiare a tutti i livelli.<\/p>\n<p><img decoding=\"async\" title=\"B2-WH\u00a0dispone di connessioni avanzate per usarlo in un'ampia variet\u00e0 di applicazioni con elevata versatilit\u00e0\" src=\"https:\/\/www.algameko.com\/images\/uploads\/\/KORG_B2_WH_LS_1200x630_20.jpg\" alt=\"B2-WH\u00a0dispone di connessioni avanzate per usarlo in un'ampia variet\u00e0 di applicazioni con elevata versatilit\u00e0\" \/><\/p>\n<h2><strong>La Connettivit\u00e0 di\u00a0B2-WH<\/strong><\/h2>\n<p><strong>B2-WH\u00a0<\/strong>possiede connessioni avanzate che consentono di utilizzarlo in un&#8217;ampia variet\u00e0 di applicazioni, aprendo a questo strumento nuove possibilit\u00e0 d&#8217;impiego sia in ambito didattico che creativo.\u00a0<strong>USB MIDI\/USB AUDIO<\/strong>\u00a0&#8211; La porta\u00a0<strong>USB (tipo B),<\/strong>\u00a0di\u00a0<strong>B2-WH\u00a0<\/strong>permette il collegamento a dispositivi come:\u00a0<em>Smartphone<\/em>,\u00a0<em>Tablet<\/em>, o computer, per\u00a0utilizzare il piano come\u00a0<strong>MIDI Controller<\/strong>\u00a0per moduli sonori esterni. E&#8217; possibile inoltre registrare\u00a0su questi dispositivi con un Software apposito i dati di\u00a0<strong>B2-WH<\/strong>, mentre i suoni prodotti dai dispositivi possono essere ascoltati nella sua amplificazione interna.<\/p>\n<ul>\n<li><em>I cavi USB per la connessione, e quelli per il collegamento ad iPhone o iPad (USB + adattatore per fotocamera Lightning-USB), sono opzionali e venduti separatamente.<\/em><\/li>\n<\/ul>\n<p><strong>AUDIO IN- ingresso audio<\/strong><\/p>\n<p>Collegando il jack per cuffie ad uno\u00a0<em>Smartphone\u00a0<\/em>o ad un Player, \u00e8 possibile trasmettere i propri brani musicali preferiti agli altoparlanti di\u00a0<strong>B2-WH\u00a0<\/strong>suonandoci anche sopra.\u00a0<strong>B2-WH\u00a0<\/strong>pu\u00f2 essere utilizzato come sistema d\u2019ascolto\u00a0<em>Home Speaker<\/em>.<\/p>\n<p><img decoding=\"async\" title=\"KORG B2-WH con il suo Stand in legno (opzionale) pu\u00f2 essere inserito in qualsiasi complemento d'arredo\" src=\"https:\/\/algameko.com\/images\/uploads\/B2-WH-Nuova-Foto-1200x630.jpg\" alt=\"KORG B2-WH con il suo Stand in legno (opzionale) pu\u00f2 essere inserito in qualsiasi complemento d'arredo\" \/><\/p>\n<h2><strong>Semplicit\u00e0 d\u2019uso di B2-WH<\/strong><\/h2>\n<p>L&#8217;interfaccia utente di\u00a0<strong>B2-WH\u00a0semplice e intuitiva\u00a0<\/strong>\u00e8 stata concepita per mantenere lo stesso approccio operativo di un pianoforte reale, che non fa concessioni alle distrazioni durante lo studio o l&#8217;esercizio giornaliero.<\/p>\n<h2><strong>Leggio in dotazione<\/strong><\/h2>\n<p><strong>B2-WH\u00a0<\/strong>Viene fornito con un ampio<strong>\u00a0<\/strong>leggio rimovibile con spazio sufficiente per accogliere vari fogli di musica, riducendo la necessit\u00e0 di girare le pagine durante l&#8217;esecuzione, oppure affiancare agli stessi un\u00a0<em>Tablet\u00a0<\/em>o uno\u00a0<em>Smartphone<\/em>.<\/p>\n<h2><strong>Versatilit\u00e0 d&#8217;uso e collocazione\u00a0di B2-WH<\/strong><\/h2>\n<p><strong>B2-WH\u00a0<\/strong>\u00e8 lo strumento perfetto per la pratica e l\u2019esecuzione pianistica, con la possibilit\u00e0 di\u00a0scegliere il modello pi\u00f9 adatto alle proprie esigenze. Per chi preferisce utilizzarlo in una postazione fissa, come ad esempio un appartamento \u00e8 disponibile il modello:\u00a0<a href=\"https:\/\/www.algameko.com\/it\/pianoforti-digitali-home\/korg\/b2spbk\">B2SP<\/a><a href=\"http:\/\/www.algameko.com\/it\/pianoforti-digitali-home\/korg\/b2spbk\">-WH<\/a>\u00a0che possiede di serie anche un supporto dedicato e l&#8217;unit\u00e0 tre pedali PU2. Per tutti coloro che non possiedono tecnica pianistica \u00e8 possibile optare per il modello\u00a0<a href=\"https:\/\/www.algameko.com\/it\/pianoforti-digitali-home\/korg\/b2n\">B2N<\/a>, dotato delle stesse funzioni di\u00a0<strong>B2-WH<\/strong>, ma con una tastiera dal tocco pi\u00f9 leggero.\u00a0Inoltre il supporto dedicato\u00a0<a href=\"https:\/\/www.algameko.com\/it\/accessori-tastiere-pianoforti\/korg\/stb1bk\"><strong>STB1<\/strong><\/a>\u00a0e l&#8217;unit\u00e0 tre pedali\u00a0<a href=\"https:\/\/www.algameko.com\/it\/accessori-tastiere-pianoforti\/korg\/pu2\"><strong>PU-2<\/strong><\/a>\u00a0sono disponibili come accessori opzionali.<\/p>\n<p><strong>KORG B2-WH\u00a0<\/strong>appartiene alla\u00a0<strong>serie CONCERT<\/strong>\u00a0una linea di strumenti progettati per riprodurre sotto ogni aspetto: sonoro, tattile, musicale, l&#8217;esperienza esecutiva immersiva e coinvolgente di un autentico pianoforte acustico in una sala da concerto.<\/p>\n<p><img decoding=\"async\" title=\"KORG B2-WH viene fornito con utile Bundle di software gratuito per essere subito creativi\" src=\"https:\/\/algameko.com\/images\/uploads\/B2-WH-Nuova-foto-1200x630-02.jpg\" alt=\"KORG B2-WH viene fornito con utile Bundle di software gratuito per essere subito creativi\" \/><\/p>\n<h2><strong>Software in Bundle per la didattica e lo sviluppo della creativit\u00e0 musicale.<\/strong><\/h2>\n<p><strong>B2-WH\u00a0<\/strong>\u00e8 fornito di un\u2019ampia dotazione Software, in grado di far evolvere rapidamente le conoscenze e le abilit\u00e0 personali in campo musicale.<\/p>\n<ul>\n<li><strong>Skoove<\/strong>\u00a0un programma didattico in grado di migliorare la capacit\u00e0 di esecuzione sulla tastiera,<\/li>\n<li><strong>KORG Module Le<\/strong>\u00a0una App generatore sonoro virtuale dedicato ai suoni di pianoforte e tastiere<\/li>\n<li><strong>KORG Gadget 2<\/strong>\u00a0Le una DAW (Digital Audio Workstation) completa per la produzione musicale.<\/li>\n<\/ul>\n<p><strong>Prova Premium per tre mesi di lezioni di piano online con &#8220;Skoove&#8221;<\/strong><\/p>\n<p><strong>Skoove\u00a0<\/strong>\u00e8 una delle piattaforme pi\u00f9 diffuse per l&#8217;apprendimento del pianoforte. Attraverso i tre passaggi: ascolta, impara, esegui; permette di acquisire capacit\u00e0 esecutive e orecchio musicale. Con il programma vengono forniti pi\u00f9 di dieci corsi con pi\u00f9 di\u00a0<strong>300 brani<\/strong>, aggiornati costantemente.\u00a0<strong>Skoove<\/strong>\u00a0fornisce un supporto didattico appropriato a seconda del livello e delle necessit\u00e0 sia ai principianti sia a coloro gi\u00e0 in grado di suonare.<\/p>\n<p><strong>KORG Module Le una App generatore sonoro virtuale dedicato ai suoni di pianoforte e tastiere<\/strong><\/p>\n<p>\u00c8 una App per dispositivi mobili (<em>disponibile solo per iOS<\/em>) di alta qualit\u00e0, riproduce i suoni di pianoforte a coda e delle tastiere da studio pi\u00f9 apprezzati e diffusi, con una libreria timbrica di qualit\u00e0 professionale ideale sia per le esibizioni Live che per le produzioni musicali.<\/p>\n<p><img decoding=\"async\" title=\"B2-BK possiede uno spazioso\u00a0leggio rimovibile in dotazione con spazio sufficiente per vari fogli di musica oppure Tablet o Smartphone.\" src=\"https:\/\/www.algameko.com\/images\/uploads\/\/KORG_B2_WH_LS_1200x630_14.jpg\" alt=\"B2-BK possiede uno spazioso\u00a0leggio rimovibile in dotazione con spazio sufficiente per vari fogli di musica oppure Tablet o Smartphone.\" \/><\/p>\n<p><strong>KORG Gadget 2 Le App di produzione musicale, DAW con modulo sonoro integrato<\/strong><\/p>\n<p>App dedicata alla produzione musicale basata su dispositivi mobili come iPad\/iPhone, che dispone di moduli sintetizzatori e Drum Machine miniaturizzati chiamati &#8220;<em>gadget<\/em>&#8220;, con la possibilit\u00e0 di combinarli liberamente per produrre musica in modo facile e con un&#8217;interfaccia intuitiva.<\/p>\n<p><em>* Il collegamento di &#8220;KORG Module Le&#8221; e &#8220;KORG Gadget 2 Le&#8221; a\u00a0<\/em><strong>B2-WH\u00a0<\/strong><em>pu\u00f2 incrementare i suoni e le funzionalit\u00e0 dello strumento. La connessione al PC richiede un cavo USB (non compreso), mentre la connessione all\u2019iPhone o all\u2019iPad richiede un cavo USB + adattatore per fotocamera Lightning-USB (entrambi venduti separatamente).<\/em><\/p>\n<h2><u><strong>KORG B2-WH\u00a0SPECIFICHE TECNICHE<\/strong><\/u><\/h2>\n<ul>\n<li><strong>Colori disponibili &#8211; B2-WH\u00a0<\/strong>\u00a0Bianco\u00a0&#8211;\u00a0<strong><a href=\"https:\/\/www.algameko.com\/it\/pianoforti-digitali-home\/korg\/b2bk\">B2-WH<\/a>\u00a0<\/strong>Nero<\/li>\n<li><strong>Tastiera &#8211;\u00a0<\/strong>88 tasti (Estensione: A0\u2013C8), NH (Natural Weighted Hammer Action)<\/li>\n<li><strong>Touch Control &#8211;\u00a0<\/strong>3 tipi<\/li>\n<li><strong>Pitch &#8211;\u00a0<\/strong>Transpose, Fine tuning<\/li>\n<li><strong>Temperamento &#8211;\u00a0<\/strong>equabile (equal)<\/li>\n<li><strong>Generazione sonora &#8211;\u00a0<\/strong>Stereo PCM<\/li>\n<li><strong>Polifonia &#8211;\u00a0<\/strong>120 voci (max.)<\/li>\n<li><strong>Suoni &#8211;\u00a0<\/strong>12<\/li>\n<li><strong>Effetti &#8211;\u00a0<\/strong>Reverb, Chorus<\/li>\n<li><strong>Demo Songs &#8211;\u00a0<\/strong>12<\/li>\n<li><strong>Metronomo &#8211;\u00a0<\/strong>Controllo di: Tempo, Time signature (metrica musicale) e Volume<\/li>\n<li><strong>Pedale &#8211;\u00a0<\/strong>Damper &#8211; *Half-pedaling (mezzo pedale) supportato con il pedale opzionale: PU-2 (<em>venduto separatamente<\/em>)<\/li>\n<li><strong>Connessioni &#8211;\u00a0<\/strong>Cuffia: PHONES (Headphone \/ LINE OUT \u2013 uso combinato), USB TYPE B, AUDIO IN, PEDAL<\/li>\n<li><strong>Controlli &#8211;\u00a0<\/strong>Power, VOLUME, PIANO PLAY, SOUND, METRONOME<\/li>\n<li><strong>Alimentazione &#8211;\u00a0<\/strong>Adapter DC 15 V, AC (in dotazione)<\/li>\n<li><strong>Consumo &#8211;\u00a0<\/strong>8 W<\/li>\n<li><strong>Amplificazione &#8211;\u00a0<\/strong>15W x 2<\/li>\n<li><strong>Altoparlanti &#8211;\u00a0<\/strong>Ovali (100 mm x 50 mm \/ 3.94&#8243; x 1.97&#8243;) x 2<\/li>\n<li><strong>Dimensioni (W x D x H) &#8211;\u00a0<\/strong>1312 mm x 336 mm x 117 mm \/ 51.65&#8243; x 13.23&#8243; x 4.61&#8243; (sporgenze incluse, escluso leggio)<\/li>\n<li><strong>Peso &#8211;\u00a0<\/strong>11.4 kg \/ 25.13 lbs.<\/li>\n<li><strong>Accessori in dotazione &#8211;\u00a0<\/strong>Adattatore AC, Leggio, Pedale Damper<\/li>\n<li><strong>Accessori opzionali<\/strong><\/li>\n<li><strong>Stand\u00a0<\/strong>(<strong><a href=\"https:\/\/www.ekomusicgroup.com\/it\/tastiere-pianoforti\/korg\/stb1bk\" target=\"_blank\" rel=\"noopener\">STB1-BK<\/a><\/strong>\/<strong><a href=\"https:\/\/www.ekomusicgroup.com\/it\/tastiere-pianoforti\/korg\/stb1wh\" target=\"_blank\" rel=\"noopener\">WH<\/a><\/strong>), Unit\u00e0 3 pedali (<strong><a href=\"https:\/\/www.ekomusicgroup.com\/it\/tastiere-pianoforti\/korg\/pu2\" target=\"_blank\" rel=\"noopener\">PU-2<\/a><\/strong>)*<iframe loading=\"lazy\" title=\"KORG B2 WH Digital Piano - Alla scoperta di suoni e funzioni\" width=\"1220\" height=\"686\" src=\"https:\/\/www.youtube.com\/embed\/vVbaT74GJJI?list=PLmwacsrItvLOJLzLH4YarDXJKuv9PMzbN\" frameborder=\"0\" allow=\"accelerometer; autoplay; clipboard-write; encrypted-media; gyroscope; picture-in-picture; web-share\" referrerpolicy=\"strict-origin-when-cross-origin\" allowfullscreen><\/iframe><\/li>\n<\/ul>\n","protected":false},"excerpt":{"rendered":"<p>Piano digitale da studio, colore bianco;\u00a0Tastiera pesataNH\u00a0 88 tasti,<\/p>\n<p>12 Suoni PCM Stereo, polifonia\u00a0120 voci FX: Riverbero, Chorus; metronomo,<\/p>\n<p>Amplificazione 15W x 2, cuffia, porta USB\/MIDI-AUDIO, accessori inclusi: adattatore AC, leggio, Damper.<\/p>\n","protected":false},"featured_media":2348,"template":"","meta":[],"product_brand":[],"product_cat":[136],"product_tag":[],"class_list":{"0":"post-2347","1":"product","2":"type-product","3":"status-publish","4":"has-post-thumbnail","6":"product_cat-pianoforti","8":"first","9":"instock","10":"shipping-taxable","11":"product-type-simple"},"_links":{"self":[{"href":"https:\/\/musicaliborgna.com\/index.php?rest_route=\/wp\/v2\/product\/2347","targetHints":{"allow":["GET"]}}],"collection":[{"href":"https:\/\/musicaliborgna.com\/index.php?rest_route=\/wp\/v2\/product"}],"about":[{"href":"https:\/\/musicaliborgna.com\/index.php?rest_route=\/wp\/v2\/types\/product"}],"wp:featuredmedia":[{"embeddable":true,"href":"https:\/\/musicaliborgna.com\/index.php?rest_route=\/wp\/v2\/media\/2348"}],"wp:attachment":[{"href":"https:\/\/musicaliborgna.com\/index.php?rest_route=%2Fwp%2Fv2%2Fmedia&parent=2347"}],"wp:term":[{"taxonomy":"product_brand","embeddable":true,"href":"https:\/\/musicaliborgna.com\/index.php?rest_route=%2Fwp%2Fv2%2Fproduct_brand&post=2347"},{"taxonomy":"product_cat","embeddable":true,"href":"https:\/\/musicaliborgna.com\/index.php?rest_route=%2Fwp%2Fv2%2Fproduct_cat&post=2347"},{"taxonomy":"product_tag","embeddable":true,"href":"https:\/\/musicaliborgna.com\/index.php?rest_route=%2Fwp%2Fv2%2Fproduct_tag&post=2347"}],"curies":[{"name":"wp","href":"https:\/\/api.w.org\/{rel}","templated":true}]}}