{"id":2417,"date":"2024-05-22T08:50:47","date_gmt":"2024-05-22T08:50:47","guid":{"rendered":"https:\/\/musicaliborgna.com\/?post_type=product&#038;p=2417"},"modified":"2024-05-22T09:00:25","modified_gmt":"2024-05-22T09:00:25","slug":"qsc-touchmix-16-digitale","status":"publish","type":"product","link":"https:\/\/musicaliborgna.com\/?product=qsc-touchmix-16-digitale","title":{"rendered":"QSC TOUCHMIX 16 DIGITALE"},"content":{"rendered":"<p class=\"bodytext\">Offre le caratteristiche, le capacit\u00e0 e la qualit\u00e0 del suono delle console di grande formato pi\u00f9 apprezzate al mondo in un pacchetto estremamente compatto e portatile, abbastanza piccolo da poter essere trasportato nel bagaglio a mano. Perfetto per musicisti, band, professionisti della produzione AV e piccoli locali per spettacoli, TouchMix-16 va &#8220;oltre il mixaggio&#8221; offrendo procedure guidate, preimpostazioni e altri strumenti utili che aiutano sia i professionisti dell&#8217;audio esperti che i principianti a ottenere ottimi risultati in modo rapido e semplice.<\/p>\n<p>I suoi 22 canali di mixaggio (16 Mic\/Line, 4 Line, Stereo USB) e 12 uscite offrono un&#8217;ampia flessibilit\u00e0 di gestione del segnale mentre funzionalit\u00e0 avanzate come preamplificatori microfonici di classe A, anti-feedback e procedure guidate per la sintonizzazione ambientale, analizzatore in tempo reale (RTA) e la registrazione diretta su unit\u00e0 esterna a 20 canali lo rendono ugualmente competente sia come strumento professionale per il suono dal vivo che per la registrazione.<\/p>\n<p class=\"bodytext\">L&#8217;interfaccia touch-and-turn di TouchMix consente il controllo tattile sui parametri del fader e del mixer fornendo allo stesso tempo una connessione hardware al mixer. Le funzioni e i display del mixer vengono duplicati tramite dispositivi iOS\u00ae o Android\u00ae tramite Wi-Fi, fornendo sia connettivit\u00e0 wireless portatile sia controllo aggiuntivo della funzionalit\u00e0 del mixer.<\/p>\n<p class=\"bodytext\">Il TouchMix-16 viene fornito completo di adattatore Wi-Fi USB e custodia per il trasporto.<\/p>\n<ul>\n<li>Il touchscreen capacitivo offre una vasta gamma di informazioni sullo schermo fornendo allo stesso tempo un controllo pratico e sicuro<\/li>\n<li>120 preimpostazioni forniscono impostazioni audio dal vivo reali per strumenti e microfoni di uso comune (vedi Elenco delle preimpostazioni in Risorse\/Supporto)<\/li>\n<li>Le modalit\u00e0 Semplice e Avanzata offrono controlli di base o completi<\/li>\n<li>Le procedure guidate Anti-Feedback e Room Tuning semplificano le complesse attivit\u00e0 di equalizzazione<\/li>\n<li>L&#8217;analizzatore in tempo reale (RTA) fornisce la visualizzazione istantanea del bilanciamento tonale del canale e della risposta della stanza<\/li>\n<li>10 mix Aux forniscono capacit\u00e0 di configurazione del monitor superiori<\/li>\n<li>Registrazione\/riproduzione diretta su disco rigido a 22 canali: cattura e richiama le performance senza la necessit\u00e0 di un computer esterno<\/li>\n<li>Riproduzione MP3 direttamente da USB<\/li>\n<\/ul>\n","protected":false},"excerpt":{"rendered":"<p><strong>TouchMix\u00a0<\/strong><sup>\u00ae<\/sup>\u00a0\u00e8 semplicemente il mixer pi\u00f9 potente e compatto mai creato.<\/p>\n","protected":false},"featured_media":2424,"template":"","meta":[],"product_brand":[],"product_cat":[137,142],"product_tag":[],"class_list":{"0":"post-2417","1":"product","2":"type-product","3":"status-publish","4":"has-post-thumbnail","6":"product_cat-pro-audio","7":"product_cat-usato","9":"first","10":"instock","11":"shipping-taxable","12":"product-type-simple"},"_links":{"self":[{"href":"https:\/\/musicaliborgna.com\/index.php?rest_route=\/wp\/v2\/product\/2417","targetHints":{"allow":["GET"]}}],"collection":[{"href":"https:\/\/musicaliborgna.com\/index.php?rest_route=\/wp\/v2\/product"}],"about":[{"href":"https:\/\/musicaliborgna.com\/index.php?rest_route=\/wp\/v2\/types\/product"}],"wp:featuredmedia":[{"embeddable":true,"href":"https:\/\/musicaliborgna.com\/index.php?rest_route=\/wp\/v2\/media\/2424"}],"wp:attachment":[{"href":"https:\/\/musicaliborgna.com\/index.php?rest_route=%2Fwp%2Fv2%2Fmedia&parent=2417"}],"wp:term":[{"taxonomy":"product_brand","embeddable":true,"href":"https:\/\/musicaliborgna.com\/index.php?rest_route=%2Fwp%2Fv2%2Fproduct_brand&post=2417"},{"taxonomy":"product_cat","embeddable":true,"href":"https:\/\/musicaliborgna.com\/index.php?rest_route=%2Fwp%2Fv2%2Fproduct_cat&post=2417"},{"taxonomy":"product_tag","embeddable":true,"href":"https:\/\/musicaliborgna.com\/index.php?rest_route=%2Fwp%2Fv2%2Fproduct_tag&post=2417"}],"curies":[{"name":"wp","href":"https:\/\/api.w.org\/{rel}","templated":true}]}}