{"id":2425,"date":"2024-05-22T09:16:06","date_gmt":"2024-05-22T09:16:06","guid":{"rendered":"https:\/\/musicaliborgna.com\/?post_type=product&#038;p=2425"},"modified":"2024-05-22T09:16:07","modified_gmt":"2024-05-22T09:16:07","slug":"yamaha-01v-mixer-digitale","status":"publish","type":"product","link":"https:\/\/musicaliborgna.com\/?product=yamaha-01v-mixer-digitale","title":{"rendered":"YAMAHA 01V MIXER DIGITALE"},"content":{"rendered":"<p>I 12 canali microfono\/linea analogici sono dotati ciascuno di una presa XLR e jack da un quarto di pollice montata sulla superficie superiore, entrambi bilanciati elettronicamente e cablati in parallelo in modo che entrambi i connettori di ingresso possano essere utilizzati per qualsiasi sorgente. L&#8217;alimentazione phantom \u00e8 disponibile sulle prese XLR (commutate su due banchi) e i livelli di linea sono gestiti inserendo un pad da 26 dB. Il controllo del guadagno copre da \u201116 a \u201160 dB, (+10 a \u201134 dB se il pad \u00e8 inserito), ma lo 01V offre circa 6 dB di guadagno complessivo in meno rispetto allo 03D, il che spiega perch\u00e9 gli ingressi microfonici dello 01V suonano pi\u00f9 silenziosi di quelli dello 03D a pieno regime. guadagno. L&#8217;alimentazione phantom, i pad e i controlli del guadagno in ingresso non cadono sotto l&#8217;occhio vigile dell&#8217;automazione delle istantanee del banco.<\/p>\n<p><span>I due canali di ingresso stereo sono dotati di una coppia di prese jack bilanciate e controlli di guadagno che coprono da +10 a -20 dB. I canali 15\/16 possono essere commutati per accettare il segnale dai connettori di ritorno a due tracce invece che dalle prese jack, e i canali 13\/14 possono essere scambiati con l&#8217;ingresso digitale S\/PDIF tramite un menu software. Le prese fono sbilanciate da \u201110dBV forniscono l&#8217;interfaccia del registratore a due tracce e un&#8217;altra presa jack da un quarto di pollice fornisce un&#8217;uscita per le cuffie.<\/span><\/p>\n<p><span>Le restanti strutture di interfaccia si trovano sul retro della scrivania, con una coppia di prese jack bilanciate che forniscono l&#8217;uscita di monitoraggio stereo e altre quattro prese jack bilanciate per le uscite Omni assegnabili. L&#8217;uscita analogica del bus stereo principale avviene tramite una coppia di XLR bilanciati, mentre una coppia di connettori fono fornisce l&#8217;unica interfaccia digitale montata di serie: ingresso e uscita S\/PDIF con piena capacit\u00e0 a 24 bit. Sul lato destro ci sono il solito trio di connettori MIDI e una presa mini-DIN To Host per collegare insieme due banchi Yamaha serie 0 o per interfacciarsi direttamente con un computer. Nella parte inferiore del pannello posteriore \u00e8 presente una piastra rimovibile che nasconde lo zoccolo per le schede I\/O opzionali. Il cavo di alimentazione \u00e8 fisso, con l&#8217;interruttore di alimentazione situato alla base del pannello posteriore.<\/span><\/p>\n<h2><a id=\"para4\" href=\"https:\/\/www.soundonsound.com\/reviews\/yamaha-01v#top\"><span>L&#8217;equalizzatore<\/span><\/a><\/h2>\n<p class=\"nindent\"><span>I controlli dell&#8217;equalizzatore dedicati vengono assegnati premendo il pulsante Sel sopra il fader di un canale. Sono forniti pulsanti di accesso per quattro bande separate, sebbene in realt\u00e0 ciascuna possa attraversare l&#8217;intera gamma da 21 Hz a 20 kHz (in incrementi di 1\/12 di ottava). Accanto ai quattro pulsanti ci sono tre codificatori rotativi etichettati Pan, F (frequenza) e G (guadagno). La presenza di una manopola di panning dedicata nella sezione EQ \u00e8 un po&#8217; un mistero, ma utile lo stesso! La manopola F determina la frequenza centrale o di turnover della banda selezionata e la manopola G controlla il taglio o l&#8217;incremento (fino a +\/-18 dB in incrementi di mezzo dB). Le due bande medie hanno parametri Q (larghezza di banda) variabili scalati da 10 (estremamente stretto) a 0,1 (molto ampio), regolati con la rotella dei parametri o i pulsanti Inc\/Dec. Anche le bande alta e bassa hanno valori Q regolabili ma in pi\u00f9, all&#8217;estremit\u00e0 pi\u00f9 stretta dell&#8217;intervallo, una posizione extra introduce rispettivamente filtri passa-basso o passa-alto, e all&#8217;estremit\u00e0 pi\u00f9 ampia della gamma una posizione aggiuntiva impone una risposta shelving.<\/span><\/p>\n<p><span class=\"media-image-header\"><a class=\"colorbox init-colorbox-processed cboxElement\" title=\"\" href=\"https:\/\/dt7v1i9vyp3mf.cloudfront.net\/styles\/news_large\/s3\/imagelibrary\/1\/1998-07-yam01v-4-ox11rwfNfChJbNIJfs3I6Ek7D6xzA2zv.jpg\" data-colorbox-gallery=\"all\" data-cbox-img-attrs=\"{&quot;title&quot;: &quot;The LCD showing an EQ patch.&quot;, &quot;alt&quot;: &quot;Yamaha 01V&quot;}\"><img loading=\"lazy\" decoding=\"async\" title=\"Il display LCD mostra una patch EQ.\" src=\"https:\/\/dt7v1i9vyp3mf.cloudfront.net\/styles\/header\/s3\/imagelibrary\/1\/1998-07-yam01v-4-ZC2YAtMKSGbtO4ECn.mw.YQVnfxKFWJC.jpg\" alt=\"Yamaha01V\" width=\"620\" height=\"194\" \/><\/a><span class=\"caption\"><span>Il display LCD mostra una patch EQ.<\/span><\/span><\/span><\/p>\n<p><span>L&#8217;estrema destra del display LCD mostra tre manopole virtuali corrispondenti ai controlli Pan, F e G, con letture numeriche e un&#8217;etichetta che informa l&#8217;utente su quale canale si sta regolando. Sui canali di ingresso stereo, i ritorni degli effetti interni e su qualsiasi canale accoppiato, le manopole virtuali vengono visualizzate con linee tratteggiate che partono dal lato dello schermo per indicare che si sta regolando anche un altro canale. Oltre a queste manopole virtuali, il display LCD mostra una risposta in frequenza grafica con una linea verticale tratteggiata per indicare la posizione del controllo di frequenza della banda selezionata. C&#8217;\u00e8 anche una tabella con i valori numerici di tutti i 12 parametri dell&#8217;EQ (frequenza, guadagno e Q o tipo di filtro per ciascuna delle quattro bande).<\/span><\/p>\n<p><span>L&#8217;intera sezione EQ pu\u00f2 essere bypassata premendo il pulsante Invio e pu\u00f2 anche essere reimpostata su flat premendo contemporaneamente i pulsanti della banda alta e bassa. Tuttavia, quest&#8217;ultima funzione trarrebbe vantaggio da un&#8217;apposita marcatura sul pannello (come ha lo 03D). In comune con altri banchi digitali Yamaha, viene fornita una libreria EQ in cui memorizzare le impostazioni EQ preferite, copiare le impostazioni tra i canali o richiamare uno qualsiasi dei 40 preset di fabbrica.<\/span><\/p>\n<p><span>La domanda finale, ovviamente, \u00e8: come\u00a0<\/span><em><span>suona<\/span><\/em><span>\u00a0l&#8217;equalizzatore ? Bene, chiunque abbia esperienza con le console pi\u00f9 grandi della serie 0 lo sapr\u00e0 gi\u00e0 perch\u00e9 lo 01V utilizza esattamente gli stessi algoritmi dei suoi fratelli. L&#8217;EQ suona pulito, ma tendente al clinico piuttosto che al caldo, ed \u00e8 capace di sottili miglioramenti artistici cos\u00ec come di &#8220;correzioni&#8221; davvero piuttosto selvagge. \u00c8 progettato per portare a termine il lavoro con il minimo sforzo e la massima flessibilit\u00e0, cosa che ottiene in modo ammirevole.<\/span><\/p>\n<h2><a id=\"para5\" href=\"https:\/\/www.soundonsound.com\/reviews\/yamaha-01v#top\"><span>Dinamica<\/span><\/a><\/h2>\n<p class=\"nindent\"><span>L&#8217;elaborato processore di dinamiche offre compressore, gate, espansore, auto-ducker o compander hard e soft, oltre ad altre 34 configurazioni preimpostate di fabbrica nella libreria. Dal pannello di controllo si accede alle due pagine LCD dinamiche, la prima visualizza i controlli virtuali del processore selezionato e la seconda accede alle funzioni della libreria pi\u00f9 o meno allo stesso modo delle pagine EQ. Non ci sono controlli hardware dedicati per la sezione delle dinamiche: l&#8217;utente naviga nello schermo con i tasti cursore e regola i valori con la rotella dei parametri o i pulsanti Inc\/Dec.<\/span><\/p>\n<p><span>Il display LCD mostra un grafico della &#8220;curva di trasferimento&#8221; del segnale di uscita rispetto al segnale di ingresso che cambia man mano che i controlli vengono regolati. Questi controlli sono proprio come ci si aspetterebbe: il compressore e l&#8217;espansore vantano, ad esempio, soglia, attacco, rilascio, rapporto, ginocchio e &#8220;out gain&#8221;. I moduli di dinamica del canale hanno anche una funzione chiave (&#8220;self&#8221; per impostazione predefinita), in modo che qualsiasi altro canale di ingresso possa essere utilizzato per controllare la riduzione del guadagno. Un grafico a barre mostra il livello del segnale in ingresso insieme alla riduzione del guadagno applicata, ma \u00e8 qui che le cose si fanno confuse! Avendo impostato il grado desiderato di &#8220;squash&#8221; su un segnale con i controlli di soglia e rapporto, aumentando l&#8217;impostazione &#8220;out\u2011gain&#8221; sul compressore dello 01V si \u00e8 effettivamente ridotta la quantit\u00e0 di riduzione del guadagno visualizzata sul misuratore GR, sebbene l&#8217;audio continuasse a funzionare correttamente. La Yamaha ora \u00e8 consapevole di questa anomalia e sta apportando le modifiche necessarie.<\/span><\/p>\n<p><span>Tuttavia, devo dire che l&#8217;intero modulo dinamico \u00e8 abbastanza buono. \u00c8 abbastanza facile da configurare e fa un buon lavoro nel controllare anche i segnali pi\u00f9 complicati. L&#8217;opzione di un dispositivo di rilascio automatico a due stadi sul compressore e sull&#8217;espansore sarebbe stata buona, ma si tratta di un piccolo cavillo. La fornitura di un controllo Range sul gate e sul ducker \u00e8 utile (per impostare il grado di attenuazione applicato quando il gate \u00e8 chiuso o il ducker attivo), e i compander combinati sono estremamente utili, anche se un po&#8217; complicati da ottimizzare a causa dell&#8217;interazione tra i controlli di soglia, larghezza e guadagno esterno.<\/span><\/p>\n<h2><a id=\"para6\" href=\"https:\/\/www.soundonsound.com\/reviews\/yamaha-01v#top\"><span>Effetti interni<\/span><\/a><\/h2>\n<p class=\"nindent\"><span>I due processori di effetti interni derivano dalle precedenti unit\u00e0 di effetti Yamaha ProR3 e REV500 e, sebbene offrano effettivamente algoritmi leggermente diversi, entrambi forniscono una gamma di riverberi (i programmi di pitch\u2011shifting e freeze di alta qualit\u00e0 sono disponibili solo sui secondi effetti canale: vedere il riquadro &#8220;Programmi di effetti&#8221; per un elenco completo). Potrebbero essere pochi i lettori di questa rivista che non abbiano gi\u00e0 familiarit\u00e0 con l&#8217;approccio Yamaha alle unit\u00e0 per effetti, quindi non vi annoier\u00f2 con i dettagli qui, basti dire che l&#8217;intero sistema \u00e8 molto ben equipaggiato, flessibile e facile da usare. I processori di effetti vengono richiamati sul display LCD premendo il pulsante Effetti appropriato sulla superficie di controllo e le sue tre pagine forniscono i mezzi per richiamare o salvare programmi, modificare i loro parametri e determinare la sorgente del segnale pre o post da ciascun canale. In ciascuno dei canali di ritorno degli effetti \u00e8 disponibile un equalizzatore a 4 bande, che pu\u00f2 essere indirizzato anche alle mandate ausiliarie e alle altre mandate effetti.<\/span><\/p>\n<p><span>Ho trovato gli effetti di uno standard encomiabile, anche se alle mie orecchie i riverberi forse non suonano cos\u00ec buoni come quelli del REV500. Tuttavia, quel giudizio si basa esclusivamente sulla mia capacit\u00e0 di memoria piuttosto che su un confronto diretto e la conclusione \u00e8 che suonano comunque molto bene e sono perfettamente utilizzabili nelle circostanze per le quali questo mixer \u00e8 stato progettato.<\/span><\/p>\n","protected":false},"excerpt":{"rendered":"<p>Lo 01V assume la posizione di prodotto entry-level nella gamma di mixer digitali Yamaha<\/p>\n","protected":false},"featured_media":2426,"template":"","meta":[],"product_brand":[],"product_cat":[137,142],"product_tag":[],"class_list":{"0":"post-2425","1":"product","2":"type-product","3":"status-publish","4":"has-post-thumbnail","6":"product_cat-pro-audio","7":"product_cat-usato","9":"first","10":"instock","11":"shipping-taxable","12":"product-type-simple"},"_links":{"self":[{"href":"https:\/\/musicaliborgna.com\/index.php?rest_route=\/wp\/v2\/product\/2425","targetHints":{"allow":["GET"]}}],"collection":[{"href":"https:\/\/musicaliborgna.com\/index.php?rest_route=\/wp\/v2\/product"}],"about":[{"href":"https:\/\/musicaliborgna.com\/index.php?rest_route=\/wp\/v2\/types\/product"}],"wp:featuredmedia":[{"embeddable":true,"href":"https:\/\/musicaliborgna.com\/index.php?rest_route=\/wp\/v2\/media\/2426"}],"wp:attachment":[{"href":"https:\/\/musicaliborgna.com\/index.php?rest_route=%2Fwp%2Fv2%2Fmedia&parent=2425"}],"wp:term":[{"taxonomy":"product_brand","embeddable":true,"href":"https:\/\/musicaliborgna.com\/index.php?rest_route=%2Fwp%2Fv2%2Fproduct_brand&post=2425"},{"taxonomy":"product_cat","embeddable":true,"href":"https:\/\/musicaliborgna.com\/index.php?rest_route=%2Fwp%2Fv2%2Fproduct_cat&post=2425"},{"taxonomy":"product_tag","embeddable":true,"href":"https:\/\/musicaliborgna.com\/index.php?rest_route=%2Fwp%2Fv2%2Fproduct_tag&post=2425"}],"curies":[{"name":"wp","href":"https:\/\/api.w.org\/{rel}","templated":true}]}}