{"id":2496,"date":"2024-08-31T08:03:55","date_gmt":"2024-08-31T08:03:55","guid":{"rendered":"https:\/\/musicaliborgna.com\/?post_type=product&#038;p=2496"},"modified":"2024-08-31T08:03:55","modified_gmt":"2024-08-31T08:03:55","slug":"novation-launchkey-mk4","status":"publish","type":"product","link":"https:\/\/musicaliborgna.com\/?product=novation-launchkey-mk4","title":{"rendered":"NOVATION LAUNCHKEY MK4"},"content":{"rendered":"<h2><strong>Master Keyboard pronte per i software DAW<\/strong><\/h2>\n<p>Ableton Live, Logic, Cubase, Reason Studios, Reaper, FL Studios e Ardour.\u00a0Con questi software, dalla tua\u00a0<strong>Novation Launchkey<\/strong>\u00a0di quarta generazione avrai il pieno controllo sulle funzioni di trasporto, nella navigazione all\u2019interno della timeline, nel mixaggio, nell&#8217;equalizzazione, nella gestione dei parametri di effetti e strumenti e potrai gestire il\u00a0<strong>lancio delle clip<\/strong>. Quando usi la finestra Session di Ableton Live o i Live Loops di Logic, i 16 drum pad operano come pulsanti di lancio delle clip in stile Launchpad, con retroilluminazione RGB che corrisponder\u00e0 perfettamente a quello che stai vedendo sullo schermo.<\/p>\n<p>Tutti i prodotti della serie\u00a0<strong>Launchkey MK4\u00a0<\/strong>offrono 16 pad sensibili alla dinamica,\u00a0\u00a0all\u2019<strong>aftertouch polifonico<\/strong>, e 8 encoder a 360\u00b0.\u00a0<strong>Nelle versioni a 49 e 61 tasti<\/strong>, che montano una\u00a0<strong>tastiera semi-pesata<\/strong>, sono inoltre disponibili\u00a0<strong>9 fader<\/strong>. Nei modelli dal tasto di dimensioni standard, per il controllo del\u00a0<strong>Pitch Bend<\/strong>\u00a0e della\u00a0<strong>Modulation<\/strong>\u00a0troviamo le classiche Wheel, mentre nei modelli \u201cmini\u201d questi sono in formato Touch Strip.<\/p>\n<h2><strong>Il nuovo Keybed delle versioni a 49 e 61 tasti<\/strong><\/h2>\n<p>Le tastiere delle\u00a0<strong><a href=\"https:\/\/www.algameko.com\/it\/midi-controller\/novation\/Launchkey-49-MK4\">Launchkey 49 MK4\u00a0(clicca qui per info\/acquisto<\/a><\/strong>)\u00a0e\u00a0<strong><a href=\"https:\/\/www.algameko.com\/it\/midi-controller\/novation\/Launchkey-61-MK4\">Launchkey 61 MK4\u00a0(clicca qui per info\/acquisto<\/a><\/strong>)\u00a0sono\u00a0<strong>semi-pesate<\/strong>, con una pesatura ponderata e un profilo finemente sagomato che evita lo scivolamento delle dita. Alla pressione, ogni tasto offre una corsa pi\u00f9 fluida e costante, praticamente privo di resistenze indesiderate ed \u00e8 dotato di una molla elicoidale dedicata, che fornisce una forza di ritorno costante e precisa. Questa caratteristica assicura che ogni tasto ritorni alla sua posizione originale dopo essere stato premuto, offrendo una sensazione tattile e reattiva. Tutte queste caratteristiche fanno si che il tocco risulti pi\u00f9 confortevole e preciso nei due modelli.<\/p>\n<h2><b>Pad FSR &#8211;\u00a0<\/b><strong>Force Sensitive Resistor<\/strong>\u00a0&#8211;\u00a0<b>estremamente reattivi\u00a0\u00a0<\/b><\/h2>\n<p>Per il finger drumming, Launchkey ora sfoggia i nuovi drum pad FSR (Force Sensitive Resistor)\u00a0brevettati, sensibili alla velocity\u00a0e all&#8217;<strong>aftertouch polifonico<\/strong>. A differenza dei pad tradizionali, ciascuno \u00e8 dotato di un esclusivo sensore radiale che ne aumenta la sensibilit\u00e0 e ne migliora la coerenza, per performance ancora pi\u00f9 precise e ricche di nuance. Inoltre, i pad possono anche essere impostati per far partire accordi o note individuali con aftertouch polifonico.<\/p>\n<h2><strong>Le connessioni delle Novation Launchkey MK4<\/strong><\/h2>\n<p>Questi controller MIDI dotati di tastiera, 16 pad e potenziometri si collegano al tuo computer PC o Mac tramite una\u00a0<strong>porta USB di tipo C<\/strong>\u00a0utile sia alla trasmissione dei dati MIDI, sia per l\u2019alimentazione. La\u00a0<strong>porta MIDI OUT<\/strong>\u00a0\u00e8 in formato\u00a0<strong>DIN pentapolare<\/strong>\u00a0nei modelli a tasto standard.\u00a0<strong><a href=\"https:\/\/www.algameko.com\/it\/midi-controller\/novation\/Launchkey-Mini-25-MK4\">Novation Launchkey mini\u00a025 MK4\u00a0(clicca qui per info\/acquisto<\/a><\/strong>)\u00a0e\u00a0<strong><a href=\"https:\/\/www.algameko.com\/it\/midi-controller\/novation\/Launchkey-Mini-37-MK4\">Launchkey mini 37 MK4\u00a0(clicca qui per info\/acquisto<\/a><\/strong>)\u00a0offrono invece una connessione MIDI in formato mini-jack TRS. Su tutti e 6 i modelli della serie \u00e8 presente un\u00a0<strong>ingresso per pedale sustain<\/strong>\u00a0formato jack TS da \u00bc\u201d.\u00a0<a id=\"differenze\" name=\"differenze\"><\/a><\/p>\n<h2><strong>Differenze tra le nuove Launchkey MK4 e la precedente serie<\/strong><\/h2>\n<p>Rispetto alla serie MK3, questa nuova serie offre un design pi\u00f9 compatto e moderno, pulsanti sensibili al tatto, encoder continui a 360\u00b0 e un modello in pi\u00f9: una\u00a0<strong>versione \u201cmini\u201d a 37 tasti<\/strong>\u00a0(3 ottave):\u00a0<a href=\"https:\/\/www.algameko.com\/it\/midi-controller\/novation\/Launchkey-Mini-37-MK4\">clicca qui per info\/acquisto<\/a>. La\u00a0<strong>dotazione software<\/strong>\u00a0\u00e8 stata arricchita e ora include strumenti ed effetti plug-in sviluppati da\u00a0<strong>Klevgrand<\/strong>,\u00a0<strong>GForce<\/strong>\u00a0e\u00a0<strong>Orchestral Tools<\/strong>. Presente anche un\u2019offerta didattica per imparare a suonare la tastiera. Come detto all\u2019inizio di questa pagina, \u00e8 stata estesa la compatibilit\u00e0 verso ulteriori\u00a0<strong>software DAW<\/strong>, nella quale si sfrutta anche una nuova funzione chiamata\u00a0<strong>DAW Transport Mode<\/strong>. In pi\u00f9, gli utenti del software\u00a0<strong>Ableton Live<\/strong>\u00a0potranno usufruire di due nuove funzioni: il controllo dello\u00a0<strong>Step Sequencer<\/strong>\u00a0\u00a0e la sincronizzazione tra lo\u00a0<strong>Scale Mode<\/strong>\u00a0delle\u00a0<strong>Launchkey MK4<\/strong>\u00a0e la scala impostata nel progetto all\u2019interno di Live.<\/p>\n<p>Il nuovo\u00a0<strong>display OLED<\/strong>\u00a0disponibile su tutti i modelli risulta pi\u00f9 brillante e intelligibile, fornisce maggiori informazioni e meno termini abbreviati rispetto alla serie precedente. Nelle versioni a\u00a0<strong>49 e 61 tasti \u00e8 stata introdotta una keybed semi-pesata\u00a0<\/strong>e sono state aggiunte le\u00a0<strong>funzioni Layer e Zone<\/strong>.<\/p>\n<p><strong>Tre sono le modalit\u00e0 Chord<\/strong>\u00a0ora disponibili:\u00a0<strong>Chord Map<\/strong>,\u00a0<strong>User Chord<\/strong>\u00a0e\u00a0<strong>Fixed Chord<\/strong>. Presente anche il\u00a0<strong>Chord Detector<\/strong>\u00a0per l\u2019analisi e il calcolo dell\u2019accordo. Nello\u00a0<strong>Scale Mode<\/strong>\u00a0troviamo ben 22 scale aggiuntive. Il\u00a0<strong>Generative Arpeggiator<\/strong>\u00a0\u00e8 stato migliorato con l\u2019introduzione dell\u2019editor a step per il pattern riprodotto.\u00a0<a id=\"software\" name=\"software\"><\/a><\/p>\n<h2><strong>Dotazione software inclusa con le Novation Launchkey MK4\u00a0<\/strong><\/h2>\n<h3><strong>Ableton Live 12 Lite\u00a0<\/strong><\/h3>\n<p>Live 12 Lite \u00e8 l&#8217;ultima versione dell&#8217;innovativo software sviluppato dalla Ableton per registrare, produrre musica ed esibirsi. Include un flusso di lavoro, strumenti ed effetti essenziali per creare nuove tracce, registrare idee, esibirsi sul palco e molto altro ancora.<\/p>\n<h3><strong>GForce<\/strong><\/h3>\n<p>Abbiamo anche collaborato con GForce per offrire un esaustivo pacchetto \u201c4 in 1\u201d che raccoglie alcuni dei sintetizzatori pi\u00f9 iconici della storia. Questa offerta include un sintetizzatore monofonico, due sintetizzatori polifonici e un emulatore di campionatore a nastro. Crea linee di basso potenti, melodie accattivanti, accordi ricchi e sequenze intricate senza alcuno sforzo.<\/p>\n<h3><strong>Orchestral Tools\u00a0<\/strong><\/h3>\n<p>Scopri la miscela perfetta di strumenti ed effetti orchestrali creata su misura per i Novation Launchkey di quarta generazione. Il nostro pacchetto selezionato con cura combina elementi da due collezioni di\u00a0<strong>Orchestral Tools<\/strong>,\u00a0<strong>Inspire 2\u00a0<\/strong>e\u00a0<strong>Time Macro<\/strong>, per offrirti una suite di suoni versatile. Questi campioni, registrati secondo gli standard pi\u00f9 attuali, offrono l&#8217;essenza di un&#8217;orchestra completa a portata di dita.<\/p>\n<h3><strong>Klevgrand\u00a0<\/strong><\/h3>\n<p><strong>LUXE<\/strong>\u00a0di Klevgrand \u00e8 un plug-in di effetti progettato per migliorare le tracce in modo che si adattino perfettamente al mix, da applicare sul bus della batteria, sulle tracce vocali, dove preferisci.\u00a0<strong>R0Verb<\/strong>\u00a0di Klevgrand \u00e8 un effetto audio unico in cui si fondono la semplicit\u00e0 del riverbero e la complessit\u00e0 di un sistema multi-delay. Con fino a 50 linee di delay individuali a disposizione, dove per ciascuna \u00e8 possibile controllare con precisione il volume, il pre-delay, feedback, etc.\u00a0<strong>Slammer<\/strong>\u00a0\u00e8 un plugin di batteria e percussioni multi-campionate che contiene una selezione di 30 strumenti diversi. I sample sono stati registrati e modificati con cura, e sono dotati di una gamma di impostazioni altamente personalizzabili, fra cui pitch, filtri, mandate di effetti, tempo di decadimento, mappatura della velocity e molto altro.<\/p>\n<p><strong>Melodics<\/strong><\/p>\n<p>Melodics \u00e8 un&#8217;app per desktop e dispositivi mobili unica nel suo genere, che aiuta a imparare a suonare la propria musica preferita sulla tastiera o sui pad. Un pacchetto di lezioni personalizzate \u00e8 stato appositamente creato per tutti gli utenti dei prodotti Novation che \u00e8 incluso gratuitamente con tutti i modelli della serie\u00a0<strong>Launchkey MK4<\/strong>.<\/p>\n<p><strong>L&#8217;intera raccolta di software in dotazione con Novation Launchkey MK4:<\/strong><\/p>\n<ul>\n<li>Ableton Live 12 Lite<\/li>\n<li>Oberheim SEM<\/li>\n<li>Oberheim OB-E<\/li>\n<li>M-TRON PRO I<\/li>\n<li>GForce AXXESS<\/li>\n<li>Delicate Piano (Orchestral Tools)<\/li>\n<li>Flautando Strings (Orchestral Tools)<\/li>\n<li>Percussion FX (Orchestral Tools)<\/li>\n<li>Shadowy (Orchestral Tools)<\/li>\n<li>Paradox Texture (Orchestral Tools)<\/li>\n<li>Woodwind Parallax (Orchestral Tools)<\/li>\n<li>Klevgrand LUXE<\/li>\n<li>Klevgrand\u2019s R0Verb<\/li>\n<li>Klevgrand Slammer<\/li>\n<li>Sessioni personalizzate con Melodics\n<p><iframe loading=\"lazy\" title=\"Introducing the new Launchkey | Novation\" width=\"1220\" height=\"686\" src=\"https:\/\/www.youtube.com\/embed\/lWmmcd1CANM?feature=oembed\" frameborder=\"0\" allow=\"accelerometer; autoplay; clipboard-write; encrypted-media; gyroscope; picture-in-picture; web-share\" referrerpolicy=\"strict-origin-when-cross-origin\" allowfullscreen><\/iframe><\/li>\n<\/ul>\n","protected":false},"excerpt":{"rendered":"<h1>La nuova serie\u00a0<strong>Novation Launchkey MK4<\/strong>\u00a0si presenta con 6 modelli di DAW Controller MIDI USB a tastiera che offrono un&#8217;integrazione perfetta e personalizzabile con i pi\u00f9 diffusi software di produzione musicale. Non mancano modalit\u00e0 e funzioni creative integrate: Arpeggiatore generativo con nuovo editor a Step sul Pattern, Scale (22 nuove scale aggiuntive) e un Generatore di Accordi con 3 modalit\u00e0 selezionabili, oltre al Chord Detector.<\/h1>\n","protected":false},"featured_media":2497,"template":"","meta":[],"product_brand":[],"product_cat":[140],"product_tag":[],"class_list":{"0":"post-2496","1":"product","2":"type-product","3":"status-publish","4":"has-post-thumbnail","6":"product_cat-tastiere-e-synth","8":"first","9":"instock","10":"shipping-taxable","11":"product-type-simple"},"_links":{"self":[{"href":"https:\/\/musicaliborgna.com\/index.php?rest_route=\/wp\/v2\/product\/2496","targetHints":{"allow":["GET"]}}],"collection":[{"href":"https:\/\/musicaliborgna.com\/index.php?rest_route=\/wp\/v2\/product"}],"about":[{"href":"https:\/\/musicaliborgna.com\/index.php?rest_route=\/wp\/v2\/types\/product"}],"wp:featuredmedia":[{"embeddable":true,"href":"https:\/\/musicaliborgna.com\/index.php?rest_route=\/wp\/v2\/media\/2497"}],"wp:attachment":[{"href":"https:\/\/musicaliborgna.com\/index.php?rest_route=%2Fwp%2Fv2%2Fmedia&parent=2496"}],"wp:term":[{"taxonomy":"product_brand","embeddable":true,"href":"https:\/\/musicaliborgna.com\/index.php?rest_route=%2Fwp%2Fv2%2Fproduct_brand&post=2496"},{"taxonomy":"product_cat","embeddable":true,"href":"https:\/\/musicaliborgna.com\/index.php?rest_route=%2Fwp%2Fv2%2Fproduct_cat&post=2496"},{"taxonomy":"product_tag","embeddable":true,"href":"https:\/\/musicaliborgna.com\/index.php?rest_route=%2Fwp%2Fv2%2Fproduct_tag&post=2496"}],"curies":[{"name":"wp","href":"https:\/\/api.w.org\/{rel}","templated":true}]}}