{"id":2498,"date":"2024-08-31T08:28:26","date_gmt":"2024-08-31T08:28:26","guid":{"rendered":"https:\/\/musicaliborgna.com\/?post_type=product&#038;p=2498"},"modified":"2024-08-31T08:28:26","modified_gmt":"2024-08-31T08:28:26","slug":"ketron-evm","status":"publish","type":"product","link":"https:\/\/musicaliborgna.com\/?product=ketron-evm","title":{"rendered":"KETRON EVM"},"content":{"rendered":"<h3>Specifiche Tecniche<\/h3>\n<ul>\n<li><strong>Polifonie:<\/strong>\u00a0216 note, multitimbra<\/li>\n<li><strong>Controlli:<\/strong>\u00a04 Curve dinamiche. Aftertouch. Portamento. Legato Mono_Poly. Traspositore -\/+ 24. Ottava +\/- 2. Espr. Pedale con 6 curve<\/li>\n<li><strong>Suoni di fabbrica:\u00a0<\/strong>10 Gruppi vocali: Pianoforte, Archi, Organo, Ottoni, Sax, Pad, Synth, Chitarra, Basso, Etnico. 464 voci preimpostate. Voce 1, Voce 2, ogni voce con un massimo di 3 voci diverse.\u00a0Suoni. Timone. Editing vocale avanzato di fabbrica. Suoni multistrato di alta qualit\u00e0 con una vasta selezione di Real Solos. Sovrascrittura e ripristino delle impostazioni di fabbrica. Fino a 1.280 voci utente disponibili. Scala araba e cambio di tasto programmabili per voce<\/li>\n<li><strong>Suoni Utente:<\/strong>\u00a02,5 GB free storage in non-volatile Flash memory (1,5 GB for additional Factory Sound Banks &#8211; 1 GB for User samples). Sample Editor: up to 228480 samples (mono, usable 8192, max 6 seconds per sample). Up to 4 layered stereo instruments (Voice or Drum Set).\u00a0 Advanced editor with Split, Octave, Level, Range, Tune, Cut off, Velocity, Adsr. Sample Loop utilities. User Drum kits<\/li>\n<li><strong>ADSR Filtro:<\/strong>\u00a0Separate sound controls for Attack, Decay, Sustain, LFO, Cut Off and Resonance<\/li>\n<li><strong>Drum Set:<\/strong>\u00a062 kit di batterie stereo. 32 kit di batteria utente con controlli Remap, Filter, Tune, FX. Drum Mixer: 9 sezioni con controlli separati per livello, pan, riverbero, intonazione,\u00a0compressione della velocit\u00e0. 86 stili di batteria Midi (Pattern) disponibili nella sezione Grv1_Loop<\/li>\n<li><strong>Timone:<\/strong>\u00a09 timoni digitali. Rotore lento-veloce. Overdrive, Click, Vibrato, Riverbero, Percussioni. EDITING completo. 24 preset per organo. Twin Organ: possibilit\u00e0 di mixare i toni dell&#8217;organo PCM e Digital per un&#8217;ampia riproduzione del suono stereo<\/li>\n<li><strong>Arranger:<\/strong>\u00a0Oltre 500 stili. Real Styles, con un mix di parti Midi e audio (vedi sotto), Live e Midi Styles. 10 gruppi: Ballata, Pop, Dance, Rock, Swing, Latina, Country, Folk, Party, Unplugged. 3 Introduzione, 3 Finale, Fill to End, ABCD, 4 Fill, 4 Break. Reintroduzione, Conteggio in entrata, Pausa, Avvio a chiave, Arresto a chiave, Variazione. Stili utente con funzionalit\u00e0 di negozio illimitate. 5 Accordi Midi e Basso. Modalit\u00e0 Close, Parallel, Logica. 3 x Inferiore con funzione Mono\/Poly. Variazione degli accordi. Varitone. Voce su ABCD. Riempimento automatico, Riempimento per disporre, Riempimento per post-touch. Modalit\u00e0 accordi: Easy1, Easy2, Easy3, Fingered 1, Fingered 2. Orch. Variazione Morphing. Modalit\u00e0 senza radici. Basso manuale, Al pi\u00f9 basso, Al radice. Modalit\u00e0 Bassista e Pianista (Standard\/Expert). Basso e blocco degli accordi<\/li>\n<li><strong>Live Drums:<\/strong>\u00a0580 Live Drums con una struttura completa di Arranger (3 Intros, 3 Endings, ABCD, 4 Fills, 4 Breaks). Riverbero ed equalizzatore parametrico a 3 bande con\u00a010 preset, programmabili su ogni stile. Potenziamento del tamburo. Possibilit\u00e0 di caricare Live Drums esterni all&#8217;utente. Blocco del tamburo<\/li>\n<li><strong>Grooves:<\/strong>\u00a03 sezioni di scanalatura indipendenti. Enorme libreria di oltre 780 percussioni latine, loop di batteria elettronica e acustica, singoli colpi di percussione. Scanalatura a variazione. Controlli separati del volume e dell&#8217;EFX<\/li>\n<li><strong>Live Guitars:<\/strong>\u00a0216 sliced Guitar patterns including Long Chords. Separate volume and EFX controls<\/li>\n<li><strong>Real Chords:<\/strong>\u00a0Pi\u00f9 di 300 accompagnamenti audio reali che coprono una gamma completa di accordi (fino a 13 accordi diversi). Un&#8217;ampia variet\u00e0 di chitarre elettriche, acustiche e jazz.\u00a0Possibilit\u00e0 di caricare User Real Chords esterni<\/li>\n<li><strong>Real Bass:<\/strong>\u00a0256 Bassi audio reali sincronizzati con Midi. Twin Bass: possibilit\u00e0 di commutare Midi o Audio sullo stesso stile. Supporto per bassi audio utente esterni. Equalizzatore parametrico a 3 bande con 10 preset, programmabili su ogni stile. Possibilit\u00e0 di caricare bassi reali esterni per l&#8217;utente<\/li>\n<li><strong>Modellazione dello stile:<\/strong>\u00a0Naviga e scegli Batteria, Groove, Basso e Accordi dall&#8217;enorme libreria Midi e Audio. Modelli Multichord e Multibass<\/li>\n<li><strong>Editing dello stile:<\/strong>\u00a0Registrazione e modifica avanzata dei pattern. Funzioni Copia, Quantizza, Velocit\u00e0, Ottava. Quantizzazione speciale disponibile per gli stili orientali (7\/8, 9\/8, 13\/8, ecc.)<\/li>\n<li><strong>Registrazioni:<\/strong>\u00a04 Banchi con Registrazioni illimitate che controllano il set up globale dello strumento<\/li>\n<li><strong>Prestazioni:<\/strong>\u00a0Fornisce un rapido accesso a Stili, Registrazioni con file Style, Mp3, Wav o Midi. 7 set con archiviazione illimitata di file<\/li>\n<li><strong>Play Mode:<\/strong>\u00a0Master, Accord\/Style, Accord\/Classic, Organist<\/li>\n<li><strong>Frase:<\/strong>\u00a0Registrazione e riproduzione in tempo reale per sequenze di accordi di stile<\/li>\n<li><strong>Interruttore a pedale:<\/strong>\u00a04 set programmabili. Assegnabile alle funzioni e alle caratteristiche pi\u00f9 rilevanti dello strumento<\/li>\n<li><strong>Scala Araba:<\/strong>\u00a016 sets. 6 scale memories<\/li>\n<li><strong>DSP:<\/strong>\u00a0Reverb, Chorus, Phaser, Flanger, Overdrive, Distortion, Tremolo, Autopan, Equalizer. 2 stereo EFX Insert assigned to Voice and Voice 2, 1 Insert to Arranger chords, 1 Insert to Real Chord. 64 Single Presets and 64 Chain Effects. Deep editing<\/li>\n<li><strong>Stem:<\/strong>\u00a04 scene. 5 tracce audio per scena da riprodurre contemporaneamente. Traccia principale, Trasposizione, Time Stretching, Loop, Solo, Muto, Autoplay. Fissato\u00a0passo per la sezione Drum. Supporto per gli stem utente esterni<\/li>\n<li><strong>Player:<\/strong>\u00a02 unit\u00e0 di riproduzione separate feat. Transpose, Audio Time stretching, GM, Jukebox, Playlist, Drum Remix, Markers, Lyrics, Cross Fade, Search, PFL, Midi Mix,\u00a0Sfondi karaoke. Supporto per file wav, midi, mp3, mp4, avi, mov, flv, cdg, jpg, png, txt e pdf<\/li>\n<li><strong>Registrazione HD:<\/strong>\u00a01 traccia audio stereo. Registrazione Midi e Song Style<\/li>\n<li><strong>Multitraccia Audio:<\/strong>\u00a05+1 audio tracks<\/li>\n<li><strong>Ingressi:<\/strong>\u00a01 Ingresso micro (combo XLR) con alimentazione phantom (48V) e con controllo del guadagno. Effetto con riverbero, delay, equalizzatore, pitch shift.\u00a0Secondo ingresso (TRS) per segnali a livello di microfono, linea e strumento con controllo del volume e del riverbero<\/li>\n<li><strong>Voicetron:<\/strong>\u00a0Vocalizzatore a 3 voci. Assegnabile a file Arranger o Midi con funzioni Preset, Equalizer, Mode<\/li>\n<li><strong>Video:<\/strong>\u00a0Connessione HDMI per la visualizzazione di testi, immagini e video (fino alla risoluzione Full HD). Controllo remoto tramite HDMI (\u00e8 necessario uno schermo con risoluzione 1280&#215;720)<\/li>\n<li><strong>Bluetooth:<\/strong>\u00a0Ingresso audio in streaming (profilo ad2p)<\/li>\n<li><strong>Controllo Remoto:<\/strong>\u00a0Tramite VNC (Wi-Fi direct, LAN direct o LAN DHCP) o tramite HDMI.\u00a0Led della modalit\u00e0 di connessione sul pannello frontale e interruttori della modalit\u00e0 di connessione sul pannello posteriore<\/li>\n<li><strong>Wi_FI:<\/strong>\u00a0Controllo remoto tramite VNC (Wi-Fi diretto)<\/li>\n<li><strong>LAN:<\/strong>\u00a0Controllo remoto tramite cavo Ethernet (connessione diretta o DHCP)<\/li>\n<li><strong>Memoria:<\/strong>\u00a0240 GB internal SSD disk (80 GB reserved for System). Optional external SD Card (up to 512 GB)<\/li>\n<li><strong>Connessioni frontali:<\/strong>\u00a0Cuffie, Input, Micro with direct output<\/li>\n<li><strong>Cnnessioni posteriori:<\/strong>\u00a0Main Out Left \/ Right. Sustain pedal. Volume pedal. Footswitch. Midi In1, Midi In2, Out, Thru, 2 x USB device. USB Host. HDMI, Ethernet<\/li>\n<li><strong>Opzionali (Non inclusi):<\/strong>\u00a0Pedale del volume normale o deluxe. Pedale sustain normale o tipo pianoforte (disponibile anche con connettore Footswitch). Interruttore a pedale 6 o 13 interruttori.\u00a0Pedaliera Midi 13 note (K8). Monitor. Borsa morbida.<\/li>\n<li><strong>Dimensioni:<\/strong>\u00a027 x 20 x 6 cm<\/li>\n<li><strong>Peso:<\/strong>\u00a02 Kg<\/li>\n<\/ul>\n","protected":false},"excerpt":{"rendered":"<h2>Modulo Per Tastiere Arranger<\/h2>\n<p>Sembra incredibile, ma la nostra acclamata ammiraglia EVENT \u00e8 ora interamente contenuta all&#8217;interno di questo modulo straordinariamente compatto, con gli stessi suoni, gli stessi stili reali e tutte le altre funzioni della tastiera. Forse nessun altro prodotto arrangiatore \u00e8 mai stato creato con una tale concentrazione di possibilit\u00e0 musicali. L&#8217;EVM \u00e8 facilmente adattabile a varie forme di utilizzo in quanto \u00e8 completamente compatibile con il Midi. Se state pensando a un dispositivo compatto e facile da trasportare che possa sostituire la vostra tastiera arrangiatrice in una situazione di concerto dal vivo, durante i viaggi in aereo o nelle sessioni di registrazione in studio, l&#8217;EVM \u00e8 senza dubbio la scelta perfetta per voi.<\/p>\n","protected":false},"featured_media":2500,"template":"","meta":[],"product_brand":[],"product_cat":[140],"product_tag":[],"class_list":{"0":"post-2498","1":"product","2":"type-product","3":"status-publish","4":"has-post-thumbnail","6":"product_cat-tastiere-e-synth","8":"first","9":"instock","10":"shipping-taxable","11":"product-type-simple"},"_links":{"self":[{"href":"https:\/\/musicaliborgna.com\/index.php?rest_route=\/wp\/v2\/product\/2498","targetHints":{"allow":["GET"]}}],"collection":[{"href":"https:\/\/musicaliborgna.com\/index.php?rest_route=\/wp\/v2\/product"}],"about":[{"href":"https:\/\/musicaliborgna.com\/index.php?rest_route=\/wp\/v2\/types\/product"}],"wp:featuredmedia":[{"embeddable":true,"href":"https:\/\/musicaliborgna.com\/index.php?rest_route=\/wp\/v2\/media\/2500"}],"wp:attachment":[{"href":"https:\/\/musicaliborgna.com\/index.php?rest_route=%2Fwp%2Fv2%2Fmedia&parent=2498"}],"wp:term":[{"taxonomy":"product_brand","embeddable":true,"href":"https:\/\/musicaliborgna.com\/index.php?rest_route=%2Fwp%2Fv2%2Fproduct_brand&post=2498"},{"taxonomy":"product_cat","embeddable":true,"href":"https:\/\/musicaliborgna.com\/index.php?rest_route=%2Fwp%2Fv2%2Fproduct_cat&post=2498"},{"taxonomy":"product_tag","embeddable":true,"href":"https:\/\/musicaliborgna.com\/index.php?rest_route=%2Fwp%2Fv2%2Fproduct_tag&post=2498"}],"curies":[{"name":"wp","href":"https:\/\/api.w.org\/{rel}","templated":true}]}}