{"id":2508,"date":"2024-09-03T09:43:30","date_gmt":"2024-09-03T09:43:30","guid":{"rendered":"https:\/\/musicaliborgna.com\/?post_type=product&#038;p=2508"},"modified":"2024-09-03T09:43:30","modified_gmt":"2024-09-03T09:43:30","slug":"mayer-emi-vibes","status":"publish","type":"product","link":"https:\/\/musicaliborgna.com\/?product=mayer-emi-vibes","title":{"rendered":"MAYER EMI &#8220;VIBES&#8221;"},"content":{"rendered":"<p>Con 24 voci stereo, il potente motore X-VA (Extended Virtual Analog), il mixer audio digitale integrato, il Clip Launcher migliorato, il motore Drum completo e il nuovo oscillatore Resonator, VIBES \u00e8 un sintetizzatore unico, che consente a sound designer e artisti di accrescere notevolmente il loro potenziale creativo.<\/p>\n<div>Combinando un nuovo design all&#8217;avanguardia, artigianalit\u00e0, qualit\u00e0 del suono e ricca connettivit\u00e0, VIBES stabilisce un nuovo punto di riferimento nel design dei synth moderni. La combinazione di veri oscillatori digitali stereo con la ricchezza armonica della sintesi wavetable, lo rende uno strumento da sogno per l\u2019uso dal vivo e in studio.<\/div>\n<div><\/div>\n<div>Grazie alla combinazione di controlli macro e un display touchscreen da 5&#8243; super reattivo, tutti i parametri pi\u00f9 importanti risultano facilmente accessibili in ogni situazione.<\/div>\n<div>\n<table width=\"1295\">\n<tbody>\n<tr>\n<td colspan=\"2\" width=\"1295\">CARATTERISTICHE TECNICHE<\/td>\n<\/tr>\n<tr>\n<td width=\"647\">CARATTERISTICHE DEL MOTORE SONORO X-VA<\/p>\n<p>&nbsp;<\/p>\n<p>\u00b7\u00a0\u00a0\u00a0 Polifonia a 24 voci<\/p>\n<p>\u00b7\u00a0\u00a0\u00a0 4 parti + 14 strumenti a percussione<\/p>\n<p>\u00b7\u00a0\u00a0\u00a0 Stereofonia reale con percorso completo del segnale audio stereo, dagli oscillatori al mixer, passando per il filtro e gli effetti, fino all&#8217;uscita.<\/p>\n<p>&nbsp;<\/p>\n<p>Struttura stereo per voce:<\/p>\n<p>\u00b7\u00a0\u00a0\u00a0 2 oscillatori con 3 diversi modelli ciascuno<\/p>\n<p>&nbsp;<\/p>\n<p>Algoritm Oscillator:<\/p>\n<p>\u00b7\u00a0\u00a0\u00a0 8 forme d&#8217;onda (PD_SIN, VA_SWEEP e altro)<\/p>\n<p>\u00b7\u00a0\u00a0\u00a0 Opzioni di morphing e modulazione<\/p>\n<p>&nbsp;<\/p>\n<p>Wavetable:<\/p>\n<p>\u00b7\u00a0\u00a0\u00a0 Oltre 50 wavetable selezionate<\/p>\n<p>\u00b7\u00a0\u00a0\u00a0 Wavetable composte da un massimo di 256 forme d&#8217;onda a ciclo singolo con 2048 sample per ciclo (compatibili con il formato di Serum)<\/p>\n<p>\u00b7\u00a0\u00a0\u00a0 Effetti spettrali (morphing spettrale, spostamento armonico e altro)<\/p>\n<p>\u00b7\u00a0\u00a0\u00a0 Fino a 4x stereo unison<\/p>\n<p>&nbsp;<\/p>\n<p>Resonator (modellazione fisica):<\/p>\n<p>\u00b7\u00a0\u00a0\u00a0 64 bande<\/p>\n<p>\u00b7\u00a0\u00a0\u00a0 Eccitatore basato su attacco\/decadimento<\/p>\n<p>\u00b7\u00a0\u00a0\u00a0 Vari algoritmi per definire differenti profili della banda del resonator<\/p>\n<p>\u00b7\u00a0\u00a0\u00a0 1 oscillatore Sample\/Noise<\/p>\n<p>&nbsp;<\/p>\n<p>Modalit\u00e0 loop e punti di loop configurabili:<\/p>\n<p>\u00b7\u00a0\u00a0\u00a0 Sound sample singoli o multipli<\/p>\n<p>\u00b7\u00a0\u00a0\u00a0 2 filtri stereo multimodali con oltre 10 modelli diversi<\/p>\n<p>&nbsp;<\/p>\n<p>Modellazione del suono:<\/p>\n<p>\u00b7\u00a0\u00a0\u00a0 4 inviluppi ADSR<\/p>\n<p>\u00b7\u00a0\u00a0\u00a0 3 LFO (sincronizzati MIDI, con forme d&#8217;onda standard e personalizzate)<\/p>\n<p>\u00b7\u00a0\u00a0\u00a0 1x waveform shaper con vari algoritmi<\/p>\n<p>\u00b7\u00a0\u00a0\u00a0 Matrice di modulazione con 24 slot (25 opzioni sorgente e 40 opzioni destinazione)<\/p>\n<p>\u00b7\u00a0\u00a0\u00a0 Oscillator mix e filter routing<\/p>\n<p>&nbsp;<\/p>\n<p>Arpeggiatore e step sequencer per synth part<\/p>\n<p>&nbsp;<\/p>\n<p>Clip launcher:<\/p>\n<p>\u00b7\u00a0\u00a0\u00a0 7 tracce (4 parti synth, traccia batteria, 2 tracce midi per strumenti esterni) con un massimo di 8 clip per traccia<\/p>\n<p>\u00b7\u00a0\u00a0\u00a0 Sequencer MIDI polifonico con opzioni di registrazione e quantizzazione<\/p>\n<p>\u00b7\u00a0\u00a0\u00a0 Editor pattern batteria e sequenza<\/p>\n<p>\u00b7\u00a0\u00a0\u00a0 Supporto per controller USB esterni (ad es. Launchpad, APKmini)<\/p>\n<p>&nbsp;<\/p>\n<p>Synth e live effect stack<\/p>\n<p>\u00b7\u00a0\u00a0\u00a0 4 stack multi-effetti stereo (1x per ogni parte synth)<\/p>\n<p>\u00b7\u00a0\u00a0\u00a0 2 stack multi-effetti stereo live nel mixer audio<\/p>\n<p>\u00b7\u00a0\u00a0\u00a0 Riverbero, Delay stereo (sincronizzato via midi), Compressore, JChorus6 e altro<\/p>\n<p>&nbsp;<\/p>\n<p>Mixer audio digitale:<\/p>\n<p>\u00b7\u00a0\u00a0\u00a0 19 canali di ingresso stereo, 2 canali di uscita stereo<\/p>\n<p>\u00b7\u00a0\u00a0\u00a0 Bus, cuffie ed effetto send<\/p>\n<p>\u00b7\u00a0\u00a0\u00a0 Funzione bilanciamento, pan, limitatore<\/td>\n<td width=\"647\">Connettivit\u00e0 midi:<\/p>\n<p>\u00b7\u00a0\u00a0\u00a0 Controllo MIDI, note on-off, pitch wheel, aftertouch polifonico<\/p>\n<p>\u00b7\u00a0\u00a0\u00a0 Trasporto send\/receive<\/p>\n<p>\u00b7\u00a0\u00a0\u00a0 Clock send\/receive<\/p>\n<p>&nbsp;<\/p>\n<p>Interfaccia web:<\/p>\n<p>\u00b7\u00a0\u00a0\u00a0 Caricamento\/scaricamento di preset, performance, wavetable, campioni, sequenze definite dall&#8217;utente<\/p>\n<p>\u00b7\u00a0\u00a0\u00a0 Accessibile tramite Wi-Fi o Ethernet<\/p>\n<p>&nbsp;<\/p>\n<p>Altre caratteristiche:<\/p>\n<p>\u00b7\u00a0\u00a0\u00a0 14 GB di memoria interna disponibile per preset, wavetable, campioni, performance e sequenze MIDI<\/p>\n<p>&nbsp;<\/p>\n<p>CARATTERISTICHE HARDWARE<\/p>\n<p>&nbsp;<\/p>\n<p>Interfaccia utente:<\/p>\n<p>\u00b7\u00a0\u00a0\u00a0 Touch screen capacitivo a colori da 5&#8243; (risoluzione 800\u00d7480 pixel)<\/p>\n<p>\u00b7\u00a0\u00a0\u00a0 4 encoder correlati al display e 1 encoder principale<\/p>\n<p>\u00b7\u00a0\u00a0\u00a0 20 pulsanti per navigazione e menu<\/p>\n<p>\u00b7\u00a0\u00a0\u00a0 Sezione manopola singola (morphing di pi\u00f9 parametri insieme)<\/p>\n<p>\u00b7\u00a0\u00a0\u00a0 3 encoder macro correlati alla parte synth (con indicatori LED multicolore)<\/p>\n<p>\u00b7\u00a0\u00a0\u00a0 3 encoder correlati al filtro (con indicatori LED multicolore per Filter CutOff, Resonance e Amount)<\/p>\n<p>&nbsp;<\/p>\n<p>Ingressi\/uscite:<\/p>\n<p>\u00b7\u00a0\u00a0\u00a0 Ingresso per alimentazione 12 V CC, 2,5 A con interruttore di accensione<\/p>\n<p>\u00b7\u00a0\u00a0\u00a0 3x connessione USB-A (max. 500mA)<\/p>\n<p>\u00b7\u00a0\u00a0\u00a0 Ethernet (100Mbit)<\/p>\n<p>\u00b7\u00a0\u00a0\u00a0 Connessione per pedale sustain: presa TR da 6,3 mm<\/p>\n<p>\u00b7\u00a0\u00a0\u00a0 Connessione per pedale di espressione: presa TR da 6,3 mm<\/p>\n<p>\u00b7\u00a0\u00a0\u00a0 DIN MIDI In\/Thru\/Out<\/p>\n<p>\u00b7\u00a0\u00a0\u00a0 Ingresso linea stereo: jack TRS da 6,3 mm (AD 24 bit, 48 KHz)<\/p>\n<p>\u00b7\u00a0\u00a0\u00a0 Uscita linea stereo: jack TRS da 6,3 mm (DA 24 bit, 48 KHz)<\/p>\n<p>\u00b7\u00a0\u00a0\u00a0 Uscita cuffie stereo: jack TRS da 6,3 mm (DA 24 bit, 48 KHz)<\/p>\n<p>\u00b7\u00a0\u00a0\u00a0 Compatibile con Wi-Fi a 2,4\/5 GHz<\/p>\n<p>&nbsp;<\/p>\n<p>Specifiche tecniche<\/p>\n<p>\u00b7\u00a0\u00a0\u00a0 Dimensioni (L x P x A): 322 mm x 174 mm x 76 mm<\/p>\n<p>\u00b7\u00a0\u00a0\u00a0 Peso: 2 kg<\/p>\n<p>\u00b7\u00a0\u00a0\u00a0 Alloggiamento in metallo con parte anteriore e posteriore in noce<\/p>\n<p>\u00b7\u00a0\u00a0\u00a0 Supporto VESA da 75 x 75 mm<\/p>\n<p>&nbsp;<\/p>\n<p>Contenuto della confezione:<\/p>\n<p>\u00b7\u00a0\u00a0\u00a0 Vibes MD850<\/p>\n<p>\u00b7\u00a0\u00a0\u00a0 Cavo adattatore audio stereo da 6,3 mm a dual mono<\/p>\n<p>\u00b7\u00a0\u00a0\u00a0 Alimentazione 12 V CC (con spine per UE, UK, US, AUS)<\/p>\n<p>\u00b7\u00a0\u00a0\u00a0 Guida rapida e istruzioni di sicurezza<\/td>\n<\/tr>\n<\/tbody>\n<\/table>\n<\/div>\n","protected":false},"excerpt":{"rendered":"<p>Il produttore di sintetizzatori austriaco Mayer EMI ha presentato il loro primo potente sintetizzatore desktop MD900 al Superbooth 2021.<\/p>\n<p>Negli anni a seguire lo sviluppo \u00e8 proseguito con l\u2019obbiettivo di realizzare un apparecchio<\/p>\n<p>con le medesime caratteristiche sonore ad un prezzo accessibile a tutti.<\/p>\n<p>Il risultato \u00e8 VIBES, un nuovo sintetizzatore pi\u00f9 compatto e potente.<\/p>\n","protected":false},"featured_media":2510,"template":"","meta":[],"product_brand":[],"product_cat":[140],"product_tag":[],"class_list":{"0":"post-2508","1":"product","2":"type-product","3":"status-publish","4":"has-post-thumbnail","6":"product_cat-tastiere-e-synth","8":"first","9":"instock","10":"shipping-taxable","11":"product-type-simple"},"_links":{"self":[{"href":"https:\/\/musicaliborgna.com\/index.php?rest_route=\/wp\/v2\/product\/2508","targetHints":{"allow":["GET"]}}],"collection":[{"href":"https:\/\/musicaliborgna.com\/index.php?rest_route=\/wp\/v2\/product"}],"about":[{"href":"https:\/\/musicaliborgna.com\/index.php?rest_route=\/wp\/v2\/types\/product"}],"wp:featuredmedia":[{"embeddable":true,"href":"https:\/\/musicaliborgna.com\/index.php?rest_route=\/wp\/v2\/media\/2510"}],"wp:attachment":[{"href":"https:\/\/musicaliborgna.com\/index.php?rest_route=%2Fwp%2Fv2%2Fmedia&parent=2508"}],"wp:term":[{"taxonomy":"product_brand","embeddable":true,"href":"https:\/\/musicaliborgna.com\/index.php?rest_route=%2Fwp%2Fv2%2Fproduct_brand&post=2508"},{"taxonomy":"product_cat","embeddable":true,"href":"https:\/\/musicaliborgna.com\/index.php?rest_route=%2Fwp%2Fv2%2Fproduct_cat&post=2508"},{"taxonomy":"product_tag","embeddable":true,"href":"https:\/\/musicaliborgna.com\/index.php?rest_route=%2Fwp%2Fv2%2Fproduct_tag&post=2508"}],"curies":[{"name":"wp","href":"https:\/\/api.w.org\/{rel}","templated":true}]}}