{"id":2669,"date":"2024-12-31T10:59:08","date_gmt":"2024-12-31T10:59:08","guid":{"rendered":"https:\/\/musicaliborgna.com\/?post_type=product&#038;p=2669"},"modified":"2024-12-31T10:59:08","modified_gmt":"2024-12-31T10:59:08","slug":"korg-xe20sp","status":"publish","type":"product","link":"https:\/\/musicaliborgna.com\/?product=korg-xe20sp","title":{"rendered":"Korg &#8211; XE20SP"},"content":{"rendered":"<h1><strong>KORG XE20 SP\u00a0<\/strong>\u00e8 un piano digitale con tastiera\u00a0<strong>pesata 88 note<\/strong>\u00a0<em>Natural Touch<\/em>, con un generatore sonoro\u00a0<strong>Stereo PCM<\/strong>\u00a0<strong>184 note<\/strong>\u00a0di polifonia, 2 multisample di piano a coda, e oltre\u00a0<strong>700 suoni<\/strong>\u00a0con tutte le famiglie timbriche, elaborati da\u00a0<strong>2 effetti\u00a0<\/strong>digitali.\u00a0<strong>280 Styles\u00a0<\/strong>interattivi su\u00a0ogni genere musicale arricchiscono ogni esecuzione, mentre il\u00a0<strong>Player\/Recorder<\/strong>\u00a0interno riproduce da\u00a0<strong>chiavetta USB<\/strong>\u00a0file musicali\u00a0<strong>MIDI e Audio<\/strong>\u00a0(Mp3, Wav), oppure registra\u00a0in tempo reale, riascoltando il risultato dalla sua amplificazione interna\u00a0<strong>18Wx2<\/strong>.\u00a0<strong>XE20 SP<\/strong>\u00a0arriva gi\u00e0 fornito di\u00a0<strong>supporto in legno<\/strong>\u00a0e unit\u00e0\u00a0<strong>3 pedali.<\/strong><\/h1>\n<h2><strong>XE20 SP &#8211;\u00a0DIGITAL ENSEMBLE PIANO<\/strong><\/h2>\n<p>E&#8217; un piano digitale con\u00a0<strong>accompagnamenti automatici;\u00a0<\/strong>utilizza una tastiera pesata\u00a0<strong>88 note NH (Natural Weighted Hammer Action)<\/strong>, con due distinti timbri di piano a coda e\u00a0una libreria d&#8217;accompagnamenti interattivi chiamati\u00a0<strong>Styles\u00a0<\/strong>che arricchiscono ogni Performance\u00a0producendo il\u00a0supporto musicale di un\u2019intera Band. Suonando degli accordi infatti, lo strumento genera automaticamente le parti musicali d&#8217;accompagnamento con gli strumenti pi\u00f9 idonei allo Style corrente,\u00a0con la possibilit\u00e0 di selezionare fino a\u00a0<strong>4 Variazioni\u00a0<\/strong>oppure aggiungere al momento desiderato dei\u00a0<strong>Fill\u00a0<\/strong>cio\u00e8 dei passaggi musicali,\u00a0<strong>Intro Break\u00a0<\/strong>o\u00a0<strong>Ending\u00a0<\/strong>un ottimo sistema per esibirsi dal vivo in modo anche estemporaneo!<\/p>\n<h2><strong>Tastiera con il tocco di un pianoforte acustico<\/strong><\/h2>\n<p>Su questo strumento\u00a0viene impiegata una tastiera pesata\u00a0<strong>88 tasti NH (Natural Weighted Hammer Action)<\/strong>, che riproduce il tocco di un pianoforte a coda, compresa la sensazione tattile generata dalla differenza di peso dei martelli tra il registro grave e acuto. Questo componente\u00a0possiede grande sensibilit\u00e0 e un raffinato bilanciamento per ottenere senza sforzo un\u2019ampia gamma dinamica.\u00a0Risulta particolarmente adatta inoltre, anche per lo studio specifico del pianoforte, mentre la sua estensione favorisce inoltre l\u2019esecuzione di brani per pianoforte a 4 mani o divertenti duetti con amici o familiari.<\/p>\n<h3><strong>Due distinti timbri di piano a coda da concerto<\/strong><\/h3>\n<p><strong>XE20 SP\u00a0<\/strong>possiede le timbriche di due pianoforti a coda da concerto tra i pi\u00f9 rinomati e prestigiosi a livello mondiale:<\/p>\n<ul>\n<li><strong>German Piano<\/strong>: di grande potenza ed espressivit\u00e0, uno strumento amato da moltissimi pianisti e concertisti, dalla timbrica spiccata e caratteristica, dal registro acuto brillante e presente e la gamma grave dinamica e potente.<\/li>\n<li><strong>Italian Piano<\/strong>: famoso in tutto il mondo, dallo spettro armonico ricco di risonanze in grado di esprimere al meglio la sensibilit\u00e0 musicale di ogni esecutore.<\/li>\n<\/ul>\n<p>Questi due timbri supportano adeguatamente la scelta di gusto personale o di repertorio di ogni utente, per ricavare il massimo da ogni esperienza esecutiva.<\/p>\n<hr \/>\n<h2><strong>La tavolozza timbrica di\u00a0XE20 SP<\/strong><\/h2>\n<p>Oltre ai suoi straordinari pianoforti\u00a0<strong>XE20 SP\u00a0<\/strong>possiede un\u2019ampio e versatile database sonoro con oltre\u00a0<strong>700 timbri\u00a0<\/strong>tutti molto espressivi e realistici, tra cui: piani elettrici, organi, Synth Pad, Brass, Strings, Drum Kit e molti altri; tutti accuratamente campionati da reali strumenti acustici e digitali; ogni suono pu\u00f2 essere usato per l\u2019esecuzione in tempo reale o come parte degli accompagnamenti automatici.<\/p>\n<p><img decoding=\"async\" title=\"KORG XE20 SP una panoramica del pannello comandi chiaro ed intuivo con il Display retroilluminato\" src=\"https:\/\/www.algameko.com\/images\/uploads\/XE20_1200x630_02.jpg\" alt=\"KORG XE20 SP una panoramica del pannello comandi chiaro ed intuivo con il Display retroilluminato\" \/><\/p>\n<h2><strong>Gli accompagnamenti interattivi di XE20 SP<\/strong><\/h2>\n<p>Gli Styles di\u00a0<strong>XE20 SP\u00a0<\/strong>generano automaticamente un accompagnamento musicale completo in base allo Style selezionato e agli accordi eseguiti sulla tastiera. Un supporto musicale molto realistico, simile ad una Band vera e propria che segue fedelmente ogni necessit\u00e0 musicale; in questo modo XE20 SP rende sempre pi\u00f9 interessante e vivace ogni esecuzione, che si tratti del vostro brano preferito, o di una complessa improvvisazione.\u00a0Su XE20 SP sono a disposizione pi\u00f9 di 280 Styles accuratamente selezionati tra i generi musicali di tutto il mondo, ciascuno con: 4 Variation (Variazioni), cio\u00e8 diversi gradi di complessit\u00e0 di arrangiamento: dal pi\u00f9 semplice della\u00a0<strong>VAR1<\/strong>, al pi\u00f9 denso di strumenti della\u00a0<strong>VAR4<\/strong>, richiamabili semplicemente con il semplice tocco di un tasto. Allo stesso modo \u00e8 possibile impostare per il brano che state suonando un\u2019introduzione: INTRO, oppure una finale: ENDING. Queste parti musicali sono tutte gestibili in tempo reale, ed aggiungono notevole variet\u00e0 alle vostre Performance.<\/p>\n<h2><strong>Registrare e riascoltare canzoni XE20 SP<\/strong><\/h2>\n<p><strong>XE20 SP\u00a0<\/strong>registra e memorizza ogni Performance per poterla riascoltare successivamente; in modo\u00a0<strong>SONG\u00a0<\/strong>inoltre, \u00e8 possibile utilizzare come supporti musicali:\u00a0<strong>MIDI File standard<\/strong>\u00a0o Audio come\u00a0<strong>Mp3\u00a0<\/strong>oppure\u00a0<strong>Wav<\/strong>, riprodotti in lettura diretta da un dispositivo di memoria USB come ad esempio una chiavetta.<\/p>\n<p><img decoding=\"async\" title=\"KORG XE20 SP arricchisce ogni esecuzione anche la pi\u00f9 elementare con il supporto di una intera Band!\" src=\"https:\/\/www.algameko.com\/images\/uploads\/\/04_XE20.jpg\" alt=\"KORG XE20 SP arricchisce ogni esecuzione anche la pi\u00f9 elementare con il supporto di una intera Band!\" \/><\/p>\n<h2><strong>Elegante design in grado di adattarsi a qualsiasi ambiente<\/strong><\/h2>\n<p><strong>XE20 SP<\/strong>\u00a0\u00e8 profondo solo 34 cm e pesa solo 11,4 kg. l&#8217;elegante stand in legno in dotazione e le sue dimensioni compatte contentono di inserirlo adeguatamente in ogni ambiente ed arredamento.<\/p>\n<h2><strong>Il Sistema d&#8217;amplificazione di KORG XE20 SP<\/strong><\/h2>\n<p>Il sistema d&#8217;amplificazione interna di\u00a0<strong>XE20 SP\u00a0<\/strong>\u00e8 stato progettato per fornire il massimo in termini di qualit\u00e0, potenza e chiarezza nella riproduzione. Molta cura \u00e8 stata riposta nella taratura del suo balance generale, per\u00a0valorizzare al massimo i suoni pi\u00f9 tipici degli Style, come basso e batteria, e nello stesso tempo far risaltare i suoni di pianoforte.<\/p>\n<p><img decoding=\"async\" src=\"https:\/\/www.algameko.com\/images\/uploads\/XE20_1200x630_03.jpg\" alt=\"KORG  XE20 SP con le sue funzioni interattive rendo lo studio del pianoforte pi\u00f9 piacevole e divertente.\" \/><\/p>\n<p><strong>Software in Bundle per studiare e sviluppare la creativit\u00e0 musicale.<\/strong><\/p>\n<p><strong>XE20 SP\u00a0<\/strong>viene fornito di un\u2019ampia dotazione di Software, in grado di far evolvere rapidamente le conoscenze e le abilit\u00e0 personali in campo musicale.<\/p>\n<ul>\n<li><strong>Skoove<\/strong>\u00a0un programma didattico in grado di migliorare la capacit\u00e0 d\u2019esecuzione sulla tastiera.<\/li>\n<li><strong>KORG Module Le<\/strong>\u00a0una App generatore sonoro virtuale dedicato ai suoni di pianoforte e tastiere.<\/li>\n<li><strong>KORG Gadget 2<\/strong>\u00a0Le una DAW (Digital Audio Workstation) completa per la produzione musicale.<\/li>\n<\/ul>\n<p><strong>Skoove<\/strong>\u00a0\u00e8 la piattaforma pi\u00f9 ampia e veloce per l&#8217;apprendimento del pianoforte. Attraverso i tre passaggi: \u201cascolta, impara, esegui\u201d, permette di acquisire capacit\u00e0 esecutive e orecchio musicale. Con il programma vengono forniti pi\u00f9 di dieci corsi con pi\u00f9 di 300 brani, aggiornati costantemente. Skoove fornisce un supporto didattico appropriato a seconda del livello e delle necessit\u00e0 sia dei principianti sia di coloro gi\u00e0 in grado di suonare.<\/p>\n<p><strong>KORG\u00a0<\/strong><strong>\u201cModule Le<\/strong><strong>\u201d una App generatore sonoro virtuale dedicato ai suoni di pianoforte e tastiere<\/strong><\/p>\n<p>\u00c8 una App per dispositivi mobili (disponibile solo per iOS) di alta qualit\u00e0, riproduce i suoni di pianoforte a coda e delle tastiere da studio pi\u00f9 apprezzati e diffusi, con una libreria timbrica di qualit\u00e0 professionale ideale sia per le esibizioni Live che per le produzioni musicali.<\/p>\n<p><strong>KORG Gadget 2 Le App di produzione musicale, DAW con modulo sonoro integrato<\/strong><\/p>\n<p>App dedicata alla produzione musicale basata su dispositivi mobili come iPad\/iPhone, che dispone di moduli sintetizzatori e Drum Machine miniaturizzati chiamati &#8220;<em>gadget<\/em>&#8220;, con la possibilit\u00e0 di combinarli liberamente per produrre musica in modo facile e con un&#8217;interfaccia intuitiva.<\/p>\n<p><em>* Il collegamento di &#8220;KORG Module Le&#8221; e &#8220;KORG Gadget 2 Le&#8221; a\u00a0<\/em><em>XE20 SP pu\u00f2 incrementare i suoni e le funzionalit\u00e0 dello strumento. La connessione al PC richiede un cavo USB (non compreso), mentre la connessione all\u2019iPhone o all\u2019iPad richiede un cavo USB + adattatore per fotocamera Lightning-USB (entrambi venduti separatamente).<\/em><\/p>\n<hr \/>\n<h2><strong>KORG XE20 SP Specifiche Tecniche<\/strong><\/h2>\n<ul>\n<li><strong>Tastiera<\/strong>: NH (Natural Weighted Hammer Action), 88 Tasti (Estensione: A0\u2013C8)<\/li>\n<li><strong>Touch Control<\/strong>: 4 Tipi: Soft (light), medium (standard), hard (heavier), fixed<\/li>\n<li><strong>Pitch<\/strong>: Transpose, Fine tuning<\/li>\n<li><strong>Generazione Sonora<\/strong>: Stereo PCM<\/li>\n<li><strong>Polifonia<\/strong>: 184 voci max. German piano e Italian piano: 120 voci totali max. Altri suoni: 64 Voci totali max.<\/li>\n<li><strong>Suoni<\/strong>: pi\u00f9 di 705 suoni, 41 Drum Kits (incluso il Sound Set GM compatibile)<\/li>\n<\/ul>\n<p><strong>Effetti<\/strong>:<\/p>\n<ul>\n<li>Accompagnamento: 2 Multi Effetti digitali Stereo<\/li>\n<li>Keyboard: 2 Multi Effetti digitali Stereo<\/li>\n<li><strong>Style<\/strong>: 280 presets :\u00a02 intro, 4 viriations, 2 Fills, 1 count in\/break, 2 endings, syncro start\/stop, tap tempo<\/li>\n<li><strong>Music Styles<\/strong>: Pi\u00f9 di 64 styles<\/li>\n<li><strong>Demo Songs<\/strong>: 21 Songs<\/li>\n<li><strong>Audio Player<\/strong>: MP3, WAV (44.1kHz, 16bit)<\/li>\n<li><strong>Sequencer<\/strong>:<\/li>\n<li><strong>Record<\/strong>: Real-time recording (Style mode), 999 Songs Max. (Circa 100.000 note), 12 tracce (4 keyboard + 8 Styles), Formato proprietario (convertibile in formato: SMF0)<\/li>\n<li><strong>Playback<\/strong>: Supporta il Song Play (esecuzione sulla tastiera durante la riproduzione), SMF (Standard MIDI File) formati: 0 or 1<\/li>\n<li><strong>Set lists<\/strong>: 10 banchi x 4<\/li>\n<li><strong>Metronomo<\/strong>: Tempo, Beat, Volume<\/li>\n<li><strong>Tempo<\/strong>: 30\u2013240<\/li>\n<li><strong>Transpose<\/strong>: C (-12) da C (0) a C (+12)<\/li>\n<li><strong>Accordatura\u00a0<\/strong>&#8211; Tuning: 427.5\u2013452.9 Hz<\/li>\n<\/ul>\n<p><strong>Ingressi-Uscite Input\/Output:<\/strong><\/p>\n<ul>\n<li>Pedale jack: 6.3 mm (1\/4&#8243;) phone jack<\/li>\n<li>AUDIO IN jack: 3.5 (1\/8&#8243;) mm Stereo Mini-Phone Jack<\/li>\n<li>OUTPUT L\/MONO, R jack: s6.3 mm (1\/4&#8243;) Phone Jack (sbilanciato)<\/li>\n<li>Cuffie: 3.5 mm (1\/8&#8243;) Stereo Mini-Phone Jack<\/li>\n<li>USB A port: TO DEVICE per la connessione di: USB flash memory e controllers<\/li>\n<li>USB B portTO HOST per la connessione di personal computers<\/li>\n<li>PEDAL jack: Pedale Damper (in dotazione), unit\u00e0 pedali PU-2 (Accessorio Opzionale)<\/li>\n<\/ul>\n<p><strong>Sistema di Amplificazione<\/strong><\/p>\n<ul>\n<li><strong>Potenza<\/strong>: 18 W \u00d7 2<\/li>\n<li><strong>Altoparlanti<\/strong>: 57 mm (2.24\u201d) \u00d7 126 mm (4.96\u201d) Speakers Ellittici \u00d7 2 (con Bass Reflex Box)<\/li>\n<li><strong>Speaker\u00a0<\/strong>EQ: 8 Tipi di curve di equalizzazione<\/li>\n<li><strong>MIDI<\/strong>: USB MIDI<\/li>\n<li><strong>Display<\/strong>: LCD Custom con retroilluminazione<\/li>\n<li><strong>Alimentazione<\/strong>: Adattatore AC (in dotazione)<\/li>\n<li><strong>Consumo<\/strong>: 13 W<\/li>\n<\/ul>\n<p><strong>Dimensioni\u00a0<\/strong>(W x D x H):<\/p>\n<ul>\n<li>1,312 x 336 x 118 mm\/51.65&#8243; x 13.23&#8243; x 4.65&#8243; (Leggio non incluso)<\/li>\n<li>1,312 x 336 x 751 mm\/51.65&#8243; x 13.23&#8243; x 29.57&#8243; (Con leggio)<\/li>\n<\/ul>\n<p><strong>Peso<\/strong>: 11.4 kg\/25.13 lbs.<\/p>\n<p><iframe loading=\"lazy\" title=\"KORG XE 20 - Ensemble Piano - Presentazione Video in Italiano\" width=\"1220\" height=\"686\" src=\"https:\/\/www.youtube.com\/embed\/uX9QMMrgSrY?feature=oembed\" frameborder=\"0\" allow=\"accelerometer; autoplay; clipboard-write; encrypted-media; gyroscope; picture-in-picture; web-share\" referrerpolicy=\"strict-origin-when-cross-origin\" allowfullscreen><\/iframe><\/p>\n","protected":false},"excerpt":{"rendered":"<p>Arranger Piano, con Stand in legno e unit\u00e0 3 Pedali in dotazione:<\/p>\n<p>tastiera pesata 88 tasti NH, oltre 700 suoni\u00a0PCM, compresi: German &amp; Italian Grand;<\/p>\n<p>280 Styles\/4 Variation, 34 tipi d&#8217;effetti; Audio Player:<\/p>\n<p>SMF, Mp3, Wav\u00a0lettura da USB Key, Sequencer 12 Tracce;<\/p>\n<p>amplificazione 18x2W.<\/p>\n","protected":false},"featured_media":2670,"template":"","meta":[],"product_brand":[],"product_cat":[136],"product_tag":[],"class_list":{"0":"post-2669","1":"product","2":"type-product","3":"status-publish","4":"has-post-thumbnail","6":"product_cat-pianoforti","8":"first","9":"instock","10":"shipping-taxable","11":"product-type-simple"},"_links":{"self":[{"href":"https:\/\/musicaliborgna.com\/index.php?rest_route=\/wp\/v2\/product\/2669","targetHints":{"allow":["GET"]}}],"collection":[{"href":"https:\/\/musicaliborgna.com\/index.php?rest_route=\/wp\/v2\/product"}],"about":[{"href":"https:\/\/musicaliborgna.com\/index.php?rest_route=\/wp\/v2\/types\/product"}],"wp:featuredmedia":[{"embeddable":true,"href":"https:\/\/musicaliborgna.com\/index.php?rest_route=\/wp\/v2\/media\/2670"}],"wp:attachment":[{"href":"https:\/\/musicaliborgna.com\/index.php?rest_route=%2Fwp%2Fv2%2Fmedia&parent=2669"}],"wp:term":[{"taxonomy":"product_brand","embeddable":true,"href":"https:\/\/musicaliborgna.com\/index.php?rest_route=%2Fwp%2Fv2%2Fproduct_brand&post=2669"},{"taxonomy":"product_cat","embeddable":true,"href":"https:\/\/musicaliborgna.com\/index.php?rest_route=%2Fwp%2Fv2%2Fproduct_cat&post=2669"},{"taxonomy":"product_tag","embeddable":true,"href":"https:\/\/musicaliborgna.com\/index.php?rest_route=%2Fwp%2Fv2%2Fproduct_tag&post=2669"}],"curies":[{"name":"wp","href":"https:\/\/api.w.org\/{rel}","templated":true}]}}