{"id":2679,"date":"2025-01-29T11:09:05","date_gmt":"2025-01-29T11:09:05","guid":{"rendered":"https:\/\/musicaliborgna.com\/?post_type=product&#038;p=2679"},"modified":"2025-01-29T11:14:08","modified_gmt":"2025-01-29T11:14:08","slug":"rode-wireless-pro","status":"publish","type":"product","link":"https:\/\/musicaliborgna.com\/?product=rode-wireless-pro","title":{"rendered":"RODE Wireless Pro"},"content":{"rendered":"<p>Grazie alla registrazione integrata float a 32 bit non perdi mai una take,<\/p>\n<p>con il timecode mantieni tutti i tuoi video e audio perfettamente sincronizzati e catturi un suono incredibile per i tuoi contenuti,<\/p>\n<p>senza sforzo con la tecnologia intelligente GainAssist.<\/p>\n<p>Wireless PRO offre tutto ci\u00f2 che potresti desiderare da un sistema microfonico wireless compatto e molto altro ancora.<\/p>\n<div id=\"module_6\" class=\"module-row rode-text-image container \">\n<div class=\"d-lg-flex \">\n<div class=\"col-lg-6 order-1 align-self-center \">\n<div class=\"rode-text\">\n<h4>Audio wireless allo stato dell\u2019arte<\/h4>\n<p>R\u00d8DE ha aperto la strada alla categoria dei microfoni wireless ultracompatti con l&#8217;originale Wireless GO e questa eredit\u00e0 continua con Wireless PRO. Utilizzando la trasmissione digitale all&#8217;avanguardia Series IV a 2,4 GHz e il codec proprietario a latenza quasi zero con crittografia a 128 bit, offre un audio cristallino e incredibilmente stabile con una portata fino a 260 m. E\u2019 dotato di una qualit\u00e0 audio wireless su cui puoi fare affidamento in quasi tutte le registrazioni.<\/p>\n<\/div>\n<\/div>\n<div class=\"col-lg-6 order-2 align-self-center\">\n<div class=\"rode-image\">\n<div class=\"image_background\"><\/div>\n<p><img decoding=\"async\" class=\"img-fluid w-100 \" src=\"https:\/\/edge.rode.com\/images\/page\/2207\/modules\/8804\/rode-wireless-pro-professional-user-case-RodeCAP3379-9504x6336-rgb-2000x2000-ce7db8f.jpg\" alt=\"Wireless PRO connected to camera recording presenters\" \/><\/p>\n<\/div>\n<\/div>\n<\/div>\n<\/div>\n<div id=\"module_7\" class=\"module-row horizontal-rule \">\n<div class=\"rode-generic-html container\">\n<div class=\"row\">\n<div class=\"col-12\">\n<hr class=\"section-break\" \/>\n<\/div>\n<\/div>\n<\/div>\n<\/div>\n<section id=\"section-never-lose-a-recording\" class=\"anchor-hash\"><\/section>\n<div id=\"module_8\" class=\"module-row rode-text-image container \">\n<div class=\"d-lg-flex \">\n<div class=\"col-lg-6 order-2 align-self-center \">\n<div class=\"rode-text\">\n<h4>Non perdere mai una registrazione<\/h4>\n<p>Non c&#8217;\u00e8 niente di peggio che inserire l&#8217;audio nel software di editing e rendersi conto che la registrazione clippa e non pu\u00f2 essere utilizzata. Con il Wireless PRO, questo appartiene al passato. La registrazione on-board a 32-bit float significa che viene eseguito il backup sicuro del tuo audio ogni volta che registri, con la possibilit\u00e0 di recuperare in post-produzione qualsiasi registrazione che sia troppo alta o troppo bassa. Non dovrete pi\u00f9 preoccuparvi di impostare perfettamente il guadagno. Rivoluzionario.<\/p>\n<\/div>\n<\/div>\n<div class=\"col-lg-6 order-1 align-self-center\">\n<div class=\"rode-image\">\n<div class=\"image_background\"><\/div>\n<p><img decoding=\"async\" class=\"img-fluid w-100 \" src=\"https:\/\/edge.rode.com\/images\/page\/2207\/modules\/8808\/rode-wireless-pro-professional-user-case-DSD5034-9504x6336-rgb-2000x2000-6a472a5.jpg\" alt=\"Wireless PRO connected to camera\" \/><\/p>\n<\/div>\n<\/div>\n<\/div>\n<\/div>\n<div id=\"module_9\" class=\"module-row horizontal-rule \">\n<div class=\"rode-generic-html container\">\n<div class=\"row\">\n<div class=\"col-12\">\n<hr class=\"section-break\" \/>\n<\/div>\n<\/div>\n<\/div>\n<\/div>\n<section id=\"section-audio-and-video-perfectly-in-sync\" class=\"anchor-hash\"><\/section>\n<div id=\"module_10\" class=\"module-row rode-text-image container \">\n<div class=\"d-lg-flex \">\n<div class=\"col-lg-6 order-1 align-self-center \">\n<div class=\"rode-text\">\n<h4>Audio e video perfettamente sincronizzati<\/h4>\n<p>Grazie all&#8217;avanzata funzionalit\u00e0 di timecode del Wireless PRO, \u00e8 possibile sincronizzare perfettamente l&#8217;audio e il video con estrema facilit\u00e0, senza dover ricorrere a complessi e costosi sistemi di timecode esterni.<\/p>\n<\/div>\n<\/div>\n<div class=\"col-lg-6 order-2 align-self-center\">\n<div class=\"rode-image\">\n<div class=\"image_background\"><\/div>\n<p><img decoding=\"async\" class=\"img-fluid w-100 \" src=\"https:\/\/edge.rode.com\/images\/page\/2207\/modules\/8810\/rode-wireless-pro-professional-user-case-RodeCAP2089-9504x6336-rgb-1080x1080-5ac2f61.jpg\" alt=\"Person editing on computer with Wireless PRO in Charge Case connected\" \/><\/p>\n<\/div>\n<\/div>\n<\/div>\n<\/div>\n<div id=\"module_11\" class=\"module-row horizontal-rule \">\n<div class=\"rode-generic-html container\">\n<div class=\"row\">\n<div class=\"col-12\">\n<hr class=\"section-break\" \/>\n<\/div>\n<\/div>\n<\/div>\n<\/div>\n<section id=\"section-pristine-audio-in-any-situation\" class=\"anchor-hash\"><\/section>\n<div id=\"module_12\" class=\"module-row rode-text-image container \">\n<div class=\"d-lg-flex \">\n<div class=\"col-lg-6 order-2 align-self-center \">\n<div class=\"rode-text\">\n<h4>Audio perfetto in qualsiasi situazione<\/h4>\n<p>Oltre alla registrazione on-board a 32-bit float, il Wireless PRO offre una miriade di funzioni che promettono un audio incontaminato in qualsiasi contesto. Assicuratevi che l&#8217;audio sia fluido e perfettamente bilanciato con la tecnologia intelligente GainAssist. Abbina con precisione il microfono alla fotocamera grazie ai controlli di guadagno versatili e al set di impostazioni personalizzate. Aggiungete un ulteriore livello di protezione con il canale di sicurezza. Registrazioni perfette, in qualsiasi situazione.<\/p>\n<\/div>\n<\/div>\n<div class=\"col-lg-6 order-1 align-self-center\">\n<div class=\"rode-image\">\n<div class=\"image_background\"><\/div>\n<p><img decoding=\"async\" class=\"img-fluid w-100 \" src=\"https:\/\/edge.rode.com\/images\/page\/2207\/modules\/8812\/rode-wireless-pro-barangaroo-user-case-509A9982-8192x5464-rgb-2000x2000-61ca664.jpg\" alt=\"Vlogger using Wireless PRO and iPhone on Tripod 2\" \/><\/p>\n<\/div>\n<\/div>\n<\/div>\n<\/div>\n<div id=\"module_13\" class=\"module-row horizontal-rule \">\n<div class=\"rode-generic-html container\">\n<div class=\"row\">\n<div class=\"col-12\">\n<hr class=\"section-break\" \/>\n<\/div>\n<\/div>\n<\/div>\n<\/div>\n<section id=\"section-the-ultimate-pro-recording-kit\" class=\"anchor-hash\"><\/section>\n<div id=\"module_14\" class=\"module-row image_above_text text-center container\">\n<div class=\"d-block position-relative container\">\n<div class=\"rode-image\"><img decoding=\"async\" class=\"img-fluid mx-auto \" src=\"https:\/\/edge.rode.com\/images\/page\/2207\/modules\/4\/wireless-probanner.jpg\" alt=\"Wireless PRO kit\" \/><\/div>\n<div class=\"rode-text mt-3\">\n<h4 class=\"col-lg-9 mx-auto text-center pt-4\">Il kit di registrazione professionale definitivo<\/h4>\n<p class=\"col-lg-9 mx-auto text-center\">Il Wireless PRO viene fornito con tutto il necessario per la configurazione e la registrazione dell\u2019audio wireless fin dal primo utilizzo. Sono inclusi due microfoni professionali\u00a0<a href=\"https:\/\/rode.com\/microphones\/lavalier-wearable\/lavalier-ii\" target=\"_blank\" rel=\"noopener\">Lavalier II<\/a>\u00a0ideali durante le riprese video, nonch\u00e9 di peluches anti-vento per l&#8217;uso all&#8217;aperto, una coppia di\u00a0<a href=\"https:\/\/rode.com\/accessories\/microphone-clips\/magclip-go\" target=\"_blank\" rel=\"noopener\">MagClip GO<\/a>\u00a0per collegare i trasmettitori ovunque, una custodia di ricarica intelligente e una pratica confezione di accessori per riporre Lavalier, cavi e clip.<\/p>\n<\/div>\n<\/div>\n<\/div>\n<div id=\"module_15\" class=\"module-row horizontal-rule \">\n<div class=\"rode-generic-html container\">\n<div class=\"row\">\n<div class=\"col-12\">\n<hr class=\"section-break\" \/>\n<\/div>\n<\/div>\n<\/div>\n<\/div>\n<section id=\"section-connect-to-all-your-devices\" class=\"anchor-hash\"><\/section>\n<div id=\"module_16\" class=\"module-row rode-text-image container \">\n<div class=\"d-lg-flex \">\n<div class=\"col-lg-6 order-1 align-self-center \">\n<div class=\"rode-text\">\n<h4>Connettiti con facilit\u00e0 a tutti i tuoi dispositivi<\/h4>\n<p>Grazie alle uscite analogiche (3,5 mm) e digitali (USB-C), il Wireless PRO \u00e8 universalmente compatibile con fotocamere e altri dispositivi audio, smartphone e tablet iOS e Android e computer Windows e Mac.<\/p>\n<\/div>\n<\/div>\n<div class=\"col-lg-6 order-2 align-self-center\">\n<div class=\"rode-image\">\n<div class=\"image_background\"><\/div>\n<p><img decoding=\"async\" class=\"img-fluid w-100 \" src=\"https:\/\/edge.rode.com\/images\/page\/2207\/modules\/8816\/rode-phone-cage-packaging-insitu-5464x8192-rgb-1080x1080-3df53e8.jpg\" alt=\"Vlogger with Wireless PRO connected to iPhone\" \/><\/p>\n<\/div>\n<\/div>\n<\/div>\n<\/div>\n<div id=\"module_17\" class=\"module-row horizontal-rule \">\n<div class=\"rode-generic-html container\">\n<div class=\"row\">\n<div class=\"col-12\">\n<hr class=\"section-break\" \/>\n<\/div>\n<\/div>\n<\/div>\n<\/div>\n<section id=\"section-easy-configuration-and-control\" class=\"anchor-hash\"><\/section>\n<div id=\"module_18\" class=\"module-row rode-text-image container \">\n<div class=\"d-lg-flex \">\n<div class=\"col-lg-6 order-2 align-self-center \">\n<div class=\"rode-text\">\n<h4>Facile configurazione e controllo<\/h4>\n<p>Controllate i livelli audio a colpo d&#8217;occhio con il luminoso display LCD e configurate le impostazioni al volo con controlli dedicati per qualsiasi evenienza, dalla regolazione del guadagno all&#8217;attivazione delle registrazioni. Personalizzate il sistema in base alle vostre esigenze, ovunque vi troviate, utilizzando il computer o lo smartphone con l&#8217;app R\u00d8DE Central. Controllo completo della configurazione, per essere pronti per qualsiasi registrazione.<\/p>\n<div class=\"d-flex justify-content-center\"><a class=\"d-flex align-items-center btn btn-default\" href=\"https:\/\/rode.com\/software\/rode-central\">Download R\u00d8DE Central<\/a><\/div>\n<\/div>\n<\/div>\n<div class=\"col-lg-6 order-1 align-self-center\">\n<div class=\"rode-image\">\n<div class=\"image_background\"><\/div>\n<p><img decoding=\"async\" class=\"img-fluid w-100 \" src=\"https:\/\/edge.rode.com\/images\/page\/2207\/modules\/8818\/rode-wireless-pro-professional-user-case-DSC3965-9504x6336-rgb-8192x5464-rgb-1080x1080-1d5da85.jpg\" alt=\"Wireless PRO connected to camera\" \/><\/p>\n<\/div>\n<\/div>\n<\/div>\n<\/div>\n<div id=\"module_19\" class=\"module-row horizontal-rule \">\n<div class=\"rode-generic-html container\">\n<div class=\"row\">\n<div class=\"col-12\">\n<hr class=\"section-break\" \/>\n<\/div>\n<\/div>\n<\/div>\n<\/div>\n<section id=\"section-monitor-and-record\" class=\"anchor-hash\"><\/section>\n<div id=\"module_20\" class=\"module-row rode-text-image container \">\n<div class=\"d-lg-flex \">\n<div class=\"col-lg-6 order-1 align-self-center \">\n<div class=\"rode-text\">\n<h4>Monitoring e registrazione<\/h4>\n<p>Monitorate l&#8217;audio sul campo con l&#8217;uscita per cuffie ad alta potenza del Wireless PRO, completa di controllo del livello on-board, oppure collegate una cuffia per acquisire una terza traccia audio durante il monitoring. Versatilit\u00e0 ineguagliabile.<\/p>\n<\/div>\n<\/div>\n<div class=\"col-lg-6 order-2 align-self-center\">\n<div class=\"rode-image\">\n<div class=\"image_background\"><\/div>\n<p><img decoding=\"async\" class=\"img-fluid w-100 \" src=\"https:\/\/edge.rode.com\/images\/page\/2207\/modules\/8820\/rode-wireless-pro-professional-user-case-RodeCAP7524-9504x6336-rgb-1080x1080-26e5f97.jpg\" alt=\"Wireless PRO connected to camera\" \/><\/p>\n<\/div>\n<\/div>\n<\/div>\n<\/div>\n<div id=\"module_21\" class=\"module-row horizontal-rule \">\n<div class=\"rode-generic-html container\">\n<div class=\"row\">\n<div class=\"col-12\">\n<hr class=\"section-break\" \/>\n<\/div>\n<\/div>\n<\/div>\n<\/div>\n<section id=\"section-compact-and-highly-portable\" class=\"anchor-hash\"><\/section>\n<div id=\"module_22\" class=\"module-row rode-text-image container \">\n<div class=\"d-lg-flex \">\n<div class=\"col-lg-6 order-2 align-self-center \">\n<div class=\"rode-text\">\n<h4>Compatto e altamente portatile<\/h4>\n<p>Il Wireless PRO presenta lo stesso design super compatto e ultraleggero per cui \u00e8 famosa la serie Wireless GO. Poco evidente durante le riprese video e altamente portatile, \u00e8 l&#8217;aggiunta perfetta a qualsiasi configurazione di registrazione.<\/p>\n<\/div>\n<\/div>\n<div class=\"col-lg-6 order-1 align-self-center\">\n<div class=\"rode-image\">\n<div class=\"image_background\"><\/div>\n<p><img decoding=\"async\" class=\"img-fluid w-100 \" src=\"https:\/\/edge.rode.com\/images\/page\/2207\/modules\/8822\/rode-wireless-pro-barangaroo-user-case-509A0423-8192x5464-rgb-1080x1080-e9ecb7c.jpg\" alt=\"Charge Case going into bag\" \/><\/p>\n<\/div>\n<\/div>\n<\/div>\n<\/div>\n<div id=\"module_23\" class=\"module-row horizontal-rule \">\n<div class=\"rode-generic-html container\">\n<div class=\"row\">\n<div class=\"col-12\">\n<hr class=\"section-break\" \/>\n<\/div>\n<\/div>\n<\/div>\n<\/div>\n<section id=\"section-road-ready\" class=\"anchor-hash\"><\/section>\n<div id=\"module_24\" class=\"module-row rode-text-image container \">\n<div class=\"d-lg-flex \">\n<div class=\"col-lg-6 order-1 align-self-center \">\n<div class=\"rode-text\">\n<h4>Adatto per il viaggio<\/h4>\n<p>La custodia di ricarica intelligente inclusa non solo protegge il Wireless PRO mentre siete in viaggio, ma assicura che sia sempre carico e pronto per l&#8217;uso. Inoltre, consente il trasferimento dati ultraveloce, in modo da poter esportare rapidamente le registrazioni anche in movimento.<\/p>\n<\/div>\n<\/div>\n<div class=\"col-lg-6 order-2 align-self-center\">\n<div class=\"rode-image\">\n<div class=\"image_background\"><\/div>\n<p><img decoding=\"async\" class=\"img-fluid w-100 \" src=\"https:\/\/edge.rode.com\/images\/page\/2207\/modules\/8824\/rode-wireless-pro-barangaroo-user-case-509A0847-8192x5464-v2-rgb-1080x1080-f80b19a.jpg\" alt=\"Wireless PRO in Charge Case connected to MacBook\" \/><\/p>\n<\/div>\n<\/div>\n<\/div>\n<\/div>\n<div id=\"module_25\" class=\"module-row horizontal-rule \">\n<div class=\"rode-generic-html container\">\n<div class=\"row\">\n<div class=\"col-12\">\n<hr class=\"section-break\" \/>\n<\/div>\n<\/div>\n<\/div>\n<\/div>\n<section id=\"section-locked-and-loaded\" class=\"anchor-hash\"><\/section>\n<div id=\"module_26\" class=\"module-row rode-text-image container \">\n<div class=\"d-lg-flex \">\n<div class=\"col-lg-6 order-2 align-self-center \">\n<div class=\"rode-text\">\n<h4>Bloccato e caricato<\/h4>\n<p>Grazie ai connettori dei Lavalier da 3,5 mm bloccabili non dovrete mai preoccuparvi che i vostri microfoni vengano scollegati durante le riprese. Perfettamente accoppiato con i microfoni lavalier premium\u00a0<a href=\"https:\/\/rode.com\/microphones\/lavalier-wearable\/lavalier-ii\" target=\"_blank\" rel=\"noopener\">Lavalier II<\/a>\u00a0inclusi.<\/p>\n<\/div>\n<\/div>\n<div class=\"col-lg-6 order-1 align-self-center\">\n<div class=\"rode-image\">\n<div class=\"image_background\"><\/div>\n<p><img decoding=\"async\" class=\"img-fluid w-100 \" src=\"https:\/\/edge.rode.com\/images\/page\/2207\/modules\/8826\/rode-wireless-pro-professional-user-case-RodeCAP4312-9504x6336-rgb-1080x1080-d52643f.jpg\" alt=\"Lavalier II connected to Wireless PRO\" \/><\/p>\n<\/div>\n<\/div>\n<\/div>\n<\/div>\n<div id=\"module_27\" class=\"module-row horizontal-rule \">\n<div class=\"rode-generic-html container\">\n<div class=\"row\">\n<div class=\"col-12\">\n<hr class=\"section-break\" \/>\n<\/div>\n<\/div>\n<\/div>\n<\/div>\n<section id=\"section-user-guide\" class=\"anchor-hash\"><\/section>\n<div class=\"sticky-nav\" data-navtext=\"Guida utente\" data-hash-tag=\"section-user-guide\">\n<div id=\"module_28\" class=\"module-row rode-text-image container \">\n<div class=\"d-lg-flex \">\n<div class=\"col-lg-6 order-1 align-self-center \">\n<div class=\"rode-text\">\n<h4>Guida dell&#8217;utente Wireless PRO<\/h4>\n<p>La Guida per l\u2019utente di Wireless PRO spiega tutto cio che c&#8217;\u00e8 da sapere sull&#8217;uso del Wireless PRO e sulla registrazione di un audio incredibile per i vostri contenuti. Questa guida completa tratta tutti gli argomenti, dai primi passi all&#8217;apprendimento dell&#8217;utilizzo del dispositivo fino alla configurazione a 32 bit float, il timecode e le impostazioni avanzate con l&#8217;app complementare R\u00d8DE Central.<\/p>\n<div class=\"d-flex justify-content-center\"><a class=\"d-flex align-items-center btn btn-default\" href=\"https:\/\/rode.com\/user-guides\/wireless-pro\">Learn More<\/a><\/div>\n<\/div>\n<\/div>\n<div class=\"col-lg-6 order-2 align-self-center\">\n<div class=\"rode-image\">\n<div class=\"image_background\"><\/div>\n<p><img decoding=\"async\" class=\"img-fluid w-100 \" src=\"https:\/\/edge.rode.com\/images\/page\/2207\/modules\/8828\/rode-wireless-pro-professional-user-case-DSC3945-9504x6336-rgb-1080x1080-550425c.jpg\" alt=\"Wireless PRO in Charge Case connected to R\u00d8DECaster Duo\" \/><\/p>\n<\/div>\n<\/div>\n<\/div>\n<\/div>\n<\/div>\n<div id=\"module_29\" class=\"module-row horizontal-rule \">\n<div class=\"rode-generic-html container\">\n<div class=\"row\">\n<div class=\"col-12\">\n<hr class=\"section-break\" \/>\n<\/div>\n<\/div>\n<\/div>\n<\/div>\n","protected":false},"excerpt":{"rendered":"<p>Il Wireless PRO \u00e8 il sistema microfonico compatto pi\u00f9 potente di sempre,<\/p>\n<p>ricco di funzioni professionali che offrono la massima flessibilit\u00e0 per la registrazione<\/p>\n<p>incontaminata di audio per i vostri contenuti.<\/p>\n","protected":false},"featured_media":2686,"template":"","meta":[],"product_brand":[],"product_cat":[148,137],"product_tag":[],"class_list":{"0":"post-2679","1":"product","2":"type-product","3":"status-publish","4":"has-post-thumbnail","6":"product_cat-microfoni","7":"product_cat-pro-audio","9":"first","10":"instock","11":"shipping-taxable","12":"product-type-simple"},"_links":{"self":[{"href":"https:\/\/musicaliborgna.com\/index.php?rest_route=\/wp\/v2\/product\/2679","targetHints":{"allow":["GET"]}}],"collection":[{"href":"https:\/\/musicaliborgna.com\/index.php?rest_route=\/wp\/v2\/product"}],"about":[{"href":"https:\/\/musicaliborgna.com\/index.php?rest_route=\/wp\/v2\/types\/product"}],"wp:featuredmedia":[{"embeddable":true,"href":"https:\/\/musicaliborgna.com\/index.php?rest_route=\/wp\/v2\/media\/2686"}],"wp:attachment":[{"href":"https:\/\/musicaliborgna.com\/index.php?rest_route=%2Fwp%2Fv2%2Fmedia&parent=2679"}],"wp:term":[{"taxonomy":"product_brand","embeddable":true,"href":"https:\/\/musicaliborgna.com\/index.php?rest_route=%2Fwp%2Fv2%2Fproduct_brand&post=2679"},{"taxonomy":"product_cat","embeddable":true,"href":"https:\/\/musicaliborgna.com\/index.php?rest_route=%2Fwp%2Fv2%2Fproduct_cat&post=2679"},{"taxonomy":"product_tag","embeddable":true,"href":"https:\/\/musicaliborgna.com\/index.php?rest_route=%2Fwp%2Fv2%2Fproduct_tag&post=2679"}],"curies":[{"name":"wp","href":"https:\/\/api.w.org\/{rel}","templated":true}]}}