{"id":2687,"date":"2025-02-03T13:06:44","date_gmt":"2025-02-03T13:06:44","guid":{"rendered":"https:\/\/musicaliborgna.com\/?post_type=product&#038;p=2687"},"modified":"2025-02-03T13:06:44","modified_gmt":"2025-02-03T13:06:44","slug":"dpa-4088-directional-headset-mic","status":"publish","type":"product","link":"https:\/\/musicaliborgna.com\/?product=dpa-4088-directional-headset-mic","title":{"rendered":"DPA 4088 Directional Headset Mic"},"content":{"rendered":"<ul class=\"icon-list-macro__list\">\n<li class=\"icon-list-macro__item\">Qualit\u00e0 audio incontaminata<\/li>\n<li class=\"icon-list-macro__item\">\n<div class=\"icon-list-macro__icon\">Leggero e flessibile<\/div>\n<\/li>\n<li class=\"icon-list-macro__item\">\n<div class=\"icon-list-macro__icon\">Facile montaggio a sinistra o a destra<\/div>\n<\/li>\n<li class=\"icon-list-macro__item\">\n<div class=\"icon-list-macro__icon\">Resistente all&#8217;umidit\u00e0<\/div>\n<\/li>\n<li>Il sistema di adattatori flessibili si adatta alla maggior parte dei sistemi wireless professionali<\/li>\n<\/ul>\n<p>&nbsp;<\/p>\n<ul class=\"icon-list-macro__list\">\n<li class=\"icon-list-macro__item\">\n<div class=\"icon-list-macro__icon\">\n<p><iframe loading=\"lazy\" title=\"Learn how to mount and adjust 4066\/4088 Headset Microphones properly\" width=\"1220\" height=\"686\" src=\"https:\/\/www.youtube.com\/embed\/aZbjA80GSqI?feature=oembed\" frameborder=\"0\" allow=\"accelerometer; autoplay; clipboard-write; encrypted-media; gyroscope; picture-in-picture; web-share\" referrerpolicy=\"strict-origin-when-cross-origin\" allowfullscreen><\/iframe><\/p>\n<\/div>\n<\/li>\n<\/ul>\n<p class=\"product-overlay__features-description\">Questo microfono fornisce un eccellente rifiuto fuori asse in situazioni ad alto SPL. Sopprime in modo efficiente le sorgenti sonore distanti rendendolo perfetto per ambienti di performance dal vivo esigenti in cui il rumore di fondo e il feedback sono preoccupazioni. Negli eventi ad alto livello di SPL, o quando il feedback \u00e8 una preoccupazione, questo microfono affronter\u00e0 queste sfide con facilit\u00e0. La risposta dei bassi \u00e8 progettata per una linearit\u00e0 ottimale a 2-3 cm (1 pollice) dalla sorgente sonora. Ci\u00f2 significa che il roll-off dei bassi sar\u00e0 relativamente prominente a una distanza maggiore &#8211; un fattore fondamentale quando si tratta di rifiutare il rumore di fondo e nella lotta per evitare il feedback.<\/p>\n<p class=\"product-overlay__features-description product-overlay__features-image\"><picture><source srcset=\"https:\/\/dpa.cloud14.structpim.com\/\/media\/s0pflmag\/4088-godspeed.jpg?width=430&amp;amp;height=234&amp;amp;mode=min&amp;amp;v=1da60179aee3a54&amp;amp;\" type=\"image\/webp\" media=\"(max-width: 991px)\" \/><source srcset=\"https:\/\/dpa.cloud14.structpim.com\/\/media\/s0pflmag\/4088-godspeed.jpg?width=430&amp;amp;height=234&amp;amp;mode=min&amp;amp;v=1da60179aee3a54&amp;amp;format=jpg&amp;amp;quality=80\" type=\"image\/jpeg\" media=\"(max-width: 991px)\" \/><source srcset=\"https:\/\/dpa.cloud14.structpim.com\/\/media\/s0pflmag\/4088-godspeed.jpg?width=939&amp;amp;height=511&amp;amp;mode=min&amp;amp;v=1da60179aee3a54&amp;amp;\" type=\"image\/webp\" media=\"(min-width: 992px)\" \/><source srcset=\"https:\/\/dpa.cloud14.structpim.com\/\/media\/s0pflmag\/4088-godspeed.jpg?width=939&amp;amp;height=511&amp;amp;mode=min&amp;amp;v=1da60179aee3a54&amp;amp;format=jpg&amp;amp;quality=80\" type=\"image\/jpeg\" media=\"(min-width: 992px)\" \/><img decoding=\"async\" class=\"media-with-video__thumbnail\" src=\"https:\/\/dpa.cloud14.structpim.com\/\/media\/s0pflmag\/4088-godspeed.jpg?width=939&amp;amp;height=511&amp;amp;mode=min&amp;amp;v=1da60179aee3a54&amp;amp;\" alt=\"\" \/><\/picture><\/p>\n<p class=\"product-overlay__features-description\">Il design liscio ed elegante del microfono per cuffie direzionali 4088 lo rende il vero microfono cardioide pi\u00f9 invisibile al mondo. Questo microfono ha un design sicuro a doppio orecchio che pu\u00f2 essere utilizzato per varie applicazioni di talento. Ha un piccolo diametro di .64 cm (.25 in), che ne consente un uso discreto. Pesa solo 14 g (0,5 once) ed \u00e8 molto comodo se indossato per lunghi periodi. Il microfono pu\u00f2 essere montato sul lato destro o sinistro.<\/p>\n<p class=\"product-overlay__features-description product-overlay__features-image\"><picture><source srcset=\"https:\/\/dpa.cloud14.structpim.com\/\/media\/ikops4zz\/4088-asterix.jpg?width=430&amp;amp;height=234&amp;amp;mode=min&amp;amp;v=1da60179aee3a54&amp;amp;\" type=\"image\/webp\" media=\"(max-width: 991px)\" \/><source srcset=\"https:\/\/dpa.cloud14.structpim.com\/\/media\/ikops4zz\/4088-asterix.jpg?width=430&amp;amp;height=234&amp;amp;mode=min&amp;amp;v=1da60179aee3a54&amp;amp;format=jpg&amp;amp;quality=80\" type=\"image\/jpeg\" media=\"(max-width: 991px)\" \/><source srcset=\"https:\/\/dpa.cloud14.structpim.com\/\/media\/ikops4zz\/4088-asterix.jpg?width=939&amp;amp;height=511&amp;amp;mode=min&amp;amp;v=1da60179aee3a54&amp;amp;\" type=\"image\/webp\" media=\"(min-width: 992px)\" \/><source srcset=\"https:\/\/dpa.cloud14.structpim.com\/\/media\/ikops4zz\/4088-asterix.jpg?width=939&amp;amp;height=511&amp;amp;mode=min&amp;amp;v=1da60179aee3a54&amp;amp;format=jpg&amp;amp;quality=80\" type=\"image\/jpeg\" media=\"(min-width: 992px)\" \/><img decoding=\"async\" class=\"media-with-video__thumbnail\" src=\"https:\/\/dpa.cloud14.structpim.com\/\/media\/ikops4zz\/4088-asterix.jpg?width=939&amp;amp;height=511&amp;amp;mode=min&amp;amp;v=1da60179aee3a54&amp;amp;\" alt=\"\" \/><\/picture><\/p>\n<p class=\"product-overlay__features-description\">Il braccio \u00e8 pi\u00f9 lungo di 3 cm (1 in) rispetto alla versione omnidirezionale, il che corrisponde alla necessit\u00e0 di posizionamento all&#8217;angolo della bocca. Per evitare di &#8220;sbottare&#8221;, la capsula non deve essere posizionata direttamente davanti alla bocca<\/p>\n","protected":false},"excerpt":{"rendered":"<p>Il classico microfono per <strong>cuffie direzionali 4088<\/strong> \u00e8 lo standard del settore nei microfoni per <strong>cuffie professionali<\/strong>.<\/p>\n<p>Offre un<strong> suono aperto e naturale<\/strong> che lo rende ideale sia per le applicazioni di pronuncia vocale che per quelle vocali.<\/p>\n","protected":false},"featured_media":2688,"template":"","meta":[],"product_brand":[],"product_cat":[148],"product_tag":[],"class_list":{"0":"post-2687","1":"product","2":"type-product","3":"status-publish","4":"has-post-thumbnail","6":"product_cat-microfoni","8":"first","9":"instock","10":"shipping-taxable","11":"product-type-simple"},"_links":{"self":[{"href":"https:\/\/musicaliborgna.com\/index.php?rest_route=\/wp\/v2\/product\/2687","targetHints":{"allow":["GET"]}}],"collection":[{"href":"https:\/\/musicaliborgna.com\/index.php?rest_route=\/wp\/v2\/product"}],"about":[{"href":"https:\/\/musicaliborgna.com\/index.php?rest_route=\/wp\/v2\/types\/product"}],"wp:featuredmedia":[{"embeddable":true,"href":"https:\/\/musicaliborgna.com\/index.php?rest_route=\/wp\/v2\/media\/2688"}],"wp:attachment":[{"href":"https:\/\/musicaliborgna.com\/index.php?rest_route=%2Fwp%2Fv2%2Fmedia&parent=2687"}],"wp:term":[{"taxonomy":"product_brand","embeddable":true,"href":"https:\/\/musicaliborgna.com\/index.php?rest_route=%2Fwp%2Fv2%2Fproduct_brand&post=2687"},{"taxonomy":"product_cat","embeddable":true,"href":"https:\/\/musicaliborgna.com\/index.php?rest_route=%2Fwp%2Fv2%2Fproduct_cat&post=2687"},{"taxonomy":"product_tag","embeddable":true,"href":"https:\/\/musicaliborgna.com\/index.php?rest_route=%2Fwp%2Fv2%2Fproduct_tag&post=2687"}],"curies":[{"name":"wp","href":"https:\/\/api.w.org\/{rel}","templated":true}]}}