{"id":2765,"date":"2025-05-13T14:09:13","date_gmt":"2025-05-13T14:09:13","guid":{"rendered":"https:\/\/musicaliborgna.com\/?post_type=product&#038;p=2765"},"modified":"2025-05-13T14:09:15","modified_gmt":"2025-05-13T14:09:15","slug":"qsc-pro-audio-ks212c-sub","status":"publish","type":"product","link":"https:\/\/musicaliborgna.com\/?product=qsc-pro-audio-ks212c-sub","title":{"rendered":"QSC Pro Audio &#8211; KS212C SUB"},"content":{"rendered":"<h1><a href=\"https:\/\/www.algameko.com\/it\/brands\/qsc-pro-audio\"><strong>QSC<\/strong><\/a><strong>\u00a0KS 212 C\u00a0<\/strong>\u00e8 un subwoofer attivo con\u00a0<strong>amplificatore da 3600W di picco in classe D<\/strong>, con un range di frequenza che copre da\u00a0<strong>39Hz a 118Hz<\/strong>\u00a0e\u00a0<strong>132dBSPL di picco<\/strong>. Sul pannello posteriore troviamo\u00a0<strong>2 ingressi XLR per segnale di linea collegati direttamente a 2 XLR in uscita, un potenziometro che controlla i livelli di tutti e due i segnali in ingresso e uno schermo, con relativi controlli, per la gestione del DSP interno.<\/strong><\/h1>\n<h2><strong>Caratteristiche di\u00a0<\/strong><a href=\"https:\/\/www.algameko.com\/it\/brands\/qsc-pro-audio\"><strong>QSC<\/strong><\/a><strong>\u00a0KS 212 C<\/strong><\/h2>\n<ul>\n<li>Amplificatore in classe D da 3600 Watt<\/li>\n<li>Doppi driver da 12 pollici a lunga escursione; Design doppio passa banda del 6\u00b0 ordine<\/li>\n<li>Possibilit\u00e0 di salvare e richiamare scene<\/li>\n<li>Robusto cabinet in legno verniciato per un utilizzo duraturo nel tempo<\/li>\n<li>Pu\u00f2 essere installato sia orizzontalmente che verticalmente e ha due inserti M20 dedicati al montaggio di un supporto per speaker<\/li>\n<li>Grazie al blocco KS-LOC venduto separatamente possiamo coprire e rendere non accessibili i comandi principali cos\u00ec da scongiurare manomissioni degli stessi<\/li>\n<li>Dotato di 4 rotelle silenziose per agevolarne il trasporto<\/li>\n<li>6 anni di garanzia quando registrato entro 30 giorni dall&#8217;acquisto sul sito\u00a0<strong>QSC\u00a0<\/strong>&#8211;\u00a0<a href=\"https:\/\/www.qscaudio.com\/support\/product-registration\/\">[per registrare il tuo prodotto clicca qui]<\/a><\/li>\n<\/ul>\n<p>Il\u00a0<strong>KS 212 C<\/strong>\u00a0\u00e8 un subwoofer attivo molto performante che produce basse frequenze per installazioni temporanee, la produzione AV, i club e altri luoghi di spettacolo. Dotato di due driver da 12 pollici alimentati\u00a0da un amplificatore di Classe D da 3600 Watt,\u00a0<a href=\"https:\/\/www.algameko.com\/it\/brands\/qsc-pro-audio\"><strong>QSC<\/strong><\/a>\u00a0<strong>KS 212 C<\/strong>\u00a0offre sia elevati livelli di pressione sonora che un\u2019ottima dinamica.<\/p>\n<p>Il DSP integrato ottimizza e protegge le prestazioni del sistema, oltre a offrire funzionalit\u00e0 avanzate come la modalit\u00e0 polare cardioide, che con una sola unit\u00e0 ci consente una riduzione di 15dB @70Hz nella zona posteriore del subwoofer. Facilmente trasportabile, il robusto cabinet \u00e8 dotato di comode maniglie e quattro rotelle silenziose. Due inserti M20 pensato per posizionarvi un palo da 35 mm per una facile e stabile installazione di altoparlanti full-range.<\/p>\n<h2><strong>Specifiche tecniche di\u00a0<\/strong><a href=\"https:\/\/www.algameko.com\/it\/brands\/qsc-pro-audio\"><strong>QSC<\/strong><\/a><strong>\u00a0KS 212 C<\/strong><\/h2>\n<p><strong>Configurazione:\u00a0<\/strong>Doppio subwoofer cardioide passa-banda del 6\u00b0 ordine<\/p>\n<p><strong>Woofer:\u00a0<\/strong>2 coni da 305mm (12 pollici)<\/p>\n<p><strong>Risposta di frequenza (-6dB):<\/strong>\u00a044Hz \u2013 104Hz<\/p>\n<p><strong>Range di frequenza (-10dB):\u00a0<\/strong>39Hz \u2013118Hz<\/p>\n<p><strong>Picco SPL @ 1m in uscita:\u00a0<\/strong>132dB<\/p>\n<p><strong>Angolo di copertura:\u00a0<\/strong>omnidirezionale o cardioide (riduzione di 15dB @ 70Hz nella zona posteriore)<\/p>\n<p><strong>Amplificatore:\u00a0<\/strong>2 x 1800W di picco in classe D<\/p>\n<p><strong>Raffreddamento:\u00a0<\/strong>ventola a velocit\u00e0 variabile a basso rumore<\/p>\n<p><strong>Inserti per montaggio:\u00a0<\/strong>2 x M20 per supporto speaker<\/p>\n<p><strong>Connettori:\u00a0<\/strong><\/p>\n<p>2 Combo XLR\/F \/ TRS \u00bc\u2019\u2019<\/p>\n<p>2 XLR\/M (Loop-thru output)<\/p>\n<p>1 IEC con bloccaggio<\/p>\n<p><strong>Controlli:<\/strong><\/p>\n<p>on\/off<\/p>\n<p>controllo del volume<\/p>\n<p>codificatore rotativo<\/p>\n<p>2 bottoni per selezione<\/p>\n<p><strong>Indicatori:<\/strong><\/p>\n<p>2 LED per accensione<\/p>\n<p>LED per segnale in ingresso<\/p>\n<p>LED per limiter<\/p>\n<p><strong>Alimentazione in ingresso:<\/strong>\u00a0100-240 VAC 50-60 Hz<\/p>\n<p><strong>Consumo energetico:\u00a0<\/strong>1\/8 di potenza<\/p>\n<p><strong>Materiale:\u00a0<\/strong>compensato di betulla da 15mm<\/p>\n<p><strong>Colore:\u00a0<\/strong>nero (RAL 9011)<\/p>\n<p><strong>Griglia:\u00a0<\/strong>copertura interna del woofer<\/p>\n<p><strong>Dimensioni:\u00a0<\/strong>622\u00d7394\u00d7851mm<\/p>\n<p><strong>Dimensioni del pacco spedito:\u00a0<\/strong>970\u00d7500\u00d7670mm<\/p>\n<p><strong>Peso:\u00a0<\/strong>40,1KG<\/p>\n","protected":false},"excerpt":{"rendered":"<h5>Subwoofer attivo con amplificatore 3600W di picco classe D,<\/h5>\n<h5>risposta di frequenza 44Hz-104Hz, 132dBSPL di picco,<\/h5>\n<h5>2 Combo XLR\/F \/ TRS \u00bc\u2019\u2019 con bloccaggio, 2 XLR\/M e 1 IEC con bloccaggio.<\/h5>\n","protected":false},"featured_media":2766,"template":"","meta":[],"product_brand":[],"product_cat":[137,142],"product_tag":[],"class_list":{"0":"post-2765","1":"product","2":"type-product","3":"status-publish","4":"has-post-thumbnail","6":"product_cat-pro-audio","7":"product_cat-usato","9":"first","10":"instock","11":"shipping-taxable","12":"product-type-simple"},"_links":{"self":[{"href":"https:\/\/musicaliborgna.com\/index.php?rest_route=\/wp\/v2\/product\/2765","targetHints":{"allow":["GET"]}}],"collection":[{"href":"https:\/\/musicaliborgna.com\/index.php?rest_route=\/wp\/v2\/product"}],"about":[{"href":"https:\/\/musicaliborgna.com\/index.php?rest_route=\/wp\/v2\/types\/product"}],"wp:featuredmedia":[{"embeddable":true,"href":"https:\/\/musicaliborgna.com\/index.php?rest_route=\/wp\/v2\/media\/2766"}],"wp:attachment":[{"href":"https:\/\/musicaliborgna.com\/index.php?rest_route=%2Fwp%2Fv2%2Fmedia&parent=2765"}],"wp:term":[{"taxonomy":"product_brand","embeddable":true,"href":"https:\/\/musicaliborgna.com\/index.php?rest_route=%2Fwp%2Fv2%2Fproduct_brand&post=2765"},{"taxonomy":"product_cat","embeddable":true,"href":"https:\/\/musicaliborgna.com\/index.php?rest_route=%2Fwp%2Fv2%2Fproduct_cat&post=2765"},{"taxonomy":"product_tag","embeddable":true,"href":"https:\/\/musicaliborgna.com\/index.php?rest_route=%2Fwp%2Fv2%2Fproduct_tag&post=2765"}],"curies":[{"name":"wp","href":"https:\/\/api.w.org\/{rel}","templated":true}]}}