{"id":2786,"date":"2025-05-14T12:46:46","date_gmt":"2025-05-14T12:46:46","guid":{"rendered":"https:\/\/musicaliborgna.com\/?post_type=product&#038;p=2786"},"modified":"2025-05-14T12:46:47","modified_gmt":"2025-05-14T12:46:47","slug":"hc8200-mini-medium-granules-designed-for-sparkular-mini","status":"publish","type":"product","link":"https:\/\/musicaliborgna.com\/?product=hc8200-mini-medium-granules-designed-for-sparkular-mini","title":{"rendered":"HC8200 MINI-MEDIUM &#8211; Granules designed for SPARKULAR mini"},"content":{"rendered":"<p>I componenti sono in metallo, quindi garantiscono la sicurezza durante il trasporto,<\/p>\n<p>lo stoccaggio e l&#8217;utilizzo. La busta HC8200 MINI-MEDIUM \u00e8 consigliata per le SPARKULAR mini.<\/p>\n<p>Al fine di garantire la massima qualit\u00e0, per ogni lotto di consumabili Showven conduce test di compatibilit\u00e0 su ogni singolo modello e valuta l&#8217;umidit\u00e0,<\/p>\n<p>la densit\u00e0 della scintilla, la velocit\u00e0 di usura e di combustione ecc.<br \/>\nI consumabili e le macchine SPARKULAR devono sempre essere considerate un sistema,<\/p>\n<p>pertanto si consiglia di utilizzare solo i tipi correlati a HC8200 in base al manuale del prodotto,<\/p>\n<p>onde evitare il blocco o il malfunzionamento della macchina stessa.<\/p>\n<p><strong>Caratteristiche principali<\/strong><\/p>\n<ul>\n<li>Medium: per fiamme di 1,5 &#8211; 2\u00a0m di altezza<\/li>\n<li>Consigliato sia per uso esterno che interno<\/li>\n<li>Ogni scatola contiene 12 buste da 45 g ciascuna (prezzo \/ scatola)<\/li>\n<li>La durata di una busta \u00e8 di ca. 3 minuti per fiamme da 1.5 &#8211; 2\u00a0m<\/li>\n<li>\n<table border=\"1\" cellspacing=\"0\" cellpadding=\"0\">\n<tbody>\n<tr>\n<td><strong>HC8200 type<\/strong><\/td>\n<td>\u00a0<strong>Weight\/bag<\/strong><\/td>\n<td>\u00a0<strong>Package<\/strong><\/td>\n<td>\u00a0<strong>Supported model<\/strong><\/td>\n<\/tr>\n<tr>\n<td>\u00a0HC8200 Medium<\/td>\n<td>\u00a050 g\/bag<\/td>\n<td>\u00a012 bags\/box<br \/>\n48 boxes\/carton<\/td>\n<td>\u00a0SPARKULAR mini<\/td>\n<\/tr>\n<tr>\n<td>\u00a0HC8200 Large<\/td>\n<td>\u00a050 g\/bag<\/td>\n<td>\u00a012 bags\/box<br \/>\n48 boxes\/carton<\/td>\n<td>\u00a0SPARKULAR mini<\/td>\n<\/tr>\n<tr>\n<td>\u00a0HC8200 Medium<\/td>\n<td>\u00a0200 g\/bag<\/td>\n<td>\u00a012 bags\/box<br \/>\n12 boxes\/carton<\/td>\n<td>\u00a0SPARKULAR, SPARKULAR FALL, miniFALL, Cyclone, PRO, SPIN, JET<\/td>\n<\/tr>\n<tr>\n<td>\u00a0HC8200 Large<\/td>\n<td>\u00a0200 g\/bag<\/td>\n<td>\u00a012 bags\/box<br \/>\n12 boxes\/carton<\/td>\n<td>\u00a0SPARKULAR, SPARKULAR FALL, miniFALL, Cyclone, PRO, SPIN, JET<\/td>\n<\/tr>\n<tr>\n<td>\u00a0HC8200 Large I<\/td>\n<td>\u00a0200 g\/bag<\/td>\n<td>\u00a012 bags\/box<br \/>\n12 boxes\/carton<\/td>\n<td>\u00a0SPARKULAR FALL, Cyclone, PRO<\/td>\n<\/tr>\n<tr>\n<td>\u00a0HC8200 Large II<\/td>\n<td>\u00a0200 g\/bag<\/td>\n<td>\u00a012 bags\/box<br \/>\n12 boxes\/carton<\/td>\n<td>\u00a0SPARKULAR FALL, Cyclone<\/td>\n<\/tr>\n<tr>\n<td>\u00a0HC8200 Large III<\/td>\n<td>\u00a0200 g\/bag<\/td>\n<td>\u00a012 bags\/box<br \/>\n12 boxes\/carton<\/td>\n<td>\u00a0SPARKULAR Cyclone<\/td>\n<\/tr>\n<\/tbody>\n<\/table>\n<\/li>\n<\/ul>\n","protected":false},"excerpt":{"rendered":"<p>HC8200 \u00e8 una lega granulata metallica di qualit\u00e0 premium appositamente progettata e prodotta da Showven<\/p>\n<p>per essere abbinata alle macchine della serie SPARKULAR dedicate a generare le scintille.<\/p>\n","protected":false},"featured_media":2787,"template":"","meta":[],"product_brand":[],"product_cat":[135],"product_tag":[],"class_list":{"0":"post-2786","1":"product","2":"type-product","3":"status-publish","4":"has-post-thumbnail","6":"product_cat-luci","8":"first","9":"instock","10":"shipping-taxable","11":"product-type-simple"},"_links":{"self":[{"href":"https:\/\/musicaliborgna.com\/index.php?rest_route=\/wp\/v2\/product\/2786","targetHints":{"allow":["GET"]}}],"collection":[{"href":"https:\/\/musicaliborgna.com\/index.php?rest_route=\/wp\/v2\/product"}],"about":[{"href":"https:\/\/musicaliborgna.com\/index.php?rest_route=\/wp\/v2\/types\/product"}],"wp:featuredmedia":[{"embeddable":true,"href":"https:\/\/musicaliborgna.com\/index.php?rest_route=\/wp\/v2\/media\/2787"}],"wp:attachment":[{"href":"https:\/\/musicaliborgna.com\/index.php?rest_route=%2Fwp%2Fv2%2Fmedia&parent=2786"}],"wp:term":[{"taxonomy":"product_brand","embeddable":true,"href":"https:\/\/musicaliborgna.com\/index.php?rest_route=%2Fwp%2Fv2%2Fproduct_brand&post=2786"},{"taxonomy":"product_cat","embeddable":true,"href":"https:\/\/musicaliborgna.com\/index.php?rest_route=%2Fwp%2Fv2%2Fproduct_cat&post=2786"},{"taxonomy":"product_tag","embeddable":true,"href":"https:\/\/musicaliborgna.com\/index.php?rest_route=%2Fwp%2Fv2%2Fproduct_tag&post=2786"}],"curies":[{"name":"wp","href":"https:\/\/api.w.org\/{rel}","templated":true}]}}