{"id":2804,"date":"2025-05-15T09:59:48","date_gmt":"2025-05-15T09:59:48","guid":{"rendered":"https:\/\/musicaliborgna.com\/?post_type=product&#038;p=2804"},"modified":"2025-05-15T09:59:49","modified_gmt":"2025-05-15T09:59:49","slug":"oktopus-plus-alimentatore-per-pedali-effetto","status":"publish","type":"product","link":"https:\/\/musicaliborgna.com\/?product=oktopus-plus-alimentatore-per-pedali-effetto","title":{"rendered":"Oktopus Plus \u2013 Alimentatore per pedali effetto"},"content":{"rendered":"<p>L\u2019alimentazione, spesso sottovalutata, \u00e8 invece uno stadio fondamentale per ogni dispositivo elettronico. Solo dopo aver collegato l\u2019Oktopus plus potrai sentire quanto un alimentatore costruito senza compromessi porter\u00e0 benefici al suono della catena effetti.<\/p>\n<p>Il rumore di fondo (noise floor) risulter\u00e0 notevolmente ridotto se non addirittura impercettibile, la dinamica aumenter\u00e0 notevolmente, cos\u00ec come la sensibilit\u00e0 al tocco. Questo grazie all\u2019utilizzo dei migliori componenti elettronici presenti sul mercato e all\u2019esclusiva progettazione modulare che permette di mantenere le masse che alimentano i singoli pedali sempre isolate tra loro, eliminando quindi i ground loops (tipici delle alimentazioni in parallelo o daisy chain).<\/p>\n<div class=\"cols-wrapper cols-2\">\n<div class=\"col\">\n<p><a class=\"lightbox-image\" title=\"\" href=\"https:\/\/www.nemphasis.com\/wp-content\/uploads\/oktopus1_sm.png\" rel=\"lightbox\"><img loading=\"lazy\" decoding=\"async\" class=\"img-frame aligncenter\" src=\"https:\/\/www.nemphasis.com\/wp-content\/uploads\/oktopus1_sm.png\" alt=\"\" width=\"320\" height=\"159\" \/><\/a><\/p>\n<\/div>\n<div class=\"col nomargin\"><a class=\"lightbox-image\" title=\"\" href=\"https:\/\/www.nemphasis.com\/wp-content\/uploads\/pedalionoktopus_sm1.png\" rel=\"lightbox\"><img loading=\"lazy\" decoding=\"async\" class=\"img-frame aligncenter\" src=\"https:\/\/www.nemphasis.com\/wp-content\/uploads\/pedalionoktopus_sm1.png\" alt=\"\" width=\"316\" height=\"159\" \/><\/a><\/div>\n<\/div>\n<p>Il case in alluminio crea un ottimo schermo dal campo elettromagnetico generato dal trasformatore toroidale interno che, essendo comunque realizzato per impieghi audio, gi\u00e0 presenta una ridotta emissione.<br \/>\nData la solidit\u00e0 della struttura e l\u2019altezza ridotta, 45mm circa, \u00e8 possibile alloggiare sul pannello superiore fino a tre pedali effetto (dalle dimensioni tipiche) permettendo un notevole risparmio di spazio sulla pedalboard.<\/p>\n<p>L\u2019Oktopus plus dispone di nove distinte uscite e grazie alla possibilit\u00e0 di regolare, su alcune di esse, il valore della tensione fornita,l\u2019Oktopus plus \u00e8 in grado di alimentare la quasi totalit\u00e0 dei pedali effetto presenti sul mercato.<\/p>\n<p>Tutte le uscite sono protette contro il cortocircuito accidentale.<\/p>\n<p>Ogni canale \u00e8 dotato di un diodo LED che ne indica il corretto funzionamento.<\/p>\n<p>Le connessioni d\u2019uscita sono realizzate mediante spina isolata, Cliff, da 2,1mm con negativo centrale mentre per l\u2019uscita a 18-24V<br \/>\n(output n\u00b0 9) \u00e8 presente un connettore da 2.5mm.<\/p>\n<p>Le uscite 1 e 2 hanno connettori in parallelo il che permette, entro i limiti di corrente erogabili, di collegare due ulteriori dispositivi.<br \/>\nNota: Sfruttando il collegamento in parallelo verr\u00e0 meno l\u2019isolamento delle masse di alimentazione tra i dispositivi collegati alle suddette uscite.<\/p>\n<p>Fornito con cavi di collegamento lunghi 75 cm per poter essere utilizzato in ogni pedaliera per chitarra o basso.<\/p>\n<hr \/>\n<div class=\"section-full-width section-custom parallax-scroll\">\n<div class=\"full-bg-image\"><\/div>\n<div class=\"section-boxed\">\n<h2 class=\"section-title\">SOLO NON SUONA MA CON LUI TUTTO SUONA MEGLIO<\/h2>\n<p>&nbsp;<\/p>\n<ul class=\"bullet_star imglist\">\n<li>9 uscite a masse realmente isolate.<\/li>\n<li>Trasformatore toroidale a ridotta emissione progettato per dispositivi audio.<\/li>\n<li>Solido chassis in alluminio per una migliore schermatura elettromagnetica.<\/li>\n<li>Elevata stabilit\u00e0: l\u2019 alimentatore\u00a0 Oktopus pu\u00f2 erogare la massima corrente dichiarata, contemporaneamente su tutti i canali, senza che si verifichino significative variazioni della tensione in uscita.<iframe loading=\"lazy\" title=\"Oktopus Plus - How is made\" width=\"1220\" height=\"686\" src=\"https:\/\/www.youtube.com\/embed\/qjjtdDGs1hw?feature=oembed\" frameborder=\"0\" allow=\"accelerometer; autoplay; clipboard-write; encrypted-media; gyroscope; picture-in-picture; web-share\" referrerpolicy=\"strict-origin-when-cross-origin\" allowfullscreen><\/iframe><\/li>\n<\/ul>\n<\/div>\n<\/div>\n","protected":false},"excerpt":{"rendered":"<p>L\u2019Oktopus plus noiseless power supply nasce dall\u2019esigenza di disporre di un alimentatore robusto,<\/p>\n<p>affidabile ed estremamente silenzioso per fornire la necessaria tensione DC stabilizzata ai vari pedali effetto.<br \/>\n<a href=\"https:\/\/www.nemphasis.com\/wiki\/alimentatori-mini-wiki.html\" target=\"_blank\" rel=\"noopener noreferrer\">L\u2019alimentatore<\/a>\u00a0per pedali effetto Oktopus plus a implementa tutte le caratteristiche ricercate e richieste,<\/p>\n<p>aggiungendo compattezza e versatilit\u00e0.<\/p>\n","protected":false},"featured_media":2805,"template":"","meta":[],"product_brand":[],"product_cat":[131,142],"product_tag":[],"class_list":{"0":"post-2804","1":"product","2":"type-product","3":"status-publish","4":"has-post-thumbnail","6":"product_cat-effettistica","7":"product_cat-usato","9":"first","10":"instock","11":"shipping-taxable","12":"product-type-simple"},"_links":{"self":[{"href":"https:\/\/musicaliborgna.com\/index.php?rest_route=\/wp\/v2\/product\/2804","targetHints":{"allow":["GET"]}}],"collection":[{"href":"https:\/\/musicaliborgna.com\/index.php?rest_route=\/wp\/v2\/product"}],"about":[{"href":"https:\/\/musicaliborgna.com\/index.php?rest_route=\/wp\/v2\/types\/product"}],"wp:featuredmedia":[{"embeddable":true,"href":"https:\/\/musicaliborgna.com\/index.php?rest_route=\/wp\/v2\/media\/2805"}],"wp:attachment":[{"href":"https:\/\/musicaliborgna.com\/index.php?rest_route=%2Fwp%2Fv2%2Fmedia&parent=2804"}],"wp:term":[{"taxonomy":"product_brand","embeddable":true,"href":"https:\/\/musicaliborgna.com\/index.php?rest_route=%2Fwp%2Fv2%2Fproduct_brand&post=2804"},{"taxonomy":"product_cat","embeddable":true,"href":"https:\/\/musicaliborgna.com\/index.php?rest_route=%2Fwp%2Fv2%2Fproduct_cat&post=2804"},{"taxonomy":"product_tag","embeddable":true,"href":"https:\/\/musicaliborgna.com\/index.php?rest_route=%2Fwp%2Fv2%2Fproduct_tag&post=2804"}],"curies":[{"name":"wp","href":"https:\/\/api.w.org\/{rel}","templated":true}]}}