{"id":2825,"date":"2025-05-16T07:34:09","date_gmt":"2025-05-16T07:34:09","guid":{"rendered":"https:\/\/musicaliborgna.com\/?post_type=product&#038;p=2825"},"modified":"2025-05-16T07:34:09","modified_gmt":"2025-05-16T07:34:09","slug":"neumann-kms-105-microfono-da-palco","status":"publish","type":"product","link":"https:\/\/musicaliborgna.com\/?product=neumann-kms-105-microfono-da-palco","title":{"rendered":"NEUMANN KMS 105 Microfono da palco"},"content":{"rendered":"<ul class=\"pdp-banner__feature-list\">\n<li>\n<h4><span>Modello supercardioide con eccellente rigetto del feedback<\/span><\/h4>\n<\/li>\n<li>\n<h4><span>Capsula a condensatore di qualit\u00e0 da studio<\/span><\/h4>\n<\/li>\n<li>\n<h4><span>Suono trasparente con un delicato sollevamento degli acuti<\/span><\/h4>\n<\/li>\n<li>\n<h4><span>Filtro anti-pop altamente efficace e senza schiuma<\/span><\/h4>\n<\/li>\n<li>\n<h2><span>Neumann Sound sul palco<\/span><\/h2>\n<p><span>Il KMS 105 \u00e8 un microfono vocale di qualit\u00e0 da studio per l&#8217;uso sul palco.<\/span><\/li>\n<li><span> La sua capsula a condensatore di precisione offre la vera qualit\u00e0 sonora Neumann,<\/span><\/li>\n<li><span> combinata con tutti i vantaggi di un robusto microfono da palco: eccellente protezione anti-pop,<\/span><\/li>\n<li><span> basso rumore da maneggiamento, enorme capacit\u00e0 di pressione sonora (SPL) e alta resistenza al feedback,<\/span><\/li>\n<li><span> grazie al suo diagramma polare supercardioide stretto.<\/span><\/li>\n<li>\n<h2><span>Qualit\u00e0 da studio per le voci sul palco<\/span><\/h2>\n<p><span>Il KMS 105 porta la qualit\u00e0 del suono da studio sul palco. A differenza dei tradizionali microfoni da palco, che utilizzano capsule dinamiche, il KMS 105 \u00e8 dotato di una vera capsula a condensatore che offre la chiarezza superiore che ha reso i microfoni da studio Neumann famosi in tutto il mondo. Allo stesso tempo, il KMS 105 possiede la robustezza richiesta da un microfono da palco, sfatando cos\u00ec il mito secondo cui i microfoni a condensatore debbano essere &#8220;fragili&#8221;. Il KMS 105 pu\u00f2 sopportare enormi livelli di pressione sonora fino a 150 dB senza clipping, e il suo diagramma polare supercardioide, compatto e indipendente dalla frequenza, garantisce un elevato guadagno prima del feedback. Il KMS 105 ha una risposta in frequenza molto pi\u00f9 fluida rispetto ai microfoni dinamici e una gamma alta ariosa. Rispetto ai microfoni dinamici, il Neumann KMS 105 ha una risposta ai transienti notevolmente superiore, che si traduce in un suono vocale pi\u00f9 immediato ed emozionale. In pratica: intelligibilit\u00e0 senza sforzo, senza i soliti interventi di equalizzazione, il che migliora ulteriormente la resistenza al feedback.<\/span><\/p>\n<p><span>Come microfono da palco, il KMS 105 \u00e8 ottimizzato per la ripresa ravvicinata; un filtro passa-basso fisso compensa l&#8217;effetto di prossimit\u00e0 e garantisce bassi cristallini, anche se le labbra del cantante toccano il microfono. La griglia della testa \u00e8 realizzata in acciaio temprato e presenta un filtro anti-pop multilivello accuratamente progettato in rete metallica. Nonostante la sua efficacia, questo filtro acustico non causa problemi di sibilanza n\u00e9 compromette la direttivit\u00e0 della capsula. L&#8217;amplificatore della testa \u00e8 protetto da un alloggiamento a pareti spesse. L&#8217;uscita senza trasformatore riduce al minimo le interferenze elettromagnetiche, come il ronzio. Grazie alla sua bassa impedenza di uscita di soli 50 ohm, il KMS 105 pu\u00f2 pilotare cavi molto lunghi, fino a 300 m (1000 piedi), senza perdite di trasmissione.<\/span><\/p>\n<h3><span>Applicazioni<\/span><\/h3>\n<p><span>Il KMS 105 \u00e8 progettato principalmente come microfono vocale portatile, ma pu\u00f2 essere utilizzato anche per altre applicazioni sul palco, grazie all&#8217;elevata capacit\u00e0 di pressione sonora (SPL) e all&#8217;ampia gamma dinamica. Tra gli esempi figurano percussioni, sassofono, tromba, trombone, armonica, chitarra acustica e cabinet per chitarra. Grazie alla sua qualit\u00e0 sonora superiore, il KMS 105 \u00e8 anche un microfono eccellente per applicazioni di home recording e broadcast. Essendo ottimizzato per il posizionamento ravvicinato, il KMS 105 cattura un suono asciutto con pochissima atmosfera, il che rappresenta un grande vantaggio negli ambienti non trattati.<\/span><\/p>\n<ul>\n<li><span>Modello supercardioide stretto senza colorazione fuori asse<\/span><\/li>\n<li><span>Non influenzato da livelli estremi di pressione sonora<\/span><\/li>\n<li><span>Costruzione robusta<\/span><\/li>\n<li><span>Resistente al feedback<\/span><\/li>\n<li><span>Schermo anti-pop incorporato<\/span><\/li>\n<li><span>Rumore di manovrabilit\u00e0 molto basso<\/span><\/li>\n<\/ul>\n<\/li>\n<\/ul>\n","protected":false},"excerpt":{"rendered":"<h3>Microfono da palco di qualit\u00e0 da studio per cantanti.<\/h3>\n<h3>Diagramma polare supercardioide.<\/h3>\n","protected":false},"featured_media":2827,"template":"","meta":[],"product_brand":[],"product_cat":[148,142],"product_tag":[],"class_list":{"0":"post-2825","1":"product","2":"type-product","3":"status-publish","4":"has-post-thumbnail","6":"product_cat-microfoni","7":"product_cat-usato","9":"first","10":"instock","11":"shipping-taxable","12":"product-type-simple"},"_links":{"self":[{"href":"https:\/\/musicaliborgna.com\/index.php?rest_route=\/wp\/v2\/product\/2825","targetHints":{"allow":["GET"]}}],"collection":[{"href":"https:\/\/musicaliborgna.com\/index.php?rest_route=\/wp\/v2\/product"}],"about":[{"href":"https:\/\/musicaliborgna.com\/index.php?rest_route=\/wp\/v2\/types\/product"}],"wp:featuredmedia":[{"embeddable":true,"href":"https:\/\/musicaliborgna.com\/index.php?rest_route=\/wp\/v2\/media\/2827"}],"wp:attachment":[{"href":"https:\/\/musicaliborgna.com\/index.php?rest_route=%2Fwp%2Fv2%2Fmedia&parent=2825"}],"wp:term":[{"taxonomy":"product_brand","embeddable":true,"href":"https:\/\/musicaliborgna.com\/index.php?rest_route=%2Fwp%2Fv2%2Fproduct_brand&post=2825"},{"taxonomy":"product_cat","embeddable":true,"href":"https:\/\/musicaliborgna.com\/index.php?rest_route=%2Fwp%2Fv2%2Fproduct_cat&post=2825"},{"taxonomy":"product_tag","embeddable":true,"href":"https:\/\/musicaliborgna.com\/index.php?rest_route=%2Fwp%2Fv2%2Fproduct_tag&post=2825"}],"curies":[{"name":"wp","href":"https:\/\/api.w.org\/{rel}","templated":true}]}}