{"id":2878,"date":"2026-01-20T17:44:54","date_gmt":"2026-01-20T17:44:54","guid":{"rendered":"https:\/\/musicaliborgna.com\/?post_type=product&#038;p=2878"},"modified":"2026-01-20T17:49:39","modified_gmt":"2026-01-20T17:49:39","slug":"baio-b-pedale-multieffetto-con-ir-integrati-per-basso-elettrico","status":"publish","type":"product","link":"https:\/\/musicaliborgna.com\/?product=baio-b-pedale-multieffetto-con-ir-integrati-per-basso-elettrico","title":{"rendered":"BAIO B Pedale Multieffetto con IR integrati per basso elettrico"},"content":{"rendered":"<h1>Il BAIO B \u00e8 il pedale multieffetto con IR integrati per basso elettrico e acustico di Eko Guitars. Presenta 8 IR di amplificatori per basso, controlli di gain e tono completi, compressore, chorus, phaser, reverb, delay, tuner incorporato con funzione di mute, ingresso e uscita jack per strumento, uscita stereo per le cuffie, connessione bluetooth e porte usb dedicate per l&#8217;utilizzo come scheda audio in ingresso sia per PC\/Mac, sia per smartphone. Il pedale ideale con cui avrai i tuoi suoni sempre con te.<\/h1>\n<h2>Panoramica del pedale multieffetto BAIO-B di Eko Guitars<\/h2>\n<p>Grazie ai suoi 16cm di lunghezza, appena 6cm di larghezza e 260g di peso, BAIO \u00e8 il sistema multieffetto all-in-one in grado di offrire tutte le caratteristiche e funzionalit\u00e0 indispensabili al chitarrista e bassista moderno. Facile da traportare e super resistente grazie allo chassis metallico, consente una gestione totale del proprio sound.<br \/>\nPer la sezione preamp hai a disposizione gain, un eq a tre bande e compressione. La sezione delle modulazioni, accessibile tramite il controllo Mod, consente di aggiungere chorus e phaser; il delay e riverbero sono attivabili dalla apposita manopola, tempo del delay e quantit\u00e0 del riverbero regolabili dalla manopola Time. Il controllo IR consente di selezionare fra otto Impulse Response creati appositamente per BAIO da Massimo Varini, il quale ha scelto e adattato alcuni fra i migliori IR marcati DrapSound. Con il controllo Out gestisci il volume in uscita e tramite i tre pulsanti a pedale potrai passare dalla modalit\u00e0 Preset per il cambio degli stessi, alla modalit\u00e0 Live che ti permetter\u00e0 di gestire separatamente IR, Delay\/Rev, Chorus\/Tremolo e sezione preamp. Sempre con gli switch a pedale, puoi azionare il Bluetooth che ti consentir\u00e0 di riprodurre le tue backing track preferite tramite un device esterno o attivare l&#8217;accordatore integrato, con il quale \u00e8 possibile anche interrompere completamente il segnale in uscita (mute).<\/p>\n<h2>Connessioni del pedale multieffetto BAIO-B di Eko Guitars<\/h2>\n<p>Il pannello posteriore presenta due terminali jack standard per l&#8217;ingresso e l&#8217;uscita, l&#8217;interruttore d&#8217;accensione, la presa USB per l&#8217;alimentazione del pedale e la ricarica della batteria e la connessione al computer per l&#8217;utilizzo come scheda audio. Con la presa Phone \u00e8 possibile utilizzare l&#8217;apposito cavo per collegare lo Smartphone e utilizzare BAIO come scheda audio anche sul proprio telefono. E&#8217; presente altres\u00ec un&#8217;uscita per le cuffie che ti consentir\u00e0 di ascoltare contemporaneamente il segnale dello strumento e un eventuale riproduzione Bluetooth.<\/p>\n<ul>\n<li>8 IR (Impulse Response) di strumenti amplificatori per basso, realizzati da DrapSound (azienda italiana tra le pi\u00f9 quotate per IR e profilazioni), scelti e adattati al BAIO da Massimo Varini;<\/li>\n<li>Controlli di GAIN<\/li>\n<li>Controlli di tono completi;<\/li>\n<li>Un controllo della dinamica del suono (compressore);<\/li>\n<li>2 effetti di modulazione (Chorus e Phaser);<\/li>\n<li>2 effetti di ritardo:Reverb e Delay regolabile in quantit\u00e0 e lunghezza;<\/li>\n<li>Funzione Live o Preset (3 preset memorizzabili);<\/li>\n<li>Tuner incorporato con funzione di Mute.<\/li>\n<\/ul>\n<h2>Funzioni aggiuntive del pedale multieffetto BAIO-B di Eko Guitars<\/h2>\n<ul>\n<li>Funziona a batterie ricaricabili (incorporate \u2013 durata circa 6 ore di utilizzo continuo) che si ricaricano semplicemente via USB e il pedale pu\u00f2 funzionare durante la ricarica;<\/li>\n<li>Funziona come scheda audio se collegato via USB ad un computer;<\/li>\n<li>Se collegato ad uno smartphone funziona come scheda audio (l\u2019uscita del BAIO, con l\u2019apposito cavetto fornito in dotazione, \u00e8 un\u2019uscita analogica su mini jack e la compatibilit\u00e0 con i diversi modelli e sistemi operativi degli smarphone o tablet dipende dai device stessi, BAIO non prevede di usare particolari accorgimenti, \u00e8 una normalissima uscita analogica);<\/li>\n<li>Funzione Bluetooth (input) per poter riprodurre basi da un qualsiasi dispositivo dotato di BT; quello che arriva dal BT viene indirizzato alle uscite audio e si miscela dal volume del dispositivo regolandolo in base al volume di output di BAIO.<\/li>\n<\/ul>\n<h2>Specifiche del pedale multieffetto BAIO-B di Eko Guitars<\/h2>\n<p><strong>Ingresso<\/strong>: jack mono TS standard da 1\/4&#8243;<br \/>\n<strong>Uscita<\/strong>: jack mono TS standard da 1\/4&#8243;<br \/>\n<strong>Sample Rate<\/strong>: 48K\/24bit<br \/>\n<strong>Batteria<\/strong>: 600mah<br \/>\n<strong>Dimensioni<\/strong>: 162mm (D) x 61mm (W) x 23mm (H)<br \/>\n<strong>Peso<\/strong>: 260g<br \/>\n<strong>Articoli inclusi<\/strong>: manuale utente, cavo di ricarica\/collegamento usb, cavo collegamento smartphone<\/p>\n<p><iframe loading=\"lazy\" title=\"Eko Guitars | BAIO B - Pedale multieffetto con IR integrati per basso\" width=\"1220\" height=\"686\" src=\"https:\/\/www.youtube.com\/embed\/QkSrD3Wc0I4?feature=oembed\" frameborder=\"0\" allow=\"accelerometer; autoplay; clipboard-write; encrypted-media; gyroscope; picture-in-picture; web-share\" referrerpolicy=\"strict-origin-when-cross-origin\" allowfullscreen><\/iframe><\/p>\n","protected":false},"excerpt":{"rendered":"<p>Il BAIO B \u00e8 il pedale multieffetto con IR integrati per basso elettrico e acustico di Eko Guitars.<\/p>\n<p>Presenta 8 IR di amplificatori per basso, controlli di gain e tono completi,<\/p>\n<p>compressore, chorus, phaser, reverb, delay,<\/p>\n<p>tuner incorporato con funzione di mute, ingresso e uscita jack per strumento<\/p>\n","protected":false},"featured_media":2879,"template":"","meta":[],"product_brand":[],"product_cat":[128,131],"product_tag":[],"class_list":{"0":"post-2878","1":"product","2":"type-product","3":"status-publish","4":"has-post-thumbnail","6":"product_cat-chitarre-e-bassi","7":"product_cat-effettistica","9":"first","10":"instock","11":"shipping-taxable","12":"product-type-simple"},"_links":{"self":[{"href":"https:\/\/musicaliborgna.com\/index.php?rest_route=\/wp\/v2\/product\/2878","targetHints":{"allow":["GET"]}}],"collection":[{"href":"https:\/\/musicaliborgna.com\/index.php?rest_route=\/wp\/v2\/product"}],"about":[{"href":"https:\/\/musicaliborgna.com\/index.php?rest_route=\/wp\/v2\/types\/product"}],"wp:featuredmedia":[{"embeddable":true,"href":"https:\/\/musicaliborgna.com\/index.php?rest_route=\/wp\/v2\/media\/2879"}],"wp:attachment":[{"href":"https:\/\/musicaliborgna.com\/index.php?rest_route=%2Fwp%2Fv2%2Fmedia&parent=2878"}],"wp:term":[{"taxonomy":"product_brand","embeddable":true,"href":"https:\/\/musicaliborgna.com\/index.php?rest_route=%2Fwp%2Fv2%2Fproduct_brand&post=2878"},{"taxonomy":"product_cat","embeddable":true,"href":"https:\/\/musicaliborgna.com\/index.php?rest_route=%2Fwp%2Fv2%2Fproduct_cat&post=2878"},{"taxonomy":"product_tag","embeddable":true,"href":"https:\/\/musicaliborgna.com\/index.php?rest_route=%2Fwp%2Fv2%2Fproduct_tag&post=2878"}],"curies":[{"name":"wp","href":"https:\/\/api.w.org\/{rel}","templated":true}]}}