{"id":2886,"date":"2026-01-20T17:53:48","date_gmt":"2026-01-20T17:53:48","guid":{"rendered":"https:\/\/musicaliborgna.com\/?post_type=product&#038;p=2886"},"modified":"2026-01-20T17:53:48","modified_gmt":"2026-01-20T17:53:48","slug":"baio-pedale-multieffetto-con-ir-integrati","status":"publish","type":"product","link":"https:\/\/musicaliborgna.com\/?product=baio-pedale-multieffetto-con-ir-integrati","title":{"rendered":"BAIO Pedale Multieffetto con IR integrati"},"content":{"rendered":"<h1>Il BAIO (Box All In One) di Eko Guitars \u00e8 il pedale multieffetto completo e portatile, perfetto per la tua chitarra. Grazie ai nove tipi di preamplificatore integrati, agli otto Impulse Response e agli effetti inclusi, avrai la possibilit\u00e0 di gestire completamente il tuo sound. Provalo come scheda audio con il tuo pc o smartphone e sfrutta il BT per suonare sopra le tue backing track.<\/h1>\n<p><iframe loading=\"lazy\" title=\"Presentazione BAIO Box All In One di Eko guitars - Massimo Varini\" width=\"1220\" height=\"686\" src=\"https:\/\/www.youtube.com\/embed\/2-V5Wg7Dyuc?feature=oembed\" frameborder=\"0\" allow=\"accelerometer; autoplay; clipboard-write; encrypted-media; gyroscope; picture-in-picture; web-share\" referrerpolicy=\"strict-origin-when-cross-origin\" allowfullscreen><\/iframe><\/p>\n<p>Grazie ai suoi 16cm di lunghezza, appena 6cm di larghezza e 260g di peso, BAIO \u00e8 il sistema multieffetto all-in-one in grado di offrire tutte le caratteristiche e funzionalit\u00e0 indispensabili al chitarrista moderno. Facile da traportare e super resistente grazie allo chassis metallico, consente una gestione totale del proprio sound.<\/p>\n<h2>PANORAMICA DEL EKO BAIO PEDALE MULTIEFFETTO CON IR INTEGRATI<\/h2>\n<p>Con nove tipologie di preamplificazione selezionabili e controllabili con le manopole Tone e Drive, avrai accesso ad altrettante timbricit\u00e0 che spaziano dai puliti cristallini alle distorsioni pi\u00f9 pesanti. La sezione delle modulazioni, accessibile tramite il controllo Mod, consente di aggiungere chorus e phaser; delay con relativa gestione del tempo, delle ripetizioni, della quantit\u00e0 ed effetto riverbero, sono accessibili rispettivamente con le manopole Delay, FB, Mix e Rev. La manopola IR consente di selezionare fra otto Impulse Response creati appositamente per BAIO da Massimo Varini, il quale ha selezionato e adattato alcuni fra i migliori IR marcati ChopTones. Dal Blues al Metal avrai la possibilit\u00e0 di utilizzare live e in studio una selezione di amplificatori, cabinet, speaker e microfoni appositamente combinati per offrire un suono realistico e convincente. Con il controllo Out gestisci il volume in uscita e tramite i tre pulsanti a pedale potrai passare dalla modalit\u00e0 Preset per il cambio degli stessi, alla modalit\u00e0 Live che ti permetter\u00e0 di gestire separatamente IR\/Rev, Delay\/Mod e Preamp. Sempre con gli switch a pedale, puoi azionare il Bluetooth che ti consentir\u00e0 di riprodurre le tue backing track preferite tramite un device esterno o attivare l&#8217;accordatore integrato, con il quale \u00e8 possibile anche interrompere completamente il segnale in uscita (mute).<\/p>\n<p>&nbsp;<\/p>\n<h2>CONNESSIONI DEL EKO BAIO PEDALE MULTIEFFETTO CON IR INTEGRATI<\/h2>\n<p>Il pannello posteriore presenta due terminali jack standard per l&#8217;ingresso e l&#8217;uscita, l&#8217;interruttore d&#8217;accensione, la presa USB per l&#8217;alimentazione del pedale e la ricarica della batteria e la connessione al computer per l&#8217;utilizzo come scheda audio. Con la presa Phone \u00e8 possibile utilizzare l&#8217;apposito cavo per collegare lo Smartphone e utilizzare BAIO come scheda audio anche sul proprio telefono. E&#8217; presente altres\u00ec un&#8217;uscita per le cuffie che ti consentir\u00e0 di ascoltare contemporaneamente il segnale dello strumento e un eventuale riproduzione Bluetooth.<\/p>\n<h2>CARATTERISTICHE PRINCIPALI DEL BAIO DI EKO GUITARS<\/h2>\n<ul>\n<li>9 tipi di preamplificatore con controllo di tono e gain;<\/li>\n<li>8 IR per altrettanti amplificatori, scelti e adattati al BAIO da Massimo Varini e realizzati da ChopTones;<\/li>\n<li>2 effetti di modulazione (Chorus e Phase Shift);<\/li>\n<li>1 Reverb;<\/li>\n<li>1 Delay (Tape) regolabile in quantit\u00e0, tempo di delay e feedback (numero delle ripetizioni);<\/li>\n<li>Funzione Live o Preset (3 preset memorizzabili);<\/li>\n<li>Tuner incorporato con funzione di Mute.<\/li>\n<\/ul>\n<h2>FUNZIONI AGGIUNTIVE DEL BAIO DI EKO GUITARS<\/h2>\n<ul>\n<li>Batterie ricaricabili incorporate, ricarica via USB, il pedale pu\u00f2 funzionare durante la ricarica;<\/li>\n<li>Funziona come scheda audio se collegato via USB ad un computer;<\/li>\n<li>Se collegato ad uno smartphone funziona come scheda audio;<\/li>\n<li>Funzione Bluetooth (input) per poter riprodurre basi da un qualsiasi dispositivo dotato di BT.<\/li>\n<\/ul>\n<h2>SPECIFICHE DEL BAIO BOX ALL IN ONE DI EKO GUITARS<\/h2>\n<p><strong>Terminale d&#8217;ingresso (Input):<\/strong>\u00a0Jack Standard TS (Mono) 1\/4&#8243;<br \/>\n<strong>Terminale d&#8217;uscita (Output):<\/strong>\u00a0Jack Standard TS (Mono) 1\/4&#8243;<br \/>\n<strong>Frequenza di campionamento:<\/strong>\u00a048kHz<br \/>\n<strong>Bit Depth:<\/strong>\u00a024 bit<br \/>\n<strong>Capacit\u00e0 batteria:<\/strong>\u00a0600 mAh<br \/>\n<strong>Durata Batteria:<\/strong>\u00a06h di utilizzo continuo (circa)<br \/>\n<strong>Dimensioni:<\/strong>\u00a0Lunghezza 162mm, larghezza 61mm, profondit\u00e0 23mm<br \/>\n<strong>Peso:<\/strong>\u00a0260g<\/p>\n","protected":false},"excerpt":{"rendered":"<p>Il BAIO (Box All In One) di Eko Guitars \u00e8 il pedale multieffetto completo e portatile,<\/p>\n<p>perfetto per la tua chitarra. Grazie ai nove tipi di preamplificatore integrati,<\/p>\n<p>agli otto Impulse Response e agli effetti inclusi,<\/p>\n<p>avrai la possibilit\u00e0 di gestire completamente il tuo sound.<\/p>\n","protected":false},"featured_media":2887,"template":"","meta":[],"product_brand":[],"product_cat":[128,131],"product_tag":[],"class_list":{"0":"post-2886","1":"product","2":"type-product","3":"status-publish","4":"has-post-thumbnail","6":"product_cat-chitarre-e-bassi","7":"product_cat-effettistica","9":"first","10":"instock","11":"shipping-taxable","12":"product-type-simple"},"_links":{"self":[{"href":"https:\/\/musicaliborgna.com\/index.php?rest_route=\/wp\/v2\/product\/2886","targetHints":{"allow":["GET"]}}],"collection":[{"href":"https:\/\/musicaliborgna.com\/index.php?rest_route=\/wp\/v2\/product"}],"about":[{"href":"https:\/\/musicaliborgna.com\/index.php?rest_route=\/wp\/v2\/types\/product"}],"wp:featuredmedia":[{"embeddable":true,"href":"https:\/\/musicaliborgna.com\/index.php?rest_route=\/wp\/v2\/media\/2887"}],"wp:attachment":[{"href":"https:\/\/musicaliborgna.com\/index.php?rest_route=%2Fwp%2Fv2%2Fmedia&parent=2886"}],"wp:term":[{"taxonomy":"product_brand","embeddable":true,"href":"https:\/\/musicaliborgna.com\/index.php?rest_route=%2Fwp%2Fv2%2Fproduct_brand&post=2886"},{"taxonomy":"product_cat","embeddable":true,"href":"https:\/\/musicaliborgna.com\/index.php?rest_route=%2Fwp%2Fv2%2Fproduct_cat&post=2886"},{"taxonomy":"product_tag","embeddable":true,"href":"https:\/\/musicaliborgna.com\/index.php?rest_route=%2Fwp%2Fv2%2Fproduct_tag&post=2886"}],"curies":[{"name":"wp","href":"https:\/\/api.w.org\/{rel}","templated":true}]}}