{"id":2928,"date":"2026-03-07T09:36:28","date_gmt":"2026-03-07T09:36:28","guid":{"rendered":"https:\/\/musicaliborgna.com\/?post_type=product&#038;p=2928"},"modified":"2026-03-07T09:36:29","modified_gmt":"2026-03-07T09:36:29","slug":"alto-professional-ts108c","status":"publish","type":"product","link":"https:\/\/musicaliborgna.com\/?product=alto-professional-ts108c","title":{"rendered":"Alto Professional TS108C"},"content":{"rendered":"<p><strong>Alto Pro TS108C<\/strong>\u00a0\u00e8 una\u00a0<strong>cassa a colonna amplificata<\/strong>\u00a0compatta progettata per offrire un\u2019ottima copertura sonora, che si colloca nella serie professionale\u00a0<strong>TrueSonic<\/strong>\u00a0del catalogo\u00a0<strong>Alto Professional<\/strong>. Nonostante la sua compattezza, la potenza di 600 watt di picco (300W RMS suddivisi in 200W sulle basse e 100W sulle alte) la rende una soluzione ideale per i musicisti che lavorano con impianti propri, per i DJ e per tutti quegli eventi in ambienti medio\/piccoli che richiedono un suono performante in un formato compatto. L\u2019integrazione di\u00a0<strong>un subwoofer da 8&#8243;,<\/strong>\u00a0un\u00a0<strong>mixer digitale a 3 canali<\/strong>\u00a0con\u00a0<strong>riverbero<\/strong>\u00a0e lo\u00a0<strong>streaming Bluetooth<\/strong>\u00a0consente un utilizzo immediato: collega, accendi e suona.<\/p>\n<p>Le\u00a0<strong>4 modalit\u00e0 DSP\u00a0<\/strong>dedicate (Normal, Live, DJ e Custom) permettono di adattare il profilo sonoro di questo diffusore a colonna amplificato a ogni stile musicale e situazione live mediante la semplice pressione di un tasto. Che si tratti di un set acustico in un bar, una lezione di fitness o un DJ set per 200 ospiti, la colonnina amplificata\u00a0<strong>Alto Pro TS108C<\/strong>\u00a0garantisce impostazioni rapide e intuitive grazie ai controlli del mixer integrati nel pannello posteriore e\u00a0<strong>configurabili via Bluetooth<\/strong>\u00a0attraverso l\u2019<strong>Alto Pro App<\/strong>.<\/p>\n<p><a href=\"https:\/\/play.google.com\/store\/apps\/details?id=com.altomusic.altopro&amp;hl=it\"><strong>Scarica l\u2019Alto Pro App da Google Play<\/strong>: clicca qui<\/a><\/p>\n<p><a href=\"https:\/\/apps.apple.com\/it\/app\/alto-pro\/id1641706877\"><strong>Scarica l\u2019Alto Pro App dall\u2019App Store<\/strong>: clicca qui<\/a><\/p>\n<h1><strong>Design portatile, ottima copertura sonora<\/strong><\/h1>\n<p>Robusta, predisposta per il trasporto nella comoda borsa a tracolla inclusa in dotazione, la colonnina amplificata\u00a0<strong>Alto<\/strong>\u00a0<strong>TS108C<\/strong>\u00a0\u00e8 progettata per durare nel tempo. Il design avanzato dell\u2019array a colonna assicura una copertura sonora ampia (120\u00b0) e uniforme per un\u2019esperienza d\u2019ascolto ottimale in ogni occasione.<\/p>\n<p>La colonna si compone di tre sezioni che si inseriscono nell\u2019apposita feritoia presente sulla base sub e si agganciano a scatto. Una delle sezioni \u00e8 \u201cattiva\u201d, in quanto contiene i 6 driver da 7cm per le medio\/alte, le altre due sono distanziali. Potrai quindi adattare l\u2019altezza in base alla predisposizione dei diffusori rispetto al pubblico, con la libert\u00e0 di posizionarli in platea o sul palco. Il cabinet in ABS stampato con griglia metallica a protezione dei driver, nella sezione superiore del sub ospita una comoda maniglia per il trasporto che ne conferma la predisposizione all\u2019uso on-the-go. In dotazione viene fornita una sacca a tracolla per trasportare gli elementi della colonna. In quanto colonna, questo prodotto non \u00e8 stato progettato per l\u2019installazione sospesa o per montaggio su stativo.<\/p>\n<h2><strong>Il mixer integrato a 3 canali dell\u2019Alto Pro TS108C<\/strong><\/h2>\n<p>Nel pannello posteriore della base-sub troviamo il mixer con\u00a0<strong>due ingressi combo XLR\/TRS<\/strong>\u00a0con selettori MIC\/LINE (CH1) e INST\/LINE (CH2), gain dedicati, EQ a 2 bande per canale (premi il potenziometro per passare dalla regolazione delle alte a quella delle basse e viceversa) e riverbero. L\u2019uscita\u00a0<strong>XLR Mix Out<\/strong>\u00a0invia il mix mono (CH1+CH2) a un secondo diffusore o a un impianto esterno.<\/p>\n<h2><strong>Bluetooth, Stereo-Link e App Alto Pro<\/strong><\/h2>\n<p>Lo\u00a0<strong>streaming Bluetooth<\/strong>\u00a0semplifica il set-up nella riproduzione musicale consentendoti di collegare in wireless l\u2019audio riprodotto da computer, smartphone o tablet, e, tramite la funzione\u00a0<strong>Stereo-Link<\/strong>, potrai collegare tra di loro in<strong>\u00a0wireless due TS108C<\/strong>\u00a0per una riproduzione stereo reale. Dall\u2019<strong>Alto Pro App<\/strong>\u00a0regoli le impostazioni dell\u2019equalizzatore di uscita, i livelli e gli EQ dei canali, con la possibilit\u00e0 di salvare il tutto in un preset richiamabile con la modalit\u00e0 Custom.<\/p>\n<p><a href=\"https:\/\/play.google.com\/store\/apps\/details?id=com.altomusic.altopro&amp;hl=it\"><strong>Scarica l\u2019Alto Pro App da Google Play<\/strong>: clicca qui<\/a><\/p>\n<p><a href=\"https:\/\/apps.apple.com\/it\/app\/alto-pro\/id1641706877\"><strong>Scarica l\u2019Alto Pro App dall\u2019App Store<\/strong>: clicca qui<\/a><\/p>\n<h2><strong>Specifiche tecniche Alto Professional TS108C<\/strong><\/h2>\n<p>&#8211; Potenza di picco: 600W<br \/>\n&#8211; Potenza RMS: 300W (200W LF + 100W HF)<br \/>\n&#8211; Trasduttori: Subwoofer 8&#8243; (6 \u03a9) + array 6 \u00d7 2,75&#8243; (8 \u03a9)<br \/>\n&#8211; Impedenza array: 6 \u03a9<br \/>\n&#8211; SPL max (1 m): 123 dB<br \/>\n&#8211; Sensibilit\u00e0: 92 dB (1 W\/1 m)<br \/>\n&#8211; Copertura (H\u00d7V): 120\u00b0 \u00d7 30\u00b0<br \/>\n&#8211; Risposta in frequenza (-3 dB): 55 Hz \u2013 15 kHz<br \/>\n&#8211; Risposta in frequenza (-10 dB):\u00a0\u00a035 Hz \u2013 20 kHz<br \/>\n&#8211; Ingressi:<br \/>\n\u2022 CH1 \u2013 XLR\/TRS combo, selettore MIC\/LINE<br \/>\n\u2022 CH2 \u2013 XLR\/TRS combo, selettore INST\/LINE<br \/>\n\u2022 Bluetooth\/AUX: ingresso mini-jack 3,5 mm<br \/>\n&#8211; Controlli:<br \/>\n\u2022 Gain per canale<br \/>\n\u2022 EQ 2 bande<br \/>\n\u2022 Riverbero<br \/>\n\u2022 Speaker Use (preset): Normal, Live, DJ e Custom<br \/>\n&#8211; Uscita: XLR Mix Out (+4 dBu, mono CH1+CH2)<br \/>\n&#8211;\u00a0<strong>Bluetooth<\/strong>: streaming, Stereo-Link\u2122 (TWS) e controllo via Alto Pro App<br \/>\n&#8211; Raggio d\u2019azione BT: fino a 30metri; 15m da cassa a cassa per lo Stereo-Link<br \/>\n&#8211; Consumo: 300W<br \/>\n&#8211; Cabinet: ABS stampato a iniezione, griglia metallica, piedini in gomma<br \/>\n&#8211; Maniglie: 1 sulla testa del sub<br \/>\n&#8211; Dimensioni sub: 49,5\u00d731,8\u00d739,6cm<br \/>\n&#8211; Dimensioni colonna: 47,2\u00d78,6\u00d79,7cm (\u00d73: ogni sezione)<br \/>\n&#8211; Altezza assemblata: 194,5cm<br \/>\n&#8211; Peso: 15,9KG<br \/>\n&#8211; Dotazione:<br \/>\n\u2022 Cavo di alimentazione 1,5m<br \/>\n\u2022 Borsa a tracolla per elementi colonna<br \/>\n\u2022 Guida rapida<\/p>\n<p><iframe loading=\"lazy\" title=\"Introducing the ALTO TS108C Series Loudspeakers and Subwoofers | Alto Professional\" width=\"1220\" height=\"686\" src=\"https:\/\/www.youtube.com\/embed\/iyRH9w4e6uI?feature=oembed\" frameborder=\"0\" allow=\"accelerometer; autoplay; clipboard-write; encrypted-media; gyroscope; picture-in-picture; web-share\" referrerpolicy=\"strict-origin-when-cross-origin\" allowfullscreen><\/iframe><\/p>\n","protected":false},"excerpt":{"rendered":"<h1><strong>Alto Professional TS108C<\/strong>\u00a0\u00e8 un sistema a\u00a0<strong>colonna attivo<\/strong>\u00a0(600W di picco\/300W RMS), portatile, modulare, composto da una base con\u00a0<strong>subwoofer da 8&#8243;<\/strong>, che integra un\u00a0<strong>mixer digitale a 3 canali<\/strong>\u00a0con riverbero e\u00a0<strong>streaming Bluetooth<\/strong>, due distanziatori e un array da\u00a0<strong>6 driver da 2,75&#8243;<\/strong>. Progettato per generare una potenza sonora di\u00a0<strong>123dB SPL<\/strong>, con una copertura di 120\u00b0\u00d730\u00b0,\u00a0<strong>TS108C\u00a0<\/strong>offre una risposta in frequenza estesa dai 55Hz ai 15kHz (-3dB)\/35 Hz-20 kHz (-10dB). Il diffusore a colonna amplificato perfetto per chi cerca potenza, praticit\u00e0 e versatilit\u00e0 in un formato compatto.<\/h1>\n","protected":false},"featured_media":2929,"template":"","meta":[],"product_brand":[],"product_cat":[137],"product_tag":[],"class_list":{"0":"post-2928","1":"product","2":"type-product","3":"status-publish","4":"has-post-thumbnail","6":"product_cat-pro-audio","8":"first","9":"instock","10":"shipping-taxable","11":"product-type-simple"},"_links":{"self":[{"href":"https:\/\/musicaliborgna.com\/index.php?rest_route=\/wp\/v2\/product\/2928","targetHints":{"allow":["GET"]}}],"collection":[{"href":"https:\/\/musicaliborgna.com\/index.php?rest_route=\/wp\/v2\/product"}],"about":[{"href":"https:\/\/musicaliborgna.com\/index.php?rest_route=\/wp\/v2\/types\/product"}],"wp:featuredmedia":[{"embeddable":true,"href":"https:\/\/musicaliborgna.com\/index.php?rest_route=\/wp\/v2\/media\/2929"}],"wp:attachment":[{"href":"https:\/\/musicaliborgna.com\/index.php?rest_route=%2Fwp%2Fv2%2Fmedia&parent=2928"}],"wp:term":[{"taxonomy":"product_brand","embeddable":true,"href":"https:\/\/musicaliborgna.com\/index.php?rest_route=%2Fwp%2Fv2%2Fproduct_brand&post=2928"},{"taxonomy":"product_cat","embeddable":true,"href":"https:\/\/musicaliborgna.com\/index.php?rest_route=%2Fwp%2Fv2%2Fproduct_cat&post=2928"},{"taxonomy":"product_tag","embeddable":true,"href":"https:\/\/musicaliborgna.com\/index.php?rest_route=%2Fwp%2Fv2%2Fproduct_tag&post=2928"}],"curies":[{"name":"wp","href":"https:\/\/api.w.org\/{rel}","templated":true}]}}