{"id":517,"date":"2023-12-08T14:20:51","date_gmt":"2023-12-08T14:20:51","guid":{"rendered":"https:\/\/musicaliborgna.com\/?post_type=product&#038;p=517"},"modified":"2024-03-20T08:30:59","modified_gmt":"2024-03-20T08:30:59","slug":"517","status":"publish","type":"product","link":"https:\/\/musicaliborgna.com\/?product=517","title":{"rendered":"AFX-19PT002"},"content":{"rendered":"<p>Airfonix \u2122 AFX-19PT002 \u00e8 un wireless a due canali. Trasmettitore specificamente progettato per l\u2019audio esigenze di qualit\u00e0 e durata nel tempo dei professionisti del settore audio.<strong><br \/>\n<\/strong><\/p>\n","protected":false},"excerpt":{"rendered":"<p style=\"text-align: left;\">\u00c8 dotato di sorgente di ingresso bilanciato e di basso livello connettivit\u00e0 trasmissione. AFX-19PT002 fornisce connettivit\u00e0 trasmissione wireless da qualsiasi audio sorgente a qualsiasi ricevitore attivo o passivo Airfonix per creare un completo audio wireless professionale sistema con qualit\u00e0 del suono senza pari.<\/p>\n","protected":false},"featured_media":518,"template":"","meta":[],"product_brand":[],"product_cat":[131],"product_tag":[],"class_list":{"0":"post-517","1":"product","2":"type-product","3":"status-publish","4":"has-post-thumbnail","6":"product_cat-effettistica","8":"first","9":"instock","10":"shipping-taxable","11":"product-type-simple"},"_links":{"self":[{"href":"https:\/\/musicaliborgna.com\/index.php?rest_route=\/wp\/v2\/product\/517","targetHints":{"allow":["GET"]}}],"collection":[{"href":"https:\/\/musicaliborgna.com\/index.php?rest_route=\/wp\/v2\/product"}],"about":[{"href":"https:\/\/musicaliborgna.com\/index.php?rest_route=\/wp\/v2\/types\/product"}],"wp:featuredmedia":[{"embeddable":true,"href":"https:\/\/musicaliborgna.com\/index.php?rest_route=\/wp\/v2\/media\/518"}],"wp:attachment":[{"href":"https:\/\/musicaliborgna.com\/index.php?rest_route=%2Fwp%2Fv2%2Fmedia&parent=517"}],"wp:term":[{"taxonomy":"product_brand","embeddable":true,"href":"https:\/\/musicaliborgna.com\/index.php?rest_route=%2Fwp%2Fv2%2Fproduct_brand&post=517"},{"taxonomy":"product_cat","embeddable":true,"href":"https:\/\/musicaliborgna.com\/index.php?rest_route=%2Fwp%2Fv2%2Fproduct_cat&post=517"},{"taxonomy":"product_tag","embeddable":true,"href":"https:\/\/musicaliborgna.com\/index.php?rest_route=%2Fwp%2Fv2%2Fproduct_tag&post=517"}],"curies":[{"name":"wp","href":"https:\/\/api.w.org\/{rel}","templated":true}]}}