{"id":521,"date":"2023-12-08T14:25:05","date_gmt":"2023-12-08T14:25:05","guid":{"rendered":"https:\/\/musicaliborgna.com\/?post_type=product&#038;p=521"},"modified":"2023-12-08T14:29:22","modified_gmt":"2023-12-08T14:29:22","slug":"pearl-pf505re","status":"publish","type":"product","link":"https:\/\/musicaliborgna.com\/?product=pearl-pf505re","title":{"rendered":"Pearl PF505RE"},"content":{"rendered":"<p>Questo strumento realizzato in alpacca e interamente argentato \u00e8 un degno concorrente del pi\u00f9 blasonato Yamaha YFL-211. Il suono pi\u00f9 intimo riesce ad arrivare pi\u00f9 in profondit\u00e0 rispetto allo Yamaha. Inoltre la sua meccanica e studiata per i professionisti con molle che scattano con grande precisione e dotate di grande leggerezza. La boccola in argento 9.25 rende lo strumento ancora pi\u00f9 pronto e un suono pi\u00f9 cristallino. Il nuovo Quantz 505 si aggiunge alla famosa linea Quantz, con questo strepitoso strumento. Ora tutti i flauti Pearl, dai modelli da studio alla linea Maesta hanno French Pointed Arm. Il tipico suono Pearl e la grande intonazione fanno di questo flauto un \u201cmust\u201d per tutti gli studenti e semi-professionisti.<\/p>\n<p>Il nuovo Quantz 505 si aggiunge alla famosa linea Quantz, con questo strepitoso strumento completamente argentato.<br \/>\nOra tutti i flauti Pearl, dai modelli da studio alla linea Maesta hanno French Pointed Arm, Il tipico suono Pearl e un\u2019 intonazione perfetta.<br \/>\nLa testata montata da questi nuovi Pearl \u00e8 il modello \u201cForza\u201d. Questa testata, da poco, creata dalla fabbrica giapponese, dona proiezione al suono<br \/>\nsimile ai flauti professionali. L\u2019emissione \u00e8 facile, la modulazione nei tre registri semplice e precisa.<\/p>\n","protected":false},"excerpt":{"rendered":"<p style=\"text-align: left;\">Fori aperti \u2013 sol fuori linea<br \/>\nMi snodato<br \/>\nPiede al Do<br \/>\nCompleto di copricustodia e kit di pulitura<\/p>\n","protected":false},"featured_media":522,"template":"","meta":[],"product_brand":[],"product_cat":[132],"product_tag":[],"class_list":{"0":"post-521","1":"product","2":"type-product","3":"status-publish","4":"has-post-thumbnail","6":"product_cat-fiati","8":"first","9":"instock","10":"shipping-taxable","11":"product-type-simple"},"_links":{"self":[{"href":"https:\/\/musicaliborgna.com\/index.php?rest_route=\/wp\/v2\/product\/521","targetHints":{"allow":["GET"]}}],"collection":[{"href":"https:\/\/musicaliborgna.com\/index.php?rest_route=\/wp\/v2\/product"}],"about":[{"href":"https:\/\/musicaliborgna.com\/index.php?rest_route=\/wp\/v2\/types\/product"}],"wp:featuredmedia":[{"embeddable":true,"href":"https:\/\/musicaliborgna.com\/index.php?rest_route=\/wp\/v2\/media\/522"}],"wp:attachment":[{"href":"https:\/\/musicaliborgna.com\/index.php?rest_route=%2Fwp%2Fv2%2Fmedia&parent=521"}],"wp:term":[{"taxonomy":"product_brand","embeddable":true,"href":"https:\/\/musicaliborgna.com\/index.php?rest_route=%2Fwp%2Fv2%2Fproduct_brand&post=521"},{"taxonomy":"product_cat","embeddable":true,"href":"https:\/\/musicaliborgna.com\/index.php?rest_route=%2Fwp%2Fv2%2Fproduct_cat&post=521"},{"taxonomy":"product_tag","embeddable":true,"href":"https:\/\/musicaliborgna.com\/index.php?rest_route=%2Fwp%2Fv2%2Fproduct_tag&post=521"}],"curies":[{"name":"wp","href":"https:\/\/api.w.org\/{rel}","templated":true}]}}