{"id":531,"date":"2023-12-08T15:19:27","date_gmt":"2023-12-08T15:19:27","guid":{"rendered":"https:\/\/musicaliborgna.com\/?post_type=product&#038;p=531"},"modified":"2023-12-08T15:22:32","modified_gmt":"2023-12-08T15:22:32","slug":"par-led-e-non-solo-bx96-beamz","status":"publish","type":"product","link":"https:\/\/musicaliborgna.com\/?product=par-led-e-non-solo-bx96-beamz","title":{"rendered":"PAR LED \u2026E NON SOLO BX96 Beamz"},"content":{"rendered":"<p><img loading=\"lazy\" decoding=\"async\" class=\"wp-image-532 alignleft\" src=\"https:\/\/musicaliborgna.com\/wp-content\/uploads\/2023\/12\/BX96-LATO.jpeg\" alt=\"\" width=\"153\" height=\"153\" srcset=\"https:\/\/musicaliborgna.com\/wp-content\/uploads\/2023\/12\/BX96-LATO.jpeg 225w, https:\/\/musicaliborgna.com\/wp-content\/uploads\/2023\/12\/BX96-LATO-150x150.jpeg 150w, https:\/\/musicaliborgna.com\/wp-content\/uploads\/2023\/12\/BX96-LATO-75x75.jpeg 75w\" sizes=\"auto, (max-width:767px) 153px, 153px\" \/>Il Beamz BX96\u00a0 \u00e8 il faretto LED ideale per un efficace controllo dell\u2019illuminazione di qualsiasi evento o festa!Grazie ai chip LED COB, \u00e8 molto luminoso e ricco di funzionalit\u00e0. Il suo funzionamento \u00e8 molto semplice. Il potente faro pu\u00f2 essere controllato tramite DMX, il pannello di controllo a LED o il telecomando in dotazione.<\/p>\n<p>I LED 9 x 9W offrono effetti di luce colorati e una luce UV , mentre la tecnologia COB offre un\u2019incredibile luminosit\u00e0. Un anello LED SMD bianco \u00e8 posizionato attorno al LED COB centrale, che pu\u00f2 anche produrre effetti strobo, questo porta a spettacoli di luce mozzafiato. L\u2019ingegnoso controllo DMX del faretto BX96 PAR consente una programmazione flessibile tramite i canali 2, 11, 21 o 35. Il proiettore \u00e8 dotato di tutte le funzionalit\u00e0 previste per un moderno faretto a LED: una modalit\u00e0 automatica, un controllo musicale e una modalit\u00e0 master \/ slave. Il pannello di controllo a LED integrato \u00e8 facile da usare. Per un comfort ancora maggiore, c\u2019\u00e8 anche un telecomando.<\/p>\n<p>&nbsp;<\/p>\n<p><iframe loading=\"lazy\" title=\"BeamZ  BX96 PAR with COB LED and strobe 150.743\" width=\"1220\" height=\"686\" src=\"https:\/\/www.youtube.com\/embed\/I-zwOMS97KI?feature=oembed\" frameborder=\"0\" allow=\"accelerometer; autoplay; clipboard-write; encrypted-media; gyroscope; picture-in-picture; web-share\" allowfullscreen><\/iframe><\/p>\n","protected":false},"excerpt":{"rendered":"<h4 style=\"text-align: left;\">specifiche tecniche:<\/h4>\n<ul>\n<li style=\"text-align: left;\">LED UV 9x 9W 6in1 RGBW<\/li>\n<li style=\"text-align: left;\">Dispositivo stroboscopico con 24 LED SMD<\/li>\n<li style=\"text-align: left;\">LED RGBB COB<\/li>\n<li style=\"text-align: left;\">Spettro luminoso con tecnologia COB<\/li>\n<li style=\"text-align: left;\">Tutti e 3 gli effetti controllabili separatamente<\/li>\n<li style=\"text-align: left;\">2, 11, 21 o 35 canali DMX<\/li>\n<li style=\"text-align: left;\">Telecomando IR<\/li>\n<li style=\"text-align: left;\">DMX e modalit\u00e0 stand-alone<\/li>\n<li style=\"text-align: left;\">Modalit\u00e0 master \/ slave<\/li>\n<li style=\"text-align: left;\">Spettacoli pre-programmati<\/li>\n<li style=\"text-align: left;\">Controllo musicale con sensibilit\u00e0 regolabile<\/li>\n<li style=\"text-align: left;\">Modalit\u00e0 automatica con velocit\u00e0 regolabile<\/li>\n<li style=\"text-align: left;\">Ingresso \/ uscita DMX tramite XLR a 3 pin<\/li>\n<li style=\"text-align: left;\">Ingresso \/ uscita del connettore IEC<\/li>\n<li style=\"text-align: left;\">Pannello di controllo con display a LED<\/li>\n<li style=\"text-align: left;\">La doppia staffa funge anche da piedistallo<\/li>\n<li style=\"text-align: left;\">Alimentazione: 100-240 V ~ | 50\/60 Hz<\/li>\n<li style=\"text-align: left;\">Dimensioni: 27,5 x 21,5 x 12 cm (LxAxP)<\/li>\n<li style=\"text-align: left;\">Peso: 2,1 kg<\/li>\n<\/ul>\n","protected":false},"featured_media":534,"template":"","meta":[],"product_brand":[],"product_cat":[135],"product_tag":[],"class_list":{"0":"post-531","1":"product","2":"type-product","3":"status-publish","4":"has-post-thumbnail","6":"product_cat-luci","8":"first","9":"instock","10":"shipping-taxable","11":"product-type-simple"},"_links":{"self":[{"href":"https:\/\/musicaliborgna.com\/index.php?rest_route=\/wp\/v2\/product\/531","targetHints":{"allow":["GET"]}}],"collection":[{"href":"https:\/\/musicaliborgna.com\/index.php?rest_route=\/wp\/v2\/product"}],"about":[{"href":"https:\/\/musicaliborgna.com\/index.php?rest_route=\/wp\/v2\/types\/product"}],"wp:featuredmedia":[{"embeddable":true,"href":"https:\/\/musicaliborgna.com\/index.php?rest_route=\/wp\/v2\/media\/534"}],"wp:attachment":[{"href":"https:\/\/musicaliborgna.com\/index.php?rest_route=%2Fwp%2Fv2%2Fmedia&parent=531"}],"wp:term":[{"taxonomy":"product_brand","embeddable":true,"href":"https:\/\/musicaliborgna.com\/index.php?rest_route=%2Fwp%2Fv2%2Fproduct_brand&post=531"},{"taxonomy":"product_cat","embeddable":true,"href":"https:\/\/musicaliborgna.com\/index.php?rest_route=%2Fwp%2Fv2%2Fproduct_cat&post=531"},{"taxonomy":"product_tag","embeddable":true,"href":"https:\/\/musicaliborgna.com\/index.php?rest_route=%2Fwp%2Fv2%2Fproduct_tag&post=531"}],"curies":[{"name":"wp","href":"https:\/\/api.w.org\/{rel}","templated":true}]}}