{"id":554,"date":"2023-12-08T15:49:04","date_gmt":"2023-12-08T15:49:04","guid":{"rendered":"https:\/\/musicaliborgna.com\/?post_type=product&#038;p=554"},"modified":"2024-03-20T08:25:19","modified_gmt":"2024-03-20T08:25:19","slug":"chitarra-classica-esteve-3ece-ex-demo","status":"publish","type":"product","link":"https:\/\/musicaliborgna.com\/?product=chitarra-classica-esteve-3ece-ex-demo","title":{"rendered":"Chitarra Classica ESTEVE 3ECE ex-demo"},"content":{"rendered":"<p><b>Chitarra classica ESTEVE 3ECE<\/b><\/p>\n<p>La chitarra classica elettrificata Esteve 3ECE \u00e8 amplificata con il Fishman Classic M. Presenta top in Cedro Massello, fasce in Mogano Massello e fondo in Mogano Laminato. Il manico \u00e8 in Mogano e la tastiera in Palissandro Indiano. Tutti gli strumenti prodotti da Esteve sono famosi per l\u2019eccellente qualit\u00e0 dei materiali e delle finiture, che insieme al loro suono ineccepibile rendono l\u2019esperienza di suonare e ascoltare una chitarra Esteve un momento indimenticabile. La passione e la dedizione che ha reso celebre a livello internazionale la societ\u00e0 Esteve \u00e8 garantita grazie al lavoro costante e minuzioso dei maestri liutai spagnoli. Ogni strumento Esteve \u00e8 il riflesso di un lavoro fatto a regola d\u2019arte.<\/p>\n<p><iframe loading=\"lazy\" title=\"ESTEVE video comparativo chitarre classiche\" width=\"1220\" height=\"686\" src=\"https:\/\/www.youtube.com\/embed\/uRvdcpy7d9A?feature=oembed\" frameborder=\"0\" allow=\"accelerometer; autoplay; clipboard-write; encrypted-media; gyroscope; picture-in-picture; web-share\" allowfullscreen><\/iframe><\/p>\n","protected":false},"excerpt":{"rendered":"<p>La 3ECE \u00e8 la chitarra classica elettrificata del marchio spagnolo Esteve, amplificata con sistema Fishman Classic M. Presenta un top in Cedro Massello,<\/p>\n<p>fasce e fondo in Sapele Laminato, manico in Okume e tastiera in Palissandro Indiano.<\/p>\n<p style=\"text-align: left;\"><strong>Specifiche:\u00a0<\/strong><\/p>\n<p style=\"text-align: left;\">Forma Corpo: Cutaway<br \/>\nTop: Cedro Massello<br \/>\nFasce: Mogano Massello<br \/>\nFondo: Mogano Lamianto<br \/>\nManico: Mogano<br \/>\nTastiera: Palissandro Indiano<br \/>\nMeccaniche: Classical Style<br \/>\nFinitura: Poliuretanica<br \/>\nColore: Natural<br \/>\nEq: Fishman Classic M<\/p>\n","protected":false},"featured_media":911,"template":"","meta":[],"product_brand":[],"product_cat":[128],"product_tag":[],"class_list":{"0":"post-554","1":"product","2":"type-product","3":"status-publish","4":"has-post-thumbnail","6":"product_cat-chitarre-e-bassi","8":"first","9":"instock","10":"shipping-taxable","11":"product-type-simple"},"_links":{"self":[{"href":"https:\/\/musicaliborgna.com\/index.php?rest_route=\/wp\/v2\/product\/554","targetHints":{"allow":["GET"]}}],"collection":[{"href":"https:\/\/musicaliborgna.com\/index.php?rest_route=\/wp\/v2\/product"}],"about":[{"href":"https:\/\/musicaliborgna.com\/index.php?rest_route=\/wp\/v2\/types\/product"}],"wp:featuredmedia":[{"embeddable":true,"href":"https:\/\/musicaliborgna.com\/index.php?rest_route=\/wp\/v2\/media\/911"}],"wp:attachment":[{"href":"https:\/\/musicaliborgna.com\/index.php?rest_route=%2Fwp%2Fv2%2Fmedia&parent=554"}],"wp:term":[{"taxonomy":"product_brand","embeddable":true,"href":"https:\/\/musicaliborgna.com\/index.php?rest_route=%2Fwp%2Fv2%2Fproduct_brand&post=554"},{"taxonomy":"product_cat","embeddable":true,"href":"https:\/\/musicaliborgna.com\/index.php?rest_route=%2Fwp%2Fv2%2Fproduct_cat&post=554"},{"taxonomy":"product_tag","embeddable":true,"href":"https:\/\/musicaliborgna.com\/index.php?rest_route=%2Fwp%2Fv2%2Fproduct_tag&post=554"}],"curies":[{"name":"wp","href":"https:\/\/api.w.org\/{rel}","templated":true}]}}