{"id":863,"date":"2024-03-19T17:32:56","date_gmt":"2024-03-19T17:32:56","guid":{"rendered":"https:\/\/musicaliborgna.com\/?post_type=product&#038;p=863"},"modified":"2024-03-19T17:32:56","modified_gmt":"2024-03-19T17:32:56","slug":"impact-ag8-evo","status":"publish","type":"product","link":"https:\/\/musicaliborgna.com\/?product=impact-ag8-evo","title":{"rendered":"IMPACT AG8 EVO"},"content":{"rendered":"<div id=\"comp-ls8so3u24\" class=\"c9GqVL QxJLC3 comp-ls8so3u24 wixui-rich-text\" data-testid=\"richTextElement\">\n<h2 class=\"font_2 wixui-rich-text__text\"><span class=\"wixui-rich-text__text\">Curva di risposta AG F8:<\/span><\/h2>\n<\/div>\n<div id=\"comp-ls8st83q\" class=\"MazNVa comp-ls8st83q wixui-image\">\n<div class=\"j7pOnl\" data-testid=\"linkElement\"><img loading=\"lazy\" decoding=\"async\" src=\"https:\/\/static.wixstatic.com\/media\/7aab8b_2f071301ed0447418874562632c79792~mv2.jpg\/v1\/fill\/w_327,h_161,al_c,q_80,usm_0.66_1.00_0.01,enc_auto\/7aab8b_2f071301ed0447418874562632c79792~mv2.jpg\" alt=\"\" width=\"327\" height=\"161\" \/><\/div>\n<\/div>\n<div id=\"comp-ls8so3u64\" class=\"c9GqVL QxJLC3 comp-ls8so3u64 wixui-rich-text\" data-testid=\"richTextElement\">\n<p class=\"font_8 wixui-rich-text__text\"><span class=\"wixui-rich-text__text\">La risposta della serie standard \u00e8 particolarmente lineare e quindi adatta a tutti gli strumenti a corda ma in modo particolare alla chitarra classica, alla chitarra Gipsy e agli strumenti ad arco.<\/span><\/p>\n<\/div>\n<div id=\"comp-ls8so3u44\" class=\"c9GqVL QxJLC3 comp-ls8so3u44 wixui-rich-text\" data-testid=\"richTextElement\">\n<h2 class=\"font_2 wixui-rich-text__text\"><span class=\"wixui-rich-text__text\">Curva di risposta AG8 EVO:<\/span><\/h2>\n<\/div>\n<div id=\"comp-ls8su4i9\" class=\"MazNVa comp-ls8su4i9 wixui-image\">\n<div class=\"j7pOnl\" data-testid=\"linkElement\"><img loading=\"lazy\" decoding=\"async\" src=\"https:\/\/static.wixstatic.com\/media\/7aab8b_7255d3f208684e2ba02b45e810c301ec~mv2.jpg\/v1\/fill\/w_302,h_149,al_c,q_80,usm_0.66_1.00_0.01,enc_auto\/7aab8b_7255d3f208684e2ba02b45e810c301ec~mv2.jpg\" alt=\"\" width=\"302\" height=\"149\" \/><\/div>\n<\/div>\n<div id=\"comp-ls8so3u8\" class=\"c9GqVL QxJLC3 comp-ls8so3u8 wixui-rich-text\" data-testid=\"richTextElement\">\n<p class=\"font_8 wixui-rich-text__text\"><span class=\"wixui-rich-text__text\">La serie &#8220;EVO&#8221; \u00e8 leggermente &#8220;scavata&#8221; sulle note medie che sono rese pi\u00f9 morbide anche da un particolare trattamento smorzante sul cono. Il risultato \u00e8 una timbrica particolarmente apprezzata per chitarra acustica e canto.<\/span><\/p>\n<\/div>\n","protected":false},"excerpt":{"rendered":"<p class=\"font_8 wixui-rich-text__text\"><span class=\"wixui-rich-text__text\">Amplificatore per chitarra<\/span><\/p>\n<p class=\"font_8 wixui-rich-text__text\"><span class=\"wixui-rich-text__text\">Versioni: AG F8<\/span><\/p>\n<p class=\"font_8 wixui-rich-text__text\">Potenza di picco: 400 W<\/p>\n<p class=\"font_8 wixui-rich-text__text\">Potenza RMS: 200 W<\/p>\n<p class=\"font_8 wixui-rich-text__text\">Woofer: \u00f8 200 mm &#8211; 8\u201d<br class=\"wixui-rich-text__text\" \/>Tweeter a cupola in seta: Bobina \u00f8 25 mm<\/p>\n<p class=\"font_8 wixui-rich-text__text\">Risposta in frequenza (Hz): 40-20.000<br class=\"wixui-rich-text__text\" \/>Dimensioni LxPxH (cm): 35x33x37,5<br class=\"wixui-rich-text__text\" \/>Peso (Kg): 11,3\u00a0 (con borsa imbottita inclusa)<\/p>\n","protected":false},"featured_media":864,"template":"","meta":[],"product_brand":[],"product_cat":[125],"product_tag":[],"class_list":{"0":"post-863","1":"product","2":"type-product","3":"status-publish","4":"has-post-thumbnail","6":"product_cat-amplificatori","8":"first","9":"instock","10":"shipping-taxable","11":"product-type-simple"},"_links":{"self":[{"href":"https:\/\/musicaliborgna.com\/index.php?rest_route=\/wp\/v2\/product\/863","targetHints":{"allow":["GET"]}}],"collection":[{"href":"https:\/\/musicaliborgna.com\/index.php?rest_route=\/wp\/v2\/product"}],"about":[{"href":"https:\/\/musicaliborgna.com\/index.php?rest_route=\/wp\/v2\/types\/product"}],"wp:featuredmedia":[{"embeddable":true,"href":"https:\/\/musicaliborgna.com\/index.php?rest_route=\/wp\/v2\/media\/864"}],"wp:attachment":[{"href":"https:\/\/musicaliborgna.com\/index.php?rest_route=%2Fwp%2Fv2%2Fmedia&parent=863"}],"wp:term":[{"taxonomy":"product_brand","embeddable":true,"href":"https:\/\/musicaliborgna.com\/index.php?rest_route=%2Fwp%2Fv2%2Fproduct_brand&post=863"},{"taxonomy":"product_cat","embeddable":true,"href":"https:\/\/musicaliborgna.com\/index.php?rest_route=%2Fwp%2Fv2%2Fproduct_cat&post=863"},{"taxonomy":"product_tag","embeddable":true,"href":"https:\/\/musicaliborgna.com\/index.php?rest_route=%2Fwp%2Fv2%2Fproduct_tag&post=863"}],"curies":[{"name":"wp","href":"https:\/\/api.w.org\/{rel}","templated":true}]}}