{"id":879,"date":"2024-03-19T18:04:49","date_gmt":"2024-03-19T18:04:49","guid":{"rendered":"https:\/\/musicaliborgna.com\/?post_type=product&#038;p=879"},"modified":"2024-03-19T18:04:50","modified_gmt":"2024-03-19T18:04:50","slug":"fender-champion-100","status":"publish","type":"product","link":"https:\/\/musicaliborgna.com\/?product=fender-champion-100","title":{"rendered":"FENDER CHAMPION\u2122 100"},"content":{"rendered":"<div class=\"highlight-item col-md-4\">\n<div>\n<hr \/>\n<div class=\"col-lg-8 col-md-7 col-sm-6 col-xs-12 no-padding descrizione_prodotto_main\">\n<div id=\"productDescriptionBlock\">\n<div id=\"productDescription\" class=\"productGeneral\">Semplice da utilizzare e versatile abbastanza per suonare ogni genere, i nuovi Fender Champion sono la soluzione perfetta per i chitarristi alla ricerca di un amplificatore da studio o da palco ad un prezzo contenuto.<\/p>\n<p>In particolare il Fender Champion 100 \u00e8 un amplificatore da due canali con potenza 100W, su due coni Special Design da 12&#8243;: il suono \u00e8 versatile, ed \u00e8 perfetto per il jazz, il blues come per il rock ed il metal.<\/p>\n<p>Il due canali generano sonorit\u00e0 mutuate dai classici Fender Twin Reverb e dagli amplificatori British. Ogni canale \u00e8 dotato di una serie di effetti (reverb, delay\/echo, chorus, tremolo, vibrato) con controlli FX Level indipendenti, mentre il controllo Voice sul canale Dirty permette di selezionare svariate tipologie di distorsioni. L&#8217;ingresso ausiliario permetto di collegare una sorgente sonora esterna, per esempio il proprio iPhone, mentre l&#8217;uscita cuffia permette di suonare senza disturbare i vicini.<\/p>\n<p>Infine il loop effetti rende questo amplificatore, dal classico look Fender Blackface, perfetto per i chitarristi pi\u00f9 esigenti in tema di effettistica.<\/p><\/div>\n<div id=\"productSpecsList\" class=\"productGeneral\">\n<ul class=\"productsSpecsList fa-ul\">\n<li><i class=\"fas fa-angle-right\" aria-hidden=\"true\"><\/i>Amplificatore solid state potenza 100W<\/li>\n<li><i class=\"fas fa-angle-right\" aria-hidden=\"true\"><\/i>2 coni da 12&#8243; Fender Special Design<\/li>\n<li><i class=\"fas fa-angle-right\" aria-hidden=\"true\"><\/i>2 Canali (Normal + Drive)<\/li>\n<li><i class=\"fas fa-angle-right\" aria-hidden=\"true\"><\/i>Controlli Volume, Treble, Bass and FX Level per canale Clean<\/li>\n<li><i class=\"fas fa-angle-right\" aria-hidden=\"true\"><\/i>Controlli Volume, Gain, Treble, Mid, Bass e FX Level per canale Drive<\/li>\n<li><i class=\"fas fa-angle-right\" aria-hidden=\"true\"><\/i>Multieffetto con controlli indipendenti per canale<\/li>\n<li><i class=\"fas fa-angle-right\" aria-hidden=\"true\"><\/i>Ingresso per sorgente audio esterna (Mp3\/CD)<\/li>\n<li><i class=\"fas fa-angle-right\" aria-hidden=\"true\"><\/i>Uscita per cuffia<\/li>\n<li><i class=\"fas fa-angle-right\" aria-hidden=\"true\"><\/i>Ingresso per footswitch a 2 interruttori (incluso)<\/li>\n<li><i class=\"fas fa-angle-right\" aria-hidden=\"true\"><\/i>Dimensioni 495 x 660 x 260 mm<\/li>\n<li><i class=\"fas fa-angle-right\" aria-hidden=\"true\"><\/i>Peso 18.0 kg<\/li>\n<\/ul>\n<\/div>\n<\/div>\n<\/div>\n<\/div>\n<div><\/div>\n<div><\/div>\n<div><\/div>\n<div class=\"highlight-image\"><img decoding=\"async\" src=\"https:\/\/www.fmicassets.com\/demandware\/assets\/highlights\/amplifiers\/guitar\/champ100-modeling.jpg\" alt=\"\" \/><\/div>\n<h6>AMP MODELING<\/h6>\n<p>This amplifier features digital amplifier modeling encompassing a variety of amp types old and new, U.S. and U.K., and more. From classic Fender amp sounds to modern designs voiced for specific styles (i.e., metal), it\u2019s just like having several amps in one.<\/p>\n<\/div>\n<div class=\"highlight-item col-md-4\">\n<div class=\"highlight-image\"><img decoding=\"async\" src=\"https:\/\/www.fmicassets.com\/demandware\/assets\/highlights\/amplifiers\/guitar\/highlights-amp-guitar-headphone-jack.jpg\" alt=\"\" \/><\/div>\n<h6>HEADPHONE JACK<\/h6>\n<p>For convenient personal listening at any time that won\u2019t bring the house down on anyone else within earshot, this amp features a headphone output jack.<\/p>\n<\/div>\n<div class=\"highlight-item col-md-4\">\n<div class=\"highlight-image\"><img decoding=\"async\" src=\"https:\/\/www.fmicassets.com\/demandware\/assets\/highlights\/audio\/_highlights-amp-guitar-onboard-effects-champ.jpg\" alt=\"\" \/><\/div>\n<h6>ONBOARD EFFECTS<\/h6>\n<p>In addition to their fantastic uncolored sound, many Fender amps come equipped with onboard effects that convey a versatile wealth of tonal coloring, atmospherics and textures. Includes reverb, delay, chorus, tremolo and much more.<\/p>\n<\/div>\n","protected":false},"excerpt":{"rendered":"<div class=\"js-long-description-heading\">\n<h2>ABBORDABILIT\u00c0 PER IL PALCO E LA PRATICA<\/h2>\n<\/div>\n<div class=\"js-long-description\">Facile da utilizzare e abbastanza versatile per qualunque stile chitarristico, il Champion 100 da 100 Watt \u00e8 la scelta ideale come potente amplificatore 2&#215;12&#8243; per fare pratica e come abbordabile amplificatore per il palco. I controlli semplici, gli effetti ricercati e le versatili sonorizzazioni dell&#8217;amplificatore permettono di comporre facilmente i suoni giusti per il rock, il blues, il metal, il country, il jazz e gli altri stili.<\/div>\n<div>\n<h3 class=\"col-md-12\">CARATTERISTICHE<\/h3>\n<div class=\"js-feature-bullets\">\n<ul>\n<li>100 Watt<\/li>\n<li>Due coni da 12\u201d Fender Special Design<\/li>\n<li>Due canali, ingresso singolo<\/li>\n<li>Riverbero, delay\/echo, chorus, tremolo, Vibratone e altri effetti<\/li>\n<li>Diverse sonorizzazioni dell&#8217;amplificatore e vari tipi di distorsione<\/li>\n<li>Ingresso ausiliario da 1\/8\u201d e jack di uscita cuffia<\/li>\n<\/ul>\n<\/div>\n<\/div>\n","protected":false},"featured_media":880,"template":"","meta":[],"product_brand":[],"product_cat":[125,142],"product_tag":[],"class_list":{"0":"post-879","1":"product","2":"type-product","3":"status-publish","4":"has-post-thumbnail","6":"product_cat-amplificatori","7":"product_cat-usato","9":"first","10":"instock","11":"shipping-taxable","12":"product-type-simple"},"_links":{"self":[{"href":"https:\/\/musicaliborgna.com\/index.php?rest_route=\/wp\/v2\/product\/879","targetHints":{"allow":["GET"]}}],"collection":[{"href":"https:\/\/musicaliborgna.com\/index.php?rest_route=\/wp\/v2\/product"}],"about":[{"href":"https:\/\/musicaliborgna.com\/index.php?rest_route=\/wp\/v2\/types\/product"}],"wp:featuredmedia":[{"embeddable":true,"href":"https:\/\/musicaliborgna.com\/index.php?rest_route=\/wp\/v2\/media\/880"}],"wp:attachment":[{"href":"https:\/\/musicaliborgna.com\/index.php?rest_route=%2Fwp%2Fv2%2Fmedia&parent=879"}],"wp:term":[{"taxonomy":"product_brand","embeddable":true,"href":"https:\/\/musicaliborgna.com\/index.php?rest_route=%2Fwp%2Fv2%2Fproduct_brand&post=879"},{"taxonomy":"product_cat","embeddable":true,"href":"https:\/\/musicaliborgna.com\/index.php?rest_route=%2Fwp%2Fv2%2Fproduct_cat&post=879"},{"taxonomy":"product_tag","embeddable":true,"href":"https:\/\/musicaliborgna.com\/index.php?rest_route=%2Fwp%2Fv2%2Fproduct_tag&post=879"}],"curies":[{"name":"wp","href":"https:\/\/api.w.org\/{rel}","templated":true}]}}