{"id":932,"date":"2024-03-20T09:22:20","date_gmt":"2024-03-20T09:22:20","guid":{"rendered":"https:\/\/musicaliborgna.com\/?post_type=product&#038;p=932"},"modified":"2024-03-20T09:22:20","modified_gmt":"2024-03-20T09:22:20","slug":"eko-guitars-mia-a400ce","status":"publish","type":"product","link":"https:\/\/musicaliborgna.com\/?product=eko-guitars-mia-a400ce","title":{"rendered":"EKO GUITARS &#8211; MIA A400CE"},"content":{"rendered":"<h2>PANORAMICA DELLA MIA A400ce DI EKO GUITARS<\/h2>\n<p>La MIA A400ce si presenta in colore Natural con finitura Gloss, con forma Auditorium spalla mancante, caratteristica che permette al chitarrista di raggiungere agevolmente i tasti pi\u00f9 acuti. La combinazione di Cedro Massello sul top e Ovangkol su fasce e fondo, frutto di una ricerca accurata, regala a questo strumento uno spettro timbrico molto ampio e sempre ben equilibrato su ogni singola corda. Caratteristica decisamente importante \u00e8 la presenza di un sistema di amplificazione molto performante, il Fishman Flex Blend: formato da piezo e microfono a condensatore interno, questo sistema permette di cogliere ogni sfumatura della chitarra grazie alla possibilit\u00e0 di aggiungere gradualmente al segnale del piezo il segnale ripreso dal microfono, tramite un potenziometro \u201cblend\u201d. Tra i controlli, oltre al Volume di uscita e al blend, sono presenti un accordatore a display (attivabile premendo il potenziometro del volume) e un controllo EQ che lavora in modalit\u00e0 \u201cmid-scooped\u201d: tenuto al minimo il segnale non viene equalizzato (flat), aumentando si vanno a ridurre gradualmente le medie frequenze in favore di basse e alte, molto comodo per ottenere un suono gi\u00e0 \u201cpronto\u201d per il mix. Nel caso in cui la chitarra dovesse avere problemi di feedback, situazione molto comune nell\u2019ambito acustico, \u00e8 possibile invertire la fase premendo il potenziometro dell\u2019EQ. L\u2019insieme di tutte queste caratteristiche rendono la MIA A400ce uno strumento adatto in contesti professionali, sia in studio di registrazione sia sul palco.<\/p>\n<h2>IL BRANKO ROSEWOOD<\/h2>\n<p>Dopo due decenni di ricerca la Blackwood Tek, partner di Algam dal 2015, ha messo a punto un processo ecologico, piantando foreste di Pini a ciclo corto in Nuova Zelanda (Pinus Radiata), che rispetta i requisiti del FSC (Forest Stewardship Council). Il processo produttivo fa s\u00ec che questo legno contenga poca umidit\u00e0 (solo il 5% circa), sia denso e resistente a cambiamenti di temperatura o umidit\u00e0. Ci\u00f2 significa che non risente degli sbalzi termici che incorrono durante il trasporto, ed \u00e8 subito pronto per essere utilizzato. Dando al Branko Wood una colorazione pi\u00f9 scura si ottiene un perfetto sostituto dell&#8217;Ebano, mentre con una colorazione pi\u00f9 chiara del Palissandro. Eko Guitars, parte della grande galassia Algam (che in Italia prende il nome di AlgamEko), dal 2021 utilizza Il Branko Rosewood sulle serie EVO, MIA e ALPS.<\/p>\n<h2>PUNTI DI FORZA DELLA MIA A400ce DI EKO GUITARS<\/h2>\n<ul>\n<li>Spessore della cassa armonica ribassato particolarmente comodo anche per ragazze, persone minute o per essere suonate in piedi;<\/li>\n<li>Finitura satinata del manico per mantenere intatto il contatto tra strumento e musicista, mentre il corpo mantiene lo splendore di un hi-gloss;<\/li>\n<li>Nei modelli A (Auditorium e A cutaway) larghezza del nut 46mm e scala di 630mm invece di 43mm\/648mm;<\/li>\n<li>Fishman Flex Blend con piezoelettrico, microfono, possibilit\u00e0 di blend tra i segnali, accordatore con funzione di mute, antifeedback e controllo di tono.<\/li>\n<li>\n<h2>SPECIFICHE DELLA MIA A400ce DI EKO GUITARS<\/h2>\n<p><strong>Colore<\/strong>: Natural<br \/>\n<strong>Forma Corpo<\/strong>: Auditorium Cutaway<br \/>\n<strong>Materiale Top:<\/strong>\u00a0Cedro Massello<br \/>\n<strong>Materiale Fasce e Fondo:<\/strong>\u00a0Ovangkol laminato 3 strati<br \/>\n<strong>Materiale Manico<\/strong>: Mogano<br \/>\n<strong>Materiale Tastiera:<\/strong>\u00a0Branko Rosewood<br \/>\n<strong>Forma Manico:<\/strong>\u00a0Eko Low C<br \/>\n<strong>Larghezza Capotasto:<\/strong>\u00a046 mm<br \/>\n<strong>Radius:<\/strong>\u00a014\u201d<br \/>\n<strong>Scala<\/strong>: 630 mm<br \/>\n<strong>Numero Tasti<\/strong>: 20<br \/>\n<strong>Tipologia Tasti:<\/strong>\u00a02.0mm x 1.0mm in Argento\/Nickel<br \/>\n<strong>Materiale Ponte:<\/strong>\u00a0South American Roupan\u00e0 (Parinari Campestris, Roupala Montana)<br \/>\n<strong>Finitura Corpo:<\/strong>\u00a0Gloss<br \/>\n<strong>Finitura Manico:<\/strong>\u00a0Satin<br \/>\n<strong>Meccaniche:<\/strong>\u00a0Eko Vintage Open gear Butterbean<br \/>\n<strong>Elettronica:<\/strong>\u00a0Fishman Flex Blend (piezo + microfono)<br \/>\n<strong>Controlli Elettronica:<\/strong>\u00a0Volume, Eq (mid scooped), Mic Blend, Phase Invert, Tuner<br \/>\n<strong>Custodia<\/strong>: Non Inclusa<br \/>\n<strong>Corde Consigliate:<\/strong>\u00a0Eko Bronze 12-53 Heavy Set\/6<\/p>\n<p><iframe loading=\"lazy\" title=\"Eko Guitars | Serie MIA (ITA)\" width=\"1220\" height=\"686\" src=\"https:\/\/www.youtube.com\/embed\/c5UGlJe2MBs?feature=oembed\" frameborder=\"0\" allow=\"accelerometer; autoplay; clipboard-write; encrypted-media; gyroscope; picture-in-picture; web-share\" allowfullscreen><\/iframe><\/li>\n<\/ul>\n","protected":false},"excerpt":{"rendered":"<h3>La MIA A400ce \u00e8 la chitarra acustica elettrificata di casa Eko Guitars, amplificata con sistema Fishman Flex Blend.<\/h3>\n<h3>Si presenta in forma Auditorium spalla mancante con Top in Cedro Massello, fasce e fondo in Ovangkol Laminato 3 strati,<\/h3>\n<h3>manico in Mogano e tastiera in Branko Rosewood.<\/h3>\n<h3>La MIA A400ce \u00e8 la chitarra acustica elettrificata di casa Eko Guitars, amplificata con sistema Fishman Flex Blend. Si presenta in forma Auditorium spalla mancante con Top in Cedro Massello, fasce e fondo in Ovangkol Laminato 3 strati, manico in Mogano e tastiera in Branko Rosewood. Ideale per il chitarrista che fa attivit\u00e0 live e in studio di registrazione.<\/h3>\n<p>&nbsp;<\/p>\n","protected":false},"featured_media":934,"template":"","meta":[],"product_brand":[],"product_cat":[128],"product_tag":[],"class_list":{"0":"post-932","1":"product","2":"type-product","3":"status-publish","4":"has-post-thumbnail","6":"product_cat-chitarre-e-bassi","8":"first","9":"instock","10":"shipping-taxable","11":"product-type-simple"},"_links":{"self":[{"href":"https:\/\/musicaliborgna.com\/index.php?rest_route=\/wp\/v2\/product\/932","targetHints":{"allow":["GET"]}}],"collection":[{"href":"https:\/\/musicaliborgna.com\/index.php?rest_route=\/wp\/v2\/product"}],"about":[{"href":"https:\/\/musicaliborgna.com\/index.php?rest_route=\/wp\/v2\/types\/product"}],"wp:featuredmedia":[{"embeddable":true,"href":"https:\/\/musicaliborgna.com\/index.php?rest_route=\/wp\/v2\/media\/934"}],"wp:attachment":[{"href":"https:\/\/musicaliborgna.com\/index.php?rest_route=%2Fwp%2Fv2%2Fmedia&parent=932"}],"wp:term":[{"taxonomy":"product_brand","embeddable":true,"href":"https:\/\/musicaliborgna.com\/index.php?rest_route=%2Fwp%2Fv2%2Fproduct_brand&post=932"},{"taxonomy":"product_cat","embeddable":true,"href":"https:\/\/musicaliborgna.com\/index.php?rest_route=%2Fwp%2Fv2%2Fproduct_cat&post=932"},{"taxonomy":"product_tag","embeddable":true,"href":"https:\/\/musicaliborgna.com\/index.php?rest_route=%2Fwp%2Fv2%2Fproduct_tag&post=932"}],"curies":[{"name":"wp","href":"https:\/\/api.w.org\/{rel}","templated":true}]}}