{"id":958,"date":"2024-03-20T16:41:05","date_gmt":"2024-03-20T16:41:05","guid":{"rendered":"https:\/\/musicaliborgna.com\/?post_type=product&#038;p=958"},"modified":"2024-03-20T16:41:06","modified_gmt":"2024-03-20T16:41:06","slug":"shure-sm58-microfono-dinamico-cardioide","status":"publish","type":"product","link":"https:\/\/musicaliborgna.com\/?product=shure-sm58-microfono-dinamico-cardioide","title":{"rendered":"SHURE &#8211; SM58 MICROFONO DINAMICO CARDIOIDE"},"content":{"rendered":"<h1><strong>Shure SM58<\/strong>\u00a0\u00e8 il\u00a0<strong>microfono dinamico per voce<\/strong>\u00a0pi\u00f9 famoso al mondo.\u00a0Unidirezionale con pattern\u00a0<strong>cardioide<\/strong>, vanta una struttura robusta con sistema antivibrazioni e griglia in acciaio che accoppiati ad una risposta in frequenza ottimizzata garantiscono un\u2019ottima resa del parlato e del cantato.<\/h1>\n<h1><img decoding=\"async\" title=\" Lo Shure SM58 \u00e8 il microfono dinamico pi\u00f9 usato al mondo\" src=\"https:\/\/www.algameko.com\/images\/uploads\/shure-sm58-live-performance_1540.jpg\" alt=\"Lo Shure SM58 \u00e8 il microfono dinamico pi\u00f9 usato al mondo\" \/><\/h1>\n<p>Progettato per gestire la voce con chiarezza e precisione, il microfono dinamico cardioide\u00a0<strong>Shure SM58\u00a0<\/strong>riproduce parlato e cantato riducendo al minimo il rumore circostante. Un prodotto ideale per applicazioni vocali professionali sul palco, in sala prove e nell\u2019home studio per la registrazione di brani musicali e podcast.<\/p>\n<p><img decoding=\"async\" title=\"Shure SM58 \u00e8 un ottimo microfono per podcast e home recording oltre che per la sala prove e le esibizioni sul palco\" src=\"https:\/\/www.algameko.com\/images\/uploads\/shure-sm58-podcast-live-streaming-home-recording_29cd.jpg\" alt=\"Shure SM58 \u00e8 un ottimo microfono per podcast e home recording oltre che per la sala prove e le esibizioni sul palco\" \/><\/p>\n<p>La struttura robusta di questo microfono con impugnatura in\u00a0metallo pressofuso\u00a0di colore grigio scuro,\u00a0smaltata, termina con una\u00a0griglia sferica in acciaio\u00a0argentato dalla finitura opaca che rende l\u2019SM58 uno dei microfoni pi\u00f9 durevoli, resistente agli urti e alle sollecitazioni quotidiane delle esibizioni live.<\/p>\n<p>All\u2019interno della\u00a0<strong>griglia antishock<\/strong>\u00a0che protegge la capsula da eventuali sollecitazioni vi \u00e8 integrato un\u00a0<strong>filtro anti-pop<\/strong>\u00a0in schiuma appositamente progettato per ridurre i rumori, le sibilanti, le plosive e per attenuare i disturbi indotti dal vento. Il\u00a0montaggio pneumatico evita che le vibrazioni e i rumori meccanici generati dalla manipolazione interferiscano con il segnale audio.<\/p>\n<p>Come tutti i prodotti\u00a0<strong>Shure<\/strong>, l\u2019<strong>SM58<\/strong>\u00a0viene costantemente sottoposto a prove prestazionali in conformit\u00e0 con gli standard di durevolezza ai quali ci ha abituato questo noto marchio americano: qualit\u00e0, robustezza e affidabilit\u00e0\u00a0<strong>Shure<\/strong>.<\/p>\n<p><img decoding=\"async\" title=\"Vista tridimensionale del campo di ripresa a diagramma cardioide del microfono Shure SM58\" src=\"https:\/\/www.algameko.com\/images\/uploads\/microfono-Shure-SM58-pattern-cardioide-3d_3a26.jpg\" alt=\"Vista tridimensionale del campo di ripresa a diagramma cardioide del microfono Shure SM58\" \/><\/p>\n<p>Il\u00a0<strong>diagramma cardioide<\/strong>\u00a0offre un guadagno elevato prima dell\u2019innescarsi dell\u2019effetto larsen e consente di isolare la sorgente sonora principale, riducendo la sensibilit\u00e0 nei confronti delle sorgenti al di fuori del campo di ripresa. All&#8217;aperto o in studio di registrazione, per cantanti, speaker e oratori, il\u00a0<strong>microfono Shure SM58\u00a0<\/strong>\u00e8 apprezzato e utilizzato quotidianamente da una vasta platea di professionisti in tutto il mondo.<\/p>\n<p><img decoding=\"async\" title=\" Analisi della risposta in frequenza su tre distinti range del diagramma cardioide del microfono Shure SM58\" src=\"https:\/\/www.algameko.com\/images\/uploads\/microfono-Shure-SM58-risposta-in-frequenza-pattern-diviso-frequenze_0c32.jpg\" alt=\"Analisi della risposta in frequenza su tre distinti range del diagramma cardioide del microfono Shure SM58\" \/><\/p>\n<p>La\u00a0<strong>risposta in frequenza<\/strong>\u00a0dai 50\u00a0ai\u00a015000Hz\u00a0\u00e8 stata modellata espressamente per la voce, con frequenze medie potenziate e un\u2019attenuazione nel range basso che consente di controllare l&#8217;effetto di prossimit\u00e0. Un picco di presenza nelle alte aumenta l&#8217;intelligibilit\u00e0 delle parole e consente alle voci di emergere nel mix con strumenti amplificati.<\/p>\n<p><img decoding=\"async\" title=\"Risposta in frequenza del microfono a gelato Shure SM58\" src=\"https:\/\/www.algameko.com\/images\/uploads\/Shure-SM58-risposta-in-frequenza_37e6.jpg\" alt=\"Risposta in frequenza del microfono a gelato Shure SM58\" \/><\/p>\n<p>Se nella vita hai sentito qualcuno cantare o parlare dal vivo in un microfono, molto probabilmente lo stava facendo con un\u00a0<strong>SM58<\/strong>. Rockstar, icone pop, comici, presidenti e Papi, attraverso la caratteristica griglia di questo\u00a0<strong>microfono a gelato<\/strong>\u00a0sono transitate, per generazioni, parole e note che hanno fatto la storia.\u00a0Su ogni palco, dal locale allo stadio, lo\u00a0<strong>Shure SM58<\/strong>\u00a0assicura ogni volta un audio nitido, piacevole, caldo.<\/p>\n<p><a href=\"https:\/\/www.algameko.com\/it\/microfoni-live\/shure\/sm58se\">\u00a0<\/a><\/p>\n<ul>\n<li>Microfono Dinamico (a bobina mobile)<\/li>\n<li>Risposta in frequenza: dai 50\u00a0ai\u00a015000Hz<\/li>\n<li>Diagramma polare: Cardioide<\/li>\n<li>Impedenza di uscita: 300\u03a9<\/li>\n<li>Dimensioni e peso: 162x51x23mm; 300 grammi<\/li>\n<li>Connettore: XLR maschio<\/li>\n<\/ul>\n<p>&nbsp;<\/p>\n<p>&nbsp;<\/p>\n<h2><a href=\"https:\/\/www.algameko.com\/it\/productsFT.php?str=A58WS\">\u00a0<\/a><a href=\"https:\/\/www.algameko.com\/it\/accessori-mic\/shure\/a55m\">\u00a0<\/a><a href=\"https:\/\/www.algameko.com\/it\/accessori-mic\/shure\/a26m\">\u00a0<\/a><a href=\"https:\/\/www.algameko.com\/it\/accessori-mic\/shure\/rk143g\">\u00a0<\/a><a href=\"https:\/\/www.algameko.com\/it\/accessori-mic\/shure\/r59\">\u00a0<\/a><\/h2>\n<p>&nbsp;<\/p>\n<p>&nbsp;<\/p>\n<h2><\/h2>\n<p>&nbsp;<\/p>\n<p>&nbsp;<\/p>\n<h1><\/h1>\n<p>&nbsp;<\/p>\n","protected":false},"excerpt":{"rendered":"<p>Il microfono dinamico cardioide a gelato per voce pi\u00f9 famoso e usato nel mondo, con risposta in frequenza dai 50\u00a0ai\u00a015kHz.<\/p>\n<p>Robusto, supporta un\u2019elevata pressione sonora, offre un ampio guadagno e una bassa sensibilit\u00e0 ai larsen.<\/p>\n","protected":false},"featured_media":959,"template":"","meta":[],"product_brand":[],"product_cat":[148],"product_tag":[],"class_list":{"0":"post-958","1":"product","2":"type-product","3":"status-publish","4":"has-post-thumbnail","6":"product_cat-microfoni","8":"first","9":"instock","10":"shipping-taxable","11":"product-type-simple"},"_links":{"self":[{"href":"https:\/\/musicaliborgna.com\/index.php?rest_route=\/wp\/v2\/product\/958","targetHints":{"allow":["GET"]}}],"collection":[{"href":"https:\/\/musicaliborgna.com\/index.php?rest_route=\/wp\/v2\/product"}],"about":[{"href":"https:\/\/musicaliborgna.com\/index.php?rest_route=\/wp\/v2\/types\/product"}],"wp:featuredmedia":[{"embeddable":true,"href":"https:\/\/musicaliborgna.com\/index.php?rest_route=\/wp\/v2\/media\/959"}],"wp:attachment":[{"href":"https:\/\/musicaliborgna.com\/index.php?rest_route=%2Fwp%2Fv2%2Fmedia&parent=958"}],"wp:term":[{"taxonomy":"product_brand","embeddable":true,"href":"https:\/\/musicaliborgna.com\/index.php?rest_route=%2Fwp%2Fv2%2Fproduct_brand&post=958"},{"taxonomy":"product_cat","embeddable":true,"href":"https:\/\/musicaliborgna.com\/index.php?rest_route=%2Fwp%2Fv2%2Fproduct_cat&post=958"},{"taxonomy":"product_tag","embeddable":true,"href":"https:\/\/musicaliborgna.com\/index.php?rest_route=%2Fwp%2Fv2%2Fproduct_tag&post=958"}],"curies":[{"name":"wp","href":"https:\/\/api.w.org\/{rel}","templated":true}]}}