{"id":995,"date":"2024-03-23T09:58:16","date_gmt":"2024-03-23T09:58:16","guid":{"rendered":"https:\/\/musicaliborgna.com\/?post_type=product&#038;p=995"},"modified":"2024-04-05T07:36:07","modified_gmt":"2024-04-05T07:36:07","slug":"dsk-1500v-led-vertical-fog-machine-21-x-3-w-rgb-leds-advanced-anti-squirting-plus-technology","status":"publish","type":"product","link":"https:\/\/musicaliborgna.com\/?product=dsk-1500v-led-vertical-fog-machine-21-x-3-w-rgb-leds-advanced-anti-squirting-plus-technology","title":{"rendered":"DSK-1500V &#8211; LED vertical fog machine, 21 x 3 W RGB LEDs, advanced anti-squirting plus technology"},"content":{"rendered":"<p><strong>Caratteristiche principali<\/strong><\/p>\n<ul>\n<li>21 LED RGB da 3 W producono un effetto nebbia colorato<\/li>\n<li>Pu\u00f2 essere posizionata orizzontalmente o su un lato, oppure appesa a testa in gi\u00f9<\/li>\n<li>Tecnologia brevettata\u00a0<em>Immediate-Stop<\/em><\/li>\n<li>Tecnologia avanzata\u00a0<em>Anti-Spray Plus<\/em>, che riduce notevolmente la probabilit\u00e0 di spruzzi d&#8217;acqua<\/li>\n<li>Protezione avanzata senza liquidi<\/li>\n<li>Sistema di controllo della temperatura unico<\/li>\n<li>Il sistema di riscaldamento adotta la tecnologia brevettata MIRROR (MIRROR Pipe) per evitare intasamenti<\/li>\n<li>Pulsante per standby<\/li>\n<li>Controllo display digitale, controllo wireless e controllo DMX a 3 e 5-pin<\/li>\n<li>Da utilizzare con il fluido professionale per nebbia fine DJPOWER PRO-V<iframe loading=\"lazy\" title=\"DSK-1500V   LED  Professional  Fogger\" width=\"1220\" height=\"686\" src=\"https:\/\/www.youtube.com\/embed\/LAQ4vrEZ39Y?feature=oembed\" frameborder=\"0\" allow=\"accelerometer; autoplay; clipboard-write; encrypted-media; gyroscope; picture-in-picture; web-share\" referrerpolicy=\"strict-origin-when-cross-origin\" allowfullscreen><\/iframe><\/li>\n<\/ul>\n","protected":false},"excerpt":{"rendered":"<p>DSK-1500V \u00e8 una macchina del fumo verticale in grado lanciare un getto verticale di fumo a base d&#8217;acqua simile alla nebbia e contemporaneamente illuminarlo con 21 LED ad alta potenza (3 W cad.).<\/p>\n<p>Ancora pi\u00f9 importante, con l&#8217;esclusiva tecnologia brevettata\u00a0<em>Immediate-Stop<\/em>\u00a0di DJPOWER, eroga e si ferma in modo sincrono e preciso, mentre con la pi\u00f9 recente tecnologia\u00a0<em>Anti-Spray Plus<\/em>\u00a0che riduce notevolmente la probabilit\u00e0 di spruzzi d&#8217;acqua, \u00e8 ancora pi\u00f9 sicura, non importa se appesa o posta sul pavimento.<\/p>\n","protected":false},"featured_media":996,"template":"","meta":[],"product_brand":[],"product_cat":[135],"product_tag":[],"class_list":{"0":"post-995","1":"product","2":"type-product","3":"status-publish","4":"has-post-thumbnail","6":"product_cat-luci","8":"first","9":"instock","10":"shipping-taxable","11":"product-type-simple"},"_links":{"self":[{"href":"https:\/\/musicaliborgna.com\/index.php?rest_route=\/wp\/v2\/product\/995","targetHints":{"allow":["GET"]}}],"collection":[{"href":"https:\/\/musicaliborgna.com\/index.php?rest_route=\/wp\/v2\/product"}],"about":[{"href":"https:\/\/musicaliborgna.com\/index.php?rest_route=\/wp\/v2\/types\/product"}],"wp:featuredmedia":[{"embeddable":true,"href":"https:\/\/musicaliborgna.com\/index.php?rest_route=\/wp\/v2\/media\/996"}],"wp:attachment":[{"href":"https:\/\/musicaliborgna.com\/index.php?rest_route=%2Fwp%2Fv2%2Fmedia&parent=995"}],"wp:term":[{"taxonomy":"product_brand","embeddable":true,"href":"https:\/\/musicaliborgna.com\/index.php?rest_route=%2Fwp%2Fv2%2Fproduct_brand&post=995"},{"taxonomy":"product_cat","embeddable":true,"href":"https:\/\/musicaliborgna.com\/index.php?rest_route=%2Fwp%2Fv2%2Fproduct_cat&post=995"},{"taxonomy":"product_tag","embeddable":true,"href":"https:\/\/musicaliborgna.com\/index.php?rest_route=%2Fwp%2Fv2%2Fproduct_tag&post=995"}],"curies":[{"name":"wp","href":"https:\/\/api.w.org\/{rel}","templated":true}]}}